{"id":37010,"date":"2025-02-03T15:16:52","date_gmt":"2025-02-03T13:16:52","guid":{"rendered":"https:\/\/viajandodo.com\/voyages-organises-pour-les-familles\/"},"modified":"2026-02-26T10:01:15","modified_gmt":"2026-02-26T08:01:15","slug":"voyages-organises-familles","status":"publish","type":"page","link":"https:\/\/viajandodo.com\/fr\/voyages-organises-familles\/","title":{"rendered":"VOYAGES ORGANIS\u00c9S POUR LES FAMILLES"},"content":{"rendered":"\t\t<div data-elementor-type=\"wp-page\" data-elementor-id=\"37010\" class=\"elementor elementor-37010\" data-elementor-post-type=\"page\">\n\t\t\t\t\t\t<section class=\"elementor-section elementor-top-section elementor-element elementor-element-081f686 elementor-section-height-min-height elementor-section-content-middle elementor-section-stretched elementor-section-boxed elementor-section-height-default elementor-section-items-middle\" data-id=\"081f686\" data-element_type=\"section\" data-e-type=\"section\" data-settings=\"{&quot;stretch_section&quot;:&quot;section-stretched&quot;,&quot;background_background&quot;:&quot;classic&quot;,&quot;shape_divider_bottom&quot;:&quot;waves&quot;}\">\n\t\t\t\t\t\t\t<div class=\"elementor-background-overlay\"><\/div>\n\t\t\t\t\t\t<div class=\"elementor-shape elementor-shape-bottom\" aria-hidden=\"true\" data-negative=\"false\">\n\t\t\t<svg xmlns=\"http:\/\/www.w3.org\/2000\/svg\" viewBox=\"0 0 1000 100\" preserveAspectRatio=\"none\">\n\t<path class=\"elementor-shape-fill\" d=\"M421.9,6.5c22.6-2.5,51.5,0.4,75.5,5.3c23.6,4.9,70.9,23.5,100.5,35.7c75.8,32.2,133.7,44.5,192.6,49.7\n\tc23.6,2.1,48.7,3.5,103.4-2.5c54.7-6,106.2-25.6,106.2-25.6V0H0v30.3c0,0,72,32.6,158.4,30.5c39.2-0.7,92.8-6.7,134-22.4\n\tc21.2-8.1,52.2-18.2,79.7-24.2C399.3,7.9,411.6,7.5,421.9,6.5z\"\/>\n<\/svg>\t\t<\/div>\n\t\t\t\t\t<div class=\"elementor-container elementor-column-gap-default\">\n\t\t\t\t\t<div class=\"elementor-column elementor-col-100 elementor-top-column elementor-element elementor-element-bbb3980\" data-id=\"bbb3980\" data-element_type=\"column\" data-e-type=\"column\">\n\t\t\t<div class=\"elementor-widget-wrap elementor-element-populated\">\n\t\t\t\t\t\t\t<\/div>\n\t\t<\/div>\n\t\t\t\t\t<\/div>\n\t\t<\/section>\n\t\t\t\t<section class=\"elementor-section elementor-top-section elementor-element elementor-element-b206e96 elementor-section-content-middle elementor-section-boxed elementor-section-height-default elementor-section-height-default\" data-id=\"b206e96\" data-element_type=\"section\" data-e-type=\"section\">\n\t\t\t\t\t\t<div class=\"elementor-container elementor-column-gap-wider\">\n\t\t\t\t\t<div class=\"elementor-column elementor-col-100 elementor-top-column elementor-element elementor-element-614a28d\" data-id=\"614a28d\" data-element_type=\"column\" data-e-type=\"column\">\n\t\t\t<div class=\"elementor-widget-wrap elementor-element-populated\">\n\t\t\t\t\t\t<div class=\"elementor-element elementor-element-82cca0a elementor-widget elementor-widget-heading\" data-id=\"82cca0a\" data-element_type=\"widget\" data-e-type=\"widget\" data-widget_type=\"heading.default\">\n\t\t\t\t\t<h3 class=\"elementor-heading-title elementor-size-default\">POURQUOI VOYAGER AVEC <strong>VIAJANDODO &amp; DRIMER<\/strong>?<\/h3>\t\t\t\t<\/div>\n\t\t\t\t<div class=\"elementor-element elementor-element-9864b8f elementor-widget-divider--view-line elementor-widget elementor-widget-divider\" data-id=\"9864b8f\" data-element_type=\"widget\" data-e-type=\"widget\" data-widget_type=\"divider.default\">\n\t\t\t\t\t\t\t<div class=\"elementor-divider\">\n\t\t\t<span class=\"elementor-divider-separator\">\n\t\t\t\t\t\t<\/span>\n\t\t<\/div>\n\t\t\t\t\t\t<\/div>\n\t\t\t\t<div class=\"elementor-element elementor-element-3e21824 elementor-widget elementor-widget-text-editor\" data-id=\"3e21824\" data-element_type=\"widget\" data-e-type=\"widget\" data-widget_type=\"text-editor.default\">\n\t\t\t\t\t\t\t\t\t<p>Pour r\u00e9pondre \u00e0 cette question, nous pensons qu\u2019il est pr\u00e9f\u00e9rable de commencer par dire qui nous sommes :<\/p><p> <\/p><ul><li><strong>VIAJANDODO :<\/strong> une famille voyageuse compos\u00e9e de Lourdes, Vincent et des petites Avril et Alba. Nos aventures \u00e0 travers le monde inspirent ce blog de voyage.  <\/li><\/ul><p> <\/p><ul><li><strong>DRIMER:<\/strong> Une plateforme num\u00e9rique cr\u00e9\u00e9e sp\u00e9cialement pour les cr\u00e9ateurs de contenu comme nous, qui nous a permis de donner vie \u00e0 nos propres voyages afin que vous puissiez d\u00e9sormais profiter d&rsquo;une exp\u00e9rience similaire avec vos enfants.<\/li><\/ul><p> <\/p><p><em>Le modus operandi<\/em> de cette synergie est tr\u00e8s simple \u00e0 comprendre : nous cr\u00e9ons des itin\u00e9raires de voyage id\u00e9aux pour les familles dans diff\u00e9rentes destinations que nous avons d\u00e9j\u00e0 visit\u00e9es, et Drimer et son \u00e9quipe g\u00e8rent toute la logistique.<\/p><p> <\/p><p>Bien s\u00fbr, vous pouvez toujours nous contacter via notre compte <strong>Instagram <a href=\"https:\/\/www.instagram.com\/viajandodo\/\" target=\"_blank\" rel=\"noopener\">@viajandodo<\/a><\/strong> ou par e-mail \u00e0 <strong>info@viajandodo.com <\/strong>pour toute question. Nous sommes l\u00e0 pour vous aider et vous proposer les meilleures recommandations de voyage pour une exp\u00e9rience unique. <\/p><p> <\/p><p><strong>LES AVANTAGES DE VOYAGER AVEC DRIMER<\/strong><\/p><p> <\/p><ul><li><strong>Itin\u00e9raire con\u00e7u par une vraie famille de voyageurs <\/strong><\/li><\/ul><p> <\/p><ul><li><span style=\"font-weight: 400;\"><strong>Flexibilit\u00e9:<\/strong> tous les \u00e9l\u00e9ments du voyage peuvent \u00eatre personnalis\u00e9s en fonction de l&rsquo;itin\u00e9raire de base : dur\u00e9e, h\u00e9bergements, activit\u00e9s&#8230;<\/span><\/li><\/ul><p> <\/p><ul><li><strong>R\u00e9servez avec une remise de 25% !<\/strong><\/li><\/ul><p> <\/p><ul><li><span style=\"font-weight: 400;\"><strong>Annulation gratuite:<\/strong> r\u00e9serve sans engagement<\/span><\/li><\/ul><p> <\/p><ul><li><strong>Vous ne payez rien jusqu&rsquo;\u00e0 juste avant le voyage.<\/strong><\/li><\/ul><p> <\/p><ul><li><strong>Gagnez des \u20ac sur vos prochaines r\u00e9servations<\/strong><\/li><\/ul><p> <\/p><ul><li><strong>Paiements flexibles<\/strong><\/li><\/ul><p> <\/p><ul><li><span style=\"font-weight: 400;\"><strong>Service et conseils personnalis\u00e9s via WhatsApp<\/strong> pour l&rsquo;ensemble du voyage ainsi que pour les extras non inclus, comme les vols.<\/span><\/li><\/ul><p> <\/p><p> <\/p>\t\t\t\t\t\t\t\t<\/div>\n\t\t\t\t\t<\/div>\n\t\t<\/div>\n\t\t\t\t\t<\/div>\n\t\t<\/section>\n\t\t\t\t<section class=\"elementor-section elementor-top-section elementor-element elementor-element-0c275e1 elementor-section-content-middle elementor-section-stretched elementor-section-boxed elementor-section-height-default elementor-section-height-default\" data-id=\"0c275e1\" data-element_type=\"section\" data-e-type=\"section\" data-settings=\"{&quot;stretch_section&quot;:&quot;section-stretched&quot;,&quot;background_background&quot;:&quot;classic&quot;,&quot;shape_divider_top&quot;:&quot;waves&quot;,&quot;shape_divider_top_negative&quot;:&quot;yes&quot;,&quot;shape_divider_bottom&quot;:&quot;waves&quot;}\">\n\t\t\t\t\t<div class=\"elementor-shape elementor-shape-top\" aria-hidden=\"true\" data-negative=\"true\">\n\t\t\t<svg xmlns=\"http:\/\/www.w3.org\/2000\/svg\" viewBox=\"0 0 1000 100\" preserveAspectRatio=\"none\">\n\t<path class=\"elementor-shape-fill\" d=\"M790.5,93.1c-59.3-5.3-116.8-18-192.6-50c-29.6-12.7-76.9-31-100.5-35.9c-23.6-4.9-52.6-7.8-75.5-5.3\n\tc-10.2,1.1-22.6,1.4-50.1,7.4c-27.2,6.3-58.2,16.6-79.4,24.7c-41.3,15.9-94.9,21.9-134,22.6C72,58.2,0,25.8,0,25.8V100h1000V65.3\n\tc0,0-51.5,19.4-106.2,25.7C839.5,97,814.1,95.2,790.5,93.1z\"\/>\n<\/svg>\t\t<\/div>\n\t\t\t\t<div class=\"elementor-shape elementor-shape-bottom\" aria-hidden=\"true\" data-negative=\"false\">\n\t\t\t<svg xmlns=\"http:\/\/www.w3.org\/2000\/svg\" viewBox=\"0 0 1000 100\" preserveAspectRatio=\"none\">\n\t<path class=\"elementor-shape-fill\" d=\"M421.9,6.5c22.6-2.5,51.5,0.4,75.5,5.3c23.6,4.9,70.9,23.5,100.5,35.7c75.8,32.2,133.7,44.5,192.6,49.7\n\tc23.6,2.1,48.7,3.5,103.4-2.5c54.7-6,106.2-25.6,106.2-25.6V0H0v30.3c0,0,72,32.6,158.4,30.5c39.2-0.7,92.8-6.7,134-22.4\n\tc21.2-8.1,52.2-18.2,79.7-24.2C399.3,7.9,411.6,7.5,421.9,6.5z\"\/>\n<\/svg>\t\t<\/div>\n\t\t\t\t\t<div class=\"elementor-container elementor-column-gap-default\">\n\t\t\t\t\t<div class=\"elementor-column elementor-col-100 elementor-top-column elementor-element elementor-element-340ebbd\" data-id=\"340ebbd\" data-element_type=\"column\" data-e-type=\"column\">\n\t\t\t<div class=\"elementor-widget-wrap elementor-element-populated\">\n\t\t\t\t\t\t<div class=\"elementor-element elementor-element-bec2510 elementor-widget elementor-widget-heading\" data-id=\"bec2510\" data-element_type=\"widget\" data-e-type=\"widget\" data-widget_type=\"heading.default\">\n\t\t\t\t\t<h2 class=\"elementor-heading-title elementor-size-default\">VOYAGES ORGANIS\u00c9S POUR LES FAMILLES<\/h2>\t\t\t\t<\/div>\n\t\t\t\t\t<\/div>\n\t\t<\/div>\n\t\t\t\t\t<\/div>\n\t\t<\/section>\n\t\t\t\t<section class=\"elementor-section elementor-top-section elementor-element elementor-element-64ebec3 elementor-section-boxed elementor-section-height-default elementor-section-height-default\" data-id=\"64ebec3\" data-element_type=\"section\" data-e-type=\"section\">\n\t\t\t\t\t\t<div class=\"elementor-container elementor-column-gap-default\">\n\t\t\t\t\t<div class=\"elementor-column elementor-col-100 elementor-top-column elementor-element elementor-element-589bd80\" data-id=\"589bd80\" data-element_type=\"column\" data-e-type=\"column\">\n\t\t\t<div class=\"elementor-widget-wrap elementor-element-populated\">\n\t\t\t\t\t\t<div class=\"elementor-element elementor-element-4b2a731 elementor-widget elementor-widget-spacer\" data-id=\"4b2a731\" data-element_type=\"widget\" data-e-type=\"widget\" data-widget_type=\"spacer.default\">\n\t\t\t\t\t\t\t<div class=\"elementor-spacer\">\n\t\t\t<div class=\"elementor-spacer-inner\"><\/div>\n\t\t<\/div>\n\t\t\t\t\t\t<\/div>\n\t\t\t\t\t<\/div>\n\t\t<\/div>\n\t\t\t\t\t<\/div>\n\t\t<\/section>\n\t\t\t\t<section class=\"elementor-section elementor-top-section elementor-element elementor-element-565f5ef elementor-section-boxed elementor-section-height-default elementor-section-height-default\" data-id=\"565f5ef\" data-element_type=\"section\" data-e-type=\"section\">\n\t\t\t\t\t\t<div class=\"elementor-container elementor-column-gap-default\">\n\t\t\t\t\t<div class=\"elementor-column elementor-col-50 elementor-top-column elementor-element elementor-element-5c34b59\" data-id=\"5c34b59\" data-element_type=\"column\" data-e-type=\"column\">\n\t\t\t<div class=\"elementor-widget-wrap elementor-element-populated\">\n\t\t\t\t\t\t<div class=\"elementor-element elementor-element-e5a8e86 elementor-widget elementor-widget-image\" data-id=\"e5a8e86\" data-element_type=\"widget\" data-e-type=\"widget\" data-widget_type=\"image.default\">\n\t\t\t\t\t\t\t\t\t\t\t\t\t\t\t<img decoding=\"async\" src=\"https:\/\/viajandodo.com\/wp-content\/uploads\/elementor\/thumbs\/VIAJE-PARA-FAMILIAS-NEW-YORK-r0ysm6mnstfo08ev2gfls7ni4f1u7j7199we0la1e0.jpg\" title=\"VIAJE-PARA-FAMILIAS-NEW-YORK\" alt=\"VIAJE-PARA-FAMILIAS-NEW-YORK\" loading=\"lazy\" \/>\t\t\t\t\t\t\t\t\t\t\t\t\t\t\t<\/div>\n\t\t\t\t\t<\/div>\n\t\t<\/div>\n\t\t\t\t<div class=\"elementor-column elementor-col-50 elementor-top-column elementor-element elementor-element-4792f4e\" data-id=\"4792f4e\" data-element_type=\"column\" data-e-type=\"column\">\n\t\t\t<div class=\"elementor-widget-wrap elementor-element-populated\">\n\t\t\t\t\t\t<div class=\"elementor-element elementor-element-1fe8209 elementor-widget elementor-widget-text-editor\" data-id=\"1fe8209\" data-element_type=\"widget\" data-e-type=\"widget\" data-widget_type=\"text-editor.default\">\n\t\t\t\t\t\t\t\t\t<p><span style=\"color: #008080;\"><strong>NEW YORK &#8211; 7 JOURS DE VOAYGE EN FAMILLE \u00c0 LA GRANDE POMME<\/strong><\/span><\/p><p>Visitez l&rsquo;imposante <strong>Statue de la Libert\u00e9<\/strong> sur Ellis Island et profitez de l&rsquo;un des parcs les plus c\u00e9l\u00e8bres au monde, <strong>Central Park<\/strong>. D\u00e9couvrez \u00e9galement <strong>Times Square<\/strong>, le quartier qui ne dort jamais, avec ses \u00e9crans g\u00e9ants et ses nombreuses boutiques. Laissez-vous \u00e9blouir par la fascinante <strong>skyline de Manhattan<\/strong> ou passez un merveilleux moment dans l&rsquo;un des mus\u00e9es les plus impressionnants au monde : <strong>le Mus\u00e9e d&rsquo;histoire naturelle de New York.<\/strong>  <\/p><p><strong>Inclus:<\/strong><\/p><ul><li class=\"flex items-start gap-2\">Logement<\/li><li class=\"flex items-start gap-2\">Activit\u00e9s<\/li><li class=\"flex items-start gap-2\">Petit d\u00e9jeuner<\/li><li class=\"flex items-start gap-2\">Attention personnalis\u00e9e<\/li><\/ul>\t\t\t\t\t\t\t\t<\/div>\n\t\t\t\t<div class=\"elementor-element elementor-element-41f839f elementor-align-center elementor-widget elementor-widget-button\" data-id=\"41f839f\" data-element_type=\"widget\" data-e-type=\"widget\" data-widget_type=\"button.default\">\n\t\t\t\t\t\t\t\t\t\t<a class=\"elementor-button elementor-button-link elementor-size-sm\" href=\"https:\/\/drimer.travel\/es\/@viajandodo\/trip\/descubre-nueva-york-con-tus-ninos\/information\" target=\"_blank\">\n\t\t\t\t\t\t<span class=\"elementor-button-content-wrapper\">\n\t\t\t\t\t\t\t\t\t<span class=\"elementor-button-text\">R\u00c9SERVER<\/span>\n\t\t\t\t\t<\/span>\n\t\t\t\t\t<\/a>\n\t\t\t\t\t\t\t\t<\/div>\n\t\t\t\t\t<\/div>\n\t\t<\/div>\n\t\t\t\t\t<\/div>\n\t\t<\/section>\n\t\t\t\t<section class=\"elementor-section elementor-top-section elementor-element elementor-element-014cc7a elementor-section-boxed elementor-section-height-default elementor-section-height-default\" data-id=\"014cc7a\" data-element_type=\"section\" data-e-type=\"section\">\n\t\t\t\t\t\t<div class=\"elementor-container elementor-column-gap-default\">\n\t\t\t\t\t<div class=\"elementor-column elementor-col-100 elementor-top-column elementor-element elementor-element-5714460\" data-id=\"5714460\" data-element_type=\"column\" data-e-type=\"column\">\n\t\t\t<div class=\"elementor-widget-wrap elementor-element-populated\">\n\t\t\t\t\t\t<div class=\"elementor-element elementor-element-68a428d elementor-widget elementor-widget-spacer\" data-id=\"68a428d\" data-element_type=\"widget\" data-e-type=\"widget\" data-widget_type=\"spacer.default\">\n\t\t\t\t\t\t\t<div class=\"elementor-spacer\">\n\t\t\t<div class=\"elementor-spacer-inner\"><\/div>\n\t\t<\/div>\n\t\t\t\t\t\t<\/div>\n\t\t\t\t\t<\/div>\n\t\t<\/div>\n\t\t\t\t\t<\/div>\n\t\t<\/section>\n\t\t\t\t<section class=\"elementor-section elementor-top-section elementor-element elementor-element-fc90d1e elementor-section-boxed elementor-section-height-default elementor-section-height-default\" data-id=\"fc90d1e\" data-element_type=\"section\" data-e-type=\"section\">\n\t\t\t\t\t\t<div class=\"elementor-container elementor-column-gap-default\">\n\t\t\t\t\t<div class=\"elementor-column elementor-col-100 elementor-top-column elementor-element elementor-element-956db61\" data-id=\"956db61\" data-element_type=\"column\" data-e-type=\"column\">\n\t\t\t<div class=\"elementor-widget-wrap elementor-element-populated\">\n\t\t\t\t\t\t<div class=\"elementor-element elementor-element-1aead0c elementor-widget elementor-widget-spacer\" data-id=\"1aead0c\" data-element_type=\"widget\" data-e-type=\"widget\" data-widget_type=\"spacer.default\">\n\t\t\t\t\t\t\t<div class=\"elementor-spacer\">\n\t\t\t<div class=\"elementor-spacer-inner\"><\/div>\n\t\t<\/div>\n\t\t\t\t\t\t<\/div>\n\t\t\t\t\t<\/div>\n\t\t<\/div>\n\t\t\t\t\t<\/div>\n\t\t<\/section>\n\t\t\t\t<\/div>\n\t\t","protected":false},"excerpt":{"rendered":"<p>POURQUOI VOYAGER AVEC VIAJANDODO &amp; DRIMER? Pour r\u00e9pondre \u00e0 cette question, nous pensons qu\u2019il est pr\u00e9f\u00e9rable de commencer par dire qui nous sommes : VIAJANDODO : une famille voyageuse compos\u00e9e de Lourdes, Vincent et des petites Avril et Alba. Nos aventures \u00e0 travers le monde inspirent ce blog de voyage. DRIMER: Une plateforme num\u00e9rique cr\u00e9\u00e9e [&hellip;]<\/p>\n","protected":false},"author":1,"featured_media":0,"parent":0,"menu_order":0,"comment_status":"closed","ping_status":"closed","template":"","meta":{"footnotes":""},"class_list":["post-37010","page","type-page","status-publish","hentry"],"yoast_head":"<!-- This site is optimized with the Yoast SEO plugin v27.3 - https:\/\/yoast.com\/product\/yoast-seo-wordpress\/ -->\n<title>VOYAGES ORGANIS\u00c9S POUR LES FAMILLES - Viajandodo<\/title>\n<meta name=\"robots\" content=\"index, follow, max-snippet:-1, max-image-preview:large, max-video-preview:-1\" \/>\n<link rel=\"canonical\" href=\"https:\/\/viajandodo.com\/fr\/voyages-organises-familles\/\" \/>\n<meta property=\"og:locale\" content=\"fr_FR\" \/>\n<meta property=\"og:type\" content=\"article\" \/>\n<meta property=\"og:title\" content=\"VOYAGES ORGANIS\u00c9S POUR LES FAMILLES - Viajandodo\" \/>\n<meta property=\"og:description\" content=\"POURQUOI VOYAGER AVEC VIAJANDODO &amp; DRIMER? Pour r\u00e9pondre \u00e0 cette question, nous pensons qu\u2019il est pr\u00e9f\u00e9rable de commencer par dire qui nous sommes : VIAJANDODO : une famille voyageuse compos\u00e9e de Lourdes, Vincent et des petites Avril et Alba. Nos aventures \u00e0 travers le monde inspirent ce blog de voyage. DRIMER: Une plateforme num\u00e9rique cr\u00e9\u00e9e [&hellip;]\" \/>\n<meta property=\"og:url\" content=\"https:\/\/viajandodo.com\/fr\/voyages-organises-familles\/\" \/>\n<meta property=\"og:site_name\" content=\"Viajandodo\" \/>\n<meta property=\"article:publisher\" content=\"https:\/\/www.facebook.com\/blogviajandodo\" \/>\n<meta property=\"article:modified_time\" content=\"2026-02-26T08:01:15+00:00\" \/>\n<meta property=\"og:image\" content=\"https:\/\/viajandodo.com\/wp-content\/uploads\/elementor\/thumbs\/VIAJE-PARA-FAMILIAS-NEW-YORK-r0ysm6mnstfo08ev2gfls7ni4f1u7j7199we0la1e0.jpg\" \/>\n<meta name=\"twitter:label1\" content=\"Dur\u00e9e de lecture estim\u00e9e\" \/>\n\t<meta name=\"twitter:data1\" content=\"2 minutes\" \/>\n<script type=\"application\/ld+json\" class=\"yoast-schema-graph\">{\"@context\":\"https:\\\/\\\/schema.org\",\"@graph\":[{\"@type\":\"WebPage\",\"@id\":\"https:\\\/\\\/viajandodo.com\\\/fr\\\/voyages-organises-familles\\\/\",\"url\":\"https:\\\/\\\/viajandodo.com\\\/fr\\\/voyages-organises-familles\\\/\",\"name\":\"VOYAGES ORGANIS\u00c9S POUR LES FAMILLES - Viajandodo\",\"isPartOf\":{\"@id\":\"https:\\\/\\\/viajandodo.com\\\/fr\\\/#website\"},\"primaryImageOfPage\":{\"@id\":\"https:\\\/\\\/viajandodo.com\\\/fr\\\/voyages-organises-familles\\\/#primaryimage\"},\"image\":{\"@id\":\"https:\\\/\\\/viajandodo.com\\\/fr\\\/voyages-organises-familles\\\/#primaryimage\"},\"thumbnailUrl\":\"https:\\\/\\\/viajandodo.com\\\/wp-content\\\/uploads\\\/elementor\\\/thumbs\\\/VIAJE-PARA-FAMILIAS-NEW-YORK-r0ysm6mnstfo08ev2gfls7ni4f1u7j7199we0la1e0.jpg\",\"datePublished\":\"2025-02-03T13:16:52+00:00\",\"dateModified\":\"2026-02-26T08:01:15+00:00\",\"breadcrumb\":{\"@id\":\"https:\\\/\\\/viajandodo.com\\\/fr\\\/voyages-organises-familles\\\/#breadcrumb\"},\"inLanguage\":\"fr-FR\",\"potentialAction\":[{\"@type\":\"ReadAction\",\"target\":[\"https:\\\/\\\/viajandodo.com\\\/fr\\\/voyages-organises-familles\\\/\"]}]},{\"@type\":\"ImageObject\",\"inLanguage\":\"fr-FR\",\"@id\":\"https:\\\/\\\/viajandodo.com\\\/fr\\\/voyages-organises-familles\\\/#primaryimage\",\"url\":\"https:\\\/\\\/viajandodo.com\\\/wp-content\\\/uploads\\\/elementor\\\/thumbs\\\/VIAJE-PARA-FAMILIAS-NEW-YORK-r0ysm6mnstfo08ev2gfls7ni4f1u7j7199we0la1e0.jpg\",\"contentUrl\":\"https:\\\/\\\/viajandodo.com\\\/wp-content\\\/uploads\\\/elementor\\\/thumbs\\\/VIAJE-PARA-FAMILIAS-NEW-YORK-r0ysm6mnstfo08ev2gfls7ni4f1u7j7199we0la1e0.jpg\"},{\"@type\":\"BreadcrumbList\",\"@id\":\"https:\\\/\\\/viajandodo.com\\\/fr\\\/voyages-organises-familles\\\/#breadcrumb\",\"itemListElement\":[{\"@type\":\"ListItem\",\"position\":1,\"name\":\"Portada\",\"item\":\"https:\\\/\\\/viajandodo.com\\\/fr\\\/\"},{\"@type\":\"ListItem\",\"position\":2,\"name\":\"VOYAGES ORGANIS\u00c9S POUR LES FAMILLES\"}]},{\"@type\":\"WebSite\",\"@id\":\"https:\\\/\\\/viajandodo.com\\\/fr\\\/#website\",\"url\":\"https:\\\/\\\/viajandodo.com\\\/fr\\\/\",\"name\":\"Viajandodo\",\"description\":\"Un blog de viajes en familia\",\"publisher\":{\"@id\":\"https:\\\/\\\/viajandodo.com\\\/fr\\\/#organization\"},\"potentialAction\":[{\"@type\":\"SearchAction\",\"target\":{\"@type\":\"EntryPoint\",\"urlTemplate\":\"https:\\\/\\\/viajandodo.com\\\/fr\\\/?s={search_term_string}\"},\"query-input\":{\"@type\":\"PropertyValueSpecification\",\"valueRequired\":true,\"valueName\":\"search_term_string\"}}],\"inLanguage\":\"fr-FR\"},{\"@type\":\"Organization\",\"@id\":\"https:\\\/\\\/viajandodo.com\\\/fr\\\/#organization\",\"name\":\"Viajandodo\",\"url\":\"https:\\\/\\\/viajandodo.com\\\/fr\\\/\",\"logo\":{\"@type\":\"ImageObject\",\"inLanguage\":\"fr-FR\",\"@id\":\"https:\\\/\\\/viajandodo.com\\\/fr\\\/#\\\/schema\\\/logo\\\/image\\\/\",\"url\":\"https:\\\/\\\/viajandodo.com\\\/wp-content\\\/uploads\\\/2018\\\/11\\\/Lourdesperez920_AC05a_R2A.png\",\"contentUrl\":\"https:\\\/\\\/viajandodo.com\\\/wp-content\\\/uploads\\\/2018\\\/11\\\/Lourdesperez920_AC05a_R2A.png\",\"width\":773,\"height\":696,\"caption\":\"Viajandodo\"},\"image\":{\"@id\":\"https:\\\/\\\/viajandodo.com\\\/fr\\\/#\\\/schema\\\/logo\\\/image\\\/\"},\"sameAs\":[\"https:\\\/\\\/www.facebook.com\\\/blogviajandodo\",\"https:\\\/\\\/x.com\\\/viajandodoblog\",\"https:\\\/\\\/www.instagram.com\\\/viajandodo\\\/\",\"https:\\\/\\\/www.pinterest.fr\\\/viajandodo\\\/_saved\\\/\",\"https:\\\/\\\/www.youtube.com\\\/channel\\\/UCGPxkIYb95n4itoCtEsTnlg\"]}]}<\/script>\n<!-- \/ Yoast SEO plugin. -->","yoast_head_json":{"title":"VOYAGES ORGANIS\u00c9S POUR LES FAMILLES - Viajandodo","robots":{"index":"index","follow":"follow","max-snippet":"max-snippet:-1","max-image-preview":"max-image-preview:large","max-video-preview":"max-video-preview:-1"},"canonical":"https:\/\/viajandodo.com\/fr\/voyages-organises-familles\/","og_locale":"fr_FR","og_type":"article","og_title":"VOYAGES ORGANIS\u00c9S POUR LES FAMILLES - Viajandodo","og_description":"POURQUOI VOYAGER AVEC VIAJANDODO &amp; DRIMER? Pour r\u00e9pondre \u00e0 cette question, nous pensons qu\u2019il est pr\u00e9f\u00e9rable de commencer par dire qui nous sommes : VIAJANDODO : une famille voyageuse compos\u00e9e de Lourdes, Vincent et des petites Avril et Alba. Nos aventures \u00e0 travers le monde inspirent ce blog de voyage. DRIMER: Une plateforme num\u00e9rique cr\u00e9\u00e9e [&hellip;]","og_url":"https:\/\/viajandodo.com\/fr\/voyages-organises-familles\/","og_site_name":"Viajandodo","article_publisher":"https:\/\/www.facebook.com\/blogviajandodo","article_modified_time":"2026-02-26T08:01:15+00:00","og_image":[{"url":"https:\/\/viajandodo.com\/wp-content\/uploads\/elementor\/thumbs\/VIAJE-PARA-FAMILIAS-NEW-YORK-r0ysm6mnstfo08ev2gfls7ni4f1u7j7199we0la1e0.jpg","type":"","width":"","height":""}],"twitter_misc":{"Dur\u00e9e de lecture estim\u00e9e":"2 minutes"},"schema":{"@context":"https:\/\/schema.org","@graph":[{"@type":"WebPage","@id":"https:\/\/viajandodo.com\/fr\/voyages-organises-familles\/","url":"https:\/\/viajandodo.com\/fr\/voyages-organises-familles\/","name":"VOYAGES ORGANIS\u00c9S POUR LES FAMILLES - Viajandodo","isPartOf":{"@id":"https:\/\/viajandodo.com\/fr\/#website"},"primaryImageOfPage":{"@id":"https:\/\/viajandodo.com\/fr\/voyages-organises-familles\/#primaryimage"},"image":{"@id":"https:\/\/viajandodo.com\/fr\/voyages-organises-familles\/#primaryimage"},"thumbnailUrl":"https:\/\/viajandodo.com\/wp-content\/uploads\/elementor\/thumbs\/VIAJE-PARA-FAMILIAS-NEW-YORK-r0ysm6mnstfo08ev2gfls7ni4f1u7j7199we0la1e0.jpg","datePublished":"2025-02-03T13:16:52+00:00","dateModified":"2026-02-26T08:01:15+00:00","breadcrumb":{"@id":"https:\/\/viajandodo.com\/fr\/voyages-organises-familles\/#breadcrumb"},"inLanguage":"fr-FR","potentialAction":[{"@type":"ReadAction","target":["https:\/\/viajandodo.com\/fr\/voyages-organises-familles\/"]}]},{"@type":"ImageObject","inLanguage":"fr-FR","@id":"https:\/\/viajandodo.com\/fr\/voyages-organises-familles\/#primaryimage","url":"https:\/\/viajandodo.com\/wp-content\/uploads\/elementor\/thumbs\/VIAJE-PARA-FAMILIAS-NEW-YORK-r0ysm6mnstfo08ev2gfls7ni4f1u7j7199we0la1e0.jpg","contentUrl":"https:\/\/viajandodo.com\/wp-content\/uploads\/elementor\/thumbs\/VIAJE-PARA-FAMILIAS-NEW-YORK-r0ysm6mnstfo08ev2gfls7ni4f1u7j7199we0la1e0.jpg"},{"@type":"BreadcrumbList","@id":"https:\/\/viajandodo.com\/fr\/voyages-organises-familles\/#breadcrumb","itemListElement":[{"@type":"ListItem","position":1,"name":"Portada","item":"https:\/\/viajandodo.com\/fr\/"},{"@type":"ListItem","position":2,"name":"VOYAGES ORGANIS\u00c9S POUR LES FAMILLES"}]},{"@type":"WebSite","@id":"https:\/\/viajandodo.com\/fr\/#website","url":"https:\/\/viajandodo.com\/fr\/","name":"Viajandodo","description":"Un blog de viajes en familia","publisher":{"@id":"https:\/\/viajandodo.com\/fr\/#organization"},"potentialAction":[{"@type":"SearchAction","target":{"@type":"EntryPoint","urlTemplate":"https:\/\/viajandodo.com\/fr\/?s={search_term_string}"},"query-input":{"@type":"PropertyValueSpecification","valueRequired":true,"valueName":"search_term_string"}}],"inLanguage":"fr-FR"},{"@type":"Organization","@id":"https:\/\/viajandodo.com\/fr\/#organization","name":"Viajandodo","url":"https:\/\/viajandodo.com\/fr\/","logo":{"@type":"ImageObject","inLanguage":"fr-FR","@id":"https:\/\/viajandodo.com\/fr\/#\/schema\/logo\/image\/","url":"https:\/\/viajandodo.com\/wp-content\/uploads\/2018\/11\/Lourdesperez920_AC05a_R2A.png","contentUrl":"https:\/\/viajandodo.com\/wp-content\/uploads\/2018\/11\/Lourdesperez920_AC05a_R2A.png","width":773,"height":696,"caption":"Viajandodo"},"image":{"@id":"https:\/\/viajandodo.com\/fr\/#\/schema\/logo\/image\/"},"sameAs":["https:\/\/www.facebook.com\/blogviajandodo","https:\/\/x.com\/viajandodoblog","https:\/\/www.instagram.com\/viajandodo\/","https:\/\/www.pinterest.fr\/viajandodo\/_saved\/","https:\/\/www.youtube.com\/channel\/UCGPxkIYb95n4itoCtEsTnlg"]}]}},"meta_box":[],"_links":{"self":[{"href":"https:\/\/viajandodo.com\/fr\/wp-json\/wp\/v2\/pages\/37010","targetHints":{"allow":["GET"]}}],"collection":[{"href":"https:\/\/viajandodo.com\/fr\/wp-json\/wp\/v2\/pages"}],"about":[{"href":"https:\/\/viajandodo.com\/fr\/wp-json\/wp\/v2\/types\/page"}],"author":[{"embeddable":true,"href":"https:\/\/viajandodo.com\/fr\/wp-json\/wp\/v2\/users\/1"}],"replies":[{"embeddable":true,"href":"https:\/\/viajandodo.com\/fr\/wp-json\/wp\/v2\/comments?post=37010"}],"version-history":[{"count":4,"href":"https:\/\/viajandodo.com\/fr\/wp-json\/wp\/v2\/pages\/37010\/revisions"}],"predecessor-version":[{"id":37127,"href":"https:\/\/viajandodo.com\/fr\/wp-json\/wp\/v2\/pages\/37010\/revisions\/37127"}],"wp:attachment":[{"href":"https:\/\/viajandodo.com\/fr\/wp-json\/wp\/v2\/media?parent=37010"}],"curies":[{"name":"wp","href":"https:\/\/api.w.org\/{rel}","templated":true}]}}