{"id":37020,"date":"2020-01-21T14:12:23","date_gmt":"2020-01-21T12:12:23","guid":{"rendered":"https:\/\/viajandodo.com\/conditions-generales-de-vente\/"},"modified":"2025-06-03T15:44:25","modified_gmt":"2025-06-03T13:44:25","slug":"conditions-generales-de-vente","status":"publish","type":"page","link":"https:\/\/viajandodo.com\/fr\/conditions-generales-de-vente\/","title":{"rendered":"Conditions g\u00e9n\u00e9rales de vente"},"content":{"rendered":"\t\t<div data-elementor-type=\"wp-page\" data-elementor-id=\"37020\" class=\"elementor elementor-37020 elementor-17939\" data-elementor-post-type=\"page\">\n\t\t\t\t\t\t<section class=\"elementor-section elementor-top-section elementor-element elementor-element-46fd7b4 elementor-section-height-min-height elementor-section-content-middle elementor-section-stretched elementor-section-boxed elementor-section-height-default elementor-section-items-middle\" data-id=\"46fd7b4\" data-element_type=\"section\" data-e-type=\"section\" data-settings=\"{&quot;stretch_section&quot;:&quot;section-stretched&quot;,&quot;background_background&quot;:&quot;classic&quot;,&quot;shape_divider_bottom&quot;:&quot;waves&quot;}\">\n\t\t\t\t\t\t\t<div class=\"elementor-background-overlay\"><\/div>\n\t\t\t\t\t\t<div class=\"elementor-shape elementor-shape-bottom\" aria-hidden=\"true\" data-negative=\"false\">\n\t\t\t<svg xmlns=\"http:\/\/www.w3.org\/2000\/svg\" viewBox=\"0 0 1000 100\" preserveAspectRatio=\"none\">\n\t<path class=\"elementor-shape-fill\" d=\"M421.9,6.5c22.6-2.5,51.5,0.4,75.5,5.3c23.6,4.9,70.9,23.5,100.5,35.7c75.8,32.2,133.7,44.5,192.6,49.7\n\tc23.6,2.1,48.7,3.5,103.4-2.5c54.7-6,106.2-25.6,106.2-25.6V0H0v30.3c0,0,72,32.6,158.4,30.5c39.2-0.7,92.8-6.7,134-22.4\n\tc21.2-8.1,52.2-18.2,79.7-24.2C399.3,7.9,411.6,7.5,421.9,6.5z\"\/>\n<\/svg>\t\t<\/div>\n\t\t\t\t\t<div class=\"elementor-container elementor-column-gap-default\">\n\t\t\t\t\t<div class=\"elementor-column elementor-col-100 elementor-top-column elementor-element elementor-element-4efaf46\" data-id=\"4efaf46\" data-element_type=\"column\" data-e-type=\"column\">\n\t\t\t<div class=\"elementor-widget-wrap elementor-element-populated\">\n\t\t\t\t\t\t\t<\/div>\n\t\t<\/div>\n\t\t\t\t\t<\/div>\n\t\t<\/section>\n\t\t\t\t<section class=\"elementor-section elementor-top-section elementor-element elementor-element-a9e34e7 elementor-section-boxed elementor-section-height-default elementor-section-height-default\" data-id=\"a9e34e7\" data-element_type=\"section\" data-e-type=\"section\">\n\t\t\t\t\t\t<div class=\"elementor-container elementor-column-gap-wider\">\n\t\t\t\t\t<div class=\"elementor-column elementor-col-100 elementor-top-column elementor-element elementor-element-7e27047\" data-id=\"7e27047\" data-element_type=\"column\" data-e-type=\"column\">\n\t\t\t<div class=\"elementor-widget-wrap elementor-element-populated\">\n\t\t\t\t\t\t<div class=\"elementor-element elementor-element-9b259a3 elementor-widget elementor-widget-text-editor\" data-id=\"9b259a3\" data-element_type=\"widget\" data-e-type=\"widget\" data-widget_type=\"text-editor.default\">\n\t\t\t\t\t\t\t\t\t<h4>DONN\u00c9ES DE VIAJANDODO<\/h4><p>Les pr\u00e9sentes conditions g\u00e9n\u00e9rales de vente s&rsquo;appliquent au t\u00e9l\u00e9chargement de livres num\u00e9riques ou d&rsquo;e-books via notre site web <strong><a href=\"https:\/\/viajandodo.com\/fr\/\" target=\"_blank\" rel=\"noreferrer noopener\" aria-label=\"viajandodo.com (se abre en una nueva pesta\u00f1a)\">viajandodo.com<\/a><\/strong>. Il est entendu que l&rsquo;offre de t\u00e9l\u00e9chargement est exclusivement destin\u00e9e aux clients non revendeurs. <\/p><p>LOURDES PEREZ<\/p><p>VIAJANDODO \u2013 33150 Cenon, France.<\/p><p>853 371 185 R.C.S Bordeaux<\/p><p>TVA intracomunautaire : FR 36 853371185<\/p><hr class=\"wp-block-separator has-css-opacity\"><h4 class=\"wp-block-heading\">CONDITIONS G\u00c9N\u00c9RALES DE VENTE PAR AFFILIATION<\/h4><p><strong>Viajandodo<\/strong> participe et collabore \u00e0 plusieurs <strong>programmes d&rsquo;affiliation<\/strong> via son site web, proposant des produits et services li\u00e9s au voyage et au tourisme familial. Parmi ceux-ci figurent des assurances voyage personnalis\u00e9es, des r\u00e9servations d&rsquo;h\u00e9bergement, des r\u00e9servations de vols, des activit\u00e9s touristiques, des circuits et des excursions, ainsi que tous types d&rsquo;accessoires et de produits de voyage disponibles sur notre boutique en ligne. <\/p><p>Gr\u00e2ce \u00e0 ces programmes d&rsquo;affiliation, chaque fois que vous achetez l&rsquo;un des produits ou services propos\u00e9s via <strong><a href=\"https:\/\/viajandodo.com\/fr\/\" target=\"_blank\" rel=\"noreferrer noopener\">viajandodo.com<\/a><\/strong>, ces entreprises <strong>nous versent une commission, ce qui maintient ce projet en vie.<\/strong><\/p><p>Ces entreprises sont:<\/p><ul class=\"wp-block-list\"><li>Assurance HeyMondo: <a href=\"https:\/\/heymondo.es\/\">https:\/\/heymondo.es\/<\/a><\/li><li>Autoeurope: <a href=\"https:\/\/www.autoeurope.es\/\" target=\"_blank\" rel=\"noreferrer noopener\">https:\/\/www.autoeurope.es\/<\/a><\/li><li>Edreams: <a href=\"https:\/\/www.edreams.es\/\" target=\"_blank\" rel=\"noreferrer noopener\">https:\/\/www.edreams.es\/<\/a><\/li><li>Civitatis: <a href=\"https:\/\/www.civitatis.com\/es\/\" target=\"_blank\" rel=\"noreferrer noopener\">https:\/\/www.civitatis.com\/es\/<\/a><\/li><li>Amazon: <a href=\"https:\/\/www.amazon.es\/\" target=\"_blank\" rel=\"noreferrer noopener\">https:\/\/www.amazon.es\/<\/a><\/li><li>Booking: <a href=\"https:\/\/www.booking.com\/\">https:\/\/www.booking.com\/<\/a><\/li><li>Get Your Guide: <a href=\"https:\/\/www.getyourguide.es\/\" target=\"_blank\" rel=\"noreferrer noopener\">https:\/\/www.getyourguide.es\/<\/a><\/li><li>Disneyland Paris: <a href=\"https:\/\/www.disneylandparis.com\/es-es\/\" target=\"_blank\" rel=\"noreferrer noopener\">https:\/\/www.disneylandparis.com\/es-es\/<\/a><\/li><li>Holafly: <a href=\"https:\/\/holafly.com\/\" target=\"_blank\" rel=\"noreferrer noopener\">https:\/\/holafly.com\/<\/a><\/li><\/ul><p><strong>Chez Viajandodo,<\/strong> <strong>nous d\u00e9clinons toute responsabilit\u00e9<\/strong> <strong>en cas de probl\u00e8me technique lors de la r\u00e9servation d&rsquo;un produit ou d&rsquo;un service, lors de l&rsquo;achat et de la livraison d&rsquo;un produit, ou encore en cas de d\u00e9faut important. La responsabilit\u00e9 incombe enti\u00e8rement \u00e0 l&rsquo;entreprise par laquelle le paiement est effectu\u00e9, et non \u00e0 viajandodo.com.<\/strong><\/p><p>Par exemple, dans le cas d&rsquo;Amazon, le responsable serait le vendeur ou la marque du produit, et vous devriez traiter directement le probl\u00e8me via les options propos\u00e9es par la plateforme.<\/p><p>Chez Viajandodo, nous sommes toujours l\u00e0 pour vous aider. N&rsquo;h\u00e9sitez pas \u00e0 nous contacter en cas de probl\u00e8me. Cependant, nous ne pouvons \u00eatre tenus responsables des dysfonctionnements techniques ou logistiques de l&rsquo;entreprise principale, Viajandodo agissant en tant qu&rsquo;interm\u00e9diaire. Merci de votre compr\u00e9hension. <\/p>\t\t\t\t\t\t\t\t<\/div>\n\t\t\t\t\t<\/div>\n\t\t<\/div>\n\t\t\t\t\t<\/div>\n\t\t<\/section>\n\t\t\t\t<\/div>\n\t\t","protected":false},"excerpt":{"rendered":"<p>DONN\u00c9ES DE VIAJANDODO Les pr\u00e9sentes conditions g\u00e9n\u00e9rales de vente s&rsquo;appliquent au t\u00e9l\u00e9chargement de livres num\u00e9riques ou d&rsquo;e-books via notre site web viajandodo.com. Il est entendu que l&rsquo;offre de t\u00e9l\u00e9chargement est exclusivement destin\u00e9e aux clients non revendeurs. LOURDES PEREZ VIAJANDODO \u2013 33150 Cenon, France. 853 371 185 R.C.S Bordeaux TVA intracomunautaire : FR 36 853371185 CONDITIONS [&hellip;]<\/p>\n","protected":false},"author":1,"featured_media":0,"parent":0,"menu_order":0,"comment_status":"closed","ping_status":"closed","template":"","meta":{"footnotes":""},"class_list":["post-37020","page","type-page","status-publish","hentry"],"yoast_head":"<!-- This site is optimized with the Yoast SEO plugin v27.4 - https:\/\/yoast.com\/product\/yoast-seo-wordpress\/ -->\n<title>Conditions g\u00e9n\u00e9rales de vente - Viajandodo<\/title>\n<meta name=\"description\" content=\"Dans cette section, vous trouverez tous les d\u00e9tails sur les conditions g\u00e9n\u00e9rales de vente de nos livres \u00e9lectroniques et autres produits et services Viajandodo.\" \/>\n<meta name=\"robots\" content=\"index, follow, max-snippet:-1, max-image-preview:large, max-video-preview:-1\" \/>\n<link rel=\"canonical\" href=\"https:\/\/viajandodo.com\/fr\/conditions-generales-de-vente\/\" \/>\n<meta property=\"og:locale\" content=\"fr_FR\" \/>\n<meta property=\"og:type\" content=\"article\" \/>\n<meta property=\"og:title\" content=\"Conditions g\u00e9n\u00e9rales de vente - Viajandodo\" \/>\n<meta property=\"og:description\" content=\"Dans cette section, vous trouverez tous les d\u00e9tails sur les conditions g\u00e9n\u00e9rales de vente de nos livres \u00e9lectroniques et autres produits et services Viajandodo.\" \/>\n<meta property=\"og:url\" content=\"https:\/\/viajandodo.com\/fr\/conditions-generales-de-vente\/\" \/>\n<meta property=\"og:site_name\" content=\"Viajandodo\" \/>\n<meta property=\"article:publisher\" content=\"https:\/\/www.facebook.com\/blogviajandodo\" \/>\n<meta property=\"article:modified_time\" content=\"2025-06-03T13:44:25+00:00\" \/>\n<meta property=\"og:image\" content=\"https:\/\/viajandodo.com\/wp-content\/uploads\/2018\/11\/Lourdesperez920_AC05a_R2A.png\" \/>\n\t<meta property=\"og:image:width\" content=\"773\" \/>\n\t<meta property=\"og:image:height\" content=\"696\" \/>\n\t<meta property=\"og:image:type\" content=\"image\/png\" \/>\n<meta name=\"twitter:label1\" content=\"Dur\u00e9e de lecture estim\u00e9e\" \/>\n\t<meta name=\"twitter:data1\" content=\"2 minutes\" \/>\n<script type=\"application\/ld+json\" class=\"yoast-schema-graph\">{\"@context\":\"https:\\\/\\\/schema.org\",\"@graph\":[{\"@type\":\"WebPage\",\"@id\":\"https:\\\/\\\/viajandodo.com\\\/fr\\\/conditions-generales-de-vente\\\/\",\"url\":\"https:\\\/\\\/viajandodo.com\\\/fr\\\/conditions-generales-de-vente\\\/\",\"name\":\"Conditions g\u00e9n\u00e9rales de vente - Viajandodo\",\"isPartOf\":{\"@id\":\"https:\\\/\\\/viajandodo.com\\\/fr\\\/#website\"},\"datePublished\":\"2020-01-21T12:12:23+00:00\",\"dateModified\":\"2025-06-03T13:44:25+00:00\",\"description\":\"Dans cette section, vous trouverez tous les d\u00e9tails sur les conditions g\u00e9n\u00e9rales de vente de nos livres \u00e9lectroniques et autres produits et services Viajandodo.\",\"breadcrumb\":{\"@id\":\"https:\\\/\\\/viajandodo.com\\\/fr\\\/conditions-generales-de-vente\\\/#breadcrumb\"},\"inLanguage\":\"fr-FR\",\"potentialAction\":[{\"@type\":\"ReadAction\",\"target\":[\"https:\\\/\\\/viajandodo.com\\\/fr\\\/conditions-generales-de-vente\\\/\"]}]},{\"@type\":\"BreadcrumbList\",\"@id\":\"https:\\\/\\\/viajandodo.com\\\/fr\\\/conditions-generales-de-vente\\\/#breadcrumb\",\"itemListElement\":[{\"@type\":\"ListItem\",\"position\":1,\"name\":\"Portada\",\"item\":\"https:\\\/\\\/viajandodo.com\\\/fr\\\/\"},{\"@type\":\"ListItem\",\"position\":2,\"name\":\"Conditions g\u00e9n\u00e9rales de vente\"}]},{\"@type\":\"WebSite\",\"@id\":\"https:\\\/\\\/viajandodo.com\\\/fr\\\/#website\",\"url\":\"https:\\\/\\\/viajandodo.com\\\/fr\\\/\",\"name\":\"Viajandodo\",\"description\":\"Un blog de viajes en familia\",\"publisher\":{\"@id\":\"https:\\\/\\\/viajandodo.com\\\/fr\\\/#organization\"},\"potentialAction\":[{\"@type\":\"SearchAction\",\"target\":{\"@type\":\"EntryPoint\",\"urlTemplate\":\"https:\\\/\\\/viajandodo.com\\\/fr\\\/?s={search_term_string}\"},\"query-input\":{\"@type\":\"PropertyValueSpecification\",\"valueRequired\":true,\"valueName\":\"search_term_string\"}}],\"inLanguage\":\"fr-FR\"},{\"@type\":\"Organization\",\"@id\":\"https:\\\/\\\/viajandodo.com\\\/fr\\\/#organization\",\"name\":\"Viajandodo\",\"url\":\"https:\\\/\\\/viajandodo.com\\\/fr\\\/\",\"logo\":{\"@type\":\"ImageObject\",\"inLanguage\":\"fr-FR\",\"@id\":\"https:\\\/\\\/viajandodo.com\\\/fr\\\/#\\\/schema\\\/logo\\\/image\\\/\",\"url\":\"https:\\\/\\\/viajandodo.com\\\/wp-content\\\/uploads\\\/2018\\\/11\\\/Lourdesperez920_AC05a_R2A.png\",\"contentUrl\":\"https:\\\/\\\/viajandodo.com\\\/wp-content\\\/uploads\\\/2018\\\/11\\\/Lourdesperez920_AC05a_R2A.png\",\"width\":773,\"height\":696,\"caption\":\"Viajandodo\"},\"image\":{\"@id\":\"https:\\\/\\\/viajandodo.com\\\/fr\\\/#\\\/schema\\\/logo\\\/image\\\/\"},\"sameAs\":[\"https:\\\/\\\/www.facebook.com\\\/blogviajandodo\",\"https:\\\/\\\/x.com\\\/viajandodoblog\",\"https:\\\/\\\/www.instagram.com\\\/viajandodo\\\/\",\"https:\\\/\\\/www.pinterest.fr\\\/viajandodo\\\/_saved\\\/\",\"https:\\\/\\\/www.youtube.com\\\/channel\\\/UCGPxkIYb95n4itoCtEsTnlg\"]}]}<\/script>\n<!-- \/ Yoast SEO plugin. -->","yoast_head_json":{"title":"Conditions g\u00e9n\u00e9rales de vente - Viajandodo","description":"Dans cette section, vous trouverez tous les d\u00e9tails sur les conditions g\u00e9n\u00e9rales de vente de nos livres \u00e9lectroniques et autres produits et services Viajandodo.","robots":{"index":"index","follow":"follow","max-snippet":"max-snippet:-1","max-image-preview":"max-image-preview:large","max-video-preview":"max-video-preview:-1"},"canonical":"https:\/\/viajandodo.com\/fr\/conditions-generales-de-vente\/","og_locale":"fr_FR","og_type":"article","og_title":"Conditions g\u00e9n\u00e9rales de vente - Viajandodo","og_description":"Dans cette section, vous trouverez tous les d\u00e9tails sur les conditions g\u00e9n\u00e9rales de vente de nos livres \u00e9lectroniques et autres produits et services Viajandodo.","og_url":"https:\/\/viajandodo.com\/fr\/conditions-generales-de-vente\/","og_site_name":"Viajandodo","article_publisher":"https:\/\/www.facebook.com\/blogviajandodo","article_modified_time":"2025-06-03T13:44:25+00:00","og_image":[{"width":773,"height":696,"url":"https:\/\/viajandodo.com\/wp-content\/uploads\/2018\/11\/Lourdesperez920_AC05a_R2A.png","type":"image\/png"}],"twitter_misc":{"Dur\u00e9e de lecture estim\u00e9e":"2 minutes"},"schema":{"@context":"https:\/\/schema.org","@graph":[{"@type":"WebPage","@id":"https:\/\/viajandodo.com\/fr\/conditions-generales-de-vente\/","url":"https:\/\/viajandodo.com\/fr\/conditions-generales-de-vente\/","name":"Conditions g\u00e9n\u00e9rales de vente - Viajandodo","isPartOf":{"@id":"https:\/\/viajandodo.com\/fr\/#website"},"datePublished":"2020-01-21T12:12:23+00:00","dateModified":"2025-06-03T13:44:25+00:00","description":"Dans cette section, vous trouverez tous les d\u00e9tails sur les conditions g\u00e9n\u00e9rales de vente de nos livres \u00e9lectroniques et autres produits et services Viajandodo.","breadcrumb":{"@id":"https:\/\/viajandodo.com\/fr\/conditions-generales-de-vente\/#breadcrumb"},"inLanguage":"fr-FR","potentialAction":[{"@type":"ReadAction","target":["https:\/\/viajandodo.com\/fr\/conditions-generales-de-vente\/"]}]},{"@type":"BreadcrumbList","@id":"https:\/\/viajandodo.com\/fr\/conditions-generales-de-vente\/#breadcrumb","itemListElement":[{"@type":"ListItem","position":1,"name":"Portada","item":"https:\/\/viajandodo.com\/fr\/"},{"@type":"ListItem","position":2,"name":"Conditions g\u00e9n\u00e9rales de vente"}]},{"@type":"WebSite","@id":"https:\/\/viajandodo.com\/fr\/#website","url":"https:\/\/viajandodo.com\/fr\/","name":"Viajandodo","description":"Un blog de viajes en familia","publisher":{"@id":"https:\/\/viajandodo.com\/fr\/#organization"},"potentialAction":[{"@type":"SearchAction","target":{"@type":"EntryPoint","urlTemplate":"https:\/\/viajandodo.com\/fr\/?s={search_term_string}"},"query-input":{"@type":"PropertyValueSpecification","valueRequired":true,"valueName":"search_term_string"}}],"inLanguage":"fr-FR"},{"@type":"Organization","@id":"https:\/\/viajandodo.com\/fr\/#organization","name":"Viajandodo","url":"https:\/\/viajandodo.com\/fr\/","logo":{"@type":"ImageObject","inLanguage":"fr-FR","@id":"https:\/\/viajandodo.com\/fr\/#\/schema\/logo\/image\/","url":"https:\/\/viajandodo.com\/wp-content\/uploads\/2018\/11\/Lourdesperez920_AC05a_R2A.png","contentUrl":"https:\/\/viajandodo.com\/wp-content\/uploads\/2018\/11\/Lourdesperez920_AC05a_R2A.png","width":773,"height":696,"caption":"Viajandodo"},"image":{"@id":"https:\/\/viajandodo.com\/fr\/#\/schema\/logo\/image\/"},"sameAs":["https:\/\/www.facebook.com\/blogviajandodo","https:\/\/x.com\/viajandodoblog","https:\/\/www.instagram.com\/viajandodo\/","https:\/\/www.pinterest.fr\/viajandodo\/_saved\/","https:\/\/www.youtube.com\/channel\/UCGPxkIYb95n4itoCtEsTnlg"]}]}},"meta_box":[],"_links":{"self":[{"href":"https:\/\/viajandodo.com\/fr\/wp-json\/wp\/v2\/pages\/37020","targetHints":{"allow":["GET"]}}],"collection":[{"href":"https:\/\/viajandodo.com\/fr\/wp-json\/wp\/v2\/pages"}],"about":[{"href":"https:\/\/viajandodo.com\/fr\/wp-json\/wp\/v2\/types\/page"}],"author":[{"embeddable":true,"href":"https:\/\/viajandodo.com\/fr\/wp-json\/wp\/v2\/users\/1"}],"replies":[{"embeddable":true,"href":"https:\/\/viajandodo.com\/fr\/wp-json\/wp\/v2\/comments?post=37020"}],"version-history":[{"count":2,"href":"https:\/\/viajandodo.com\/fr\/wp-json\/wp\/v2\/pages\/37020\/revisions"}],"predecessor-version":[{"id":37978,"href":"https:\/\/viajandodo.com\/fr\/wp-json\/wp\/v2\/pages\/37020\/revisions\/37978"}],"wp:attachment":[{"href":"https:\/\/viajandodo.com\/fr\/wp-json\/wp\/v2\/media?parent=37020"}],"curies":[{"name":"wp","href":"https:\/\/api.w.org\/{rel}","templated":true}]}}