{"id":25064,"date":"2021-03-25T13:12:42","date_gmt":"2021-03-25T11:12:42","guid":{"rendered":"https:\/\/viajandodo.com\/?post_type=product&#038;p=25064"},"modified":"2021-03-25T14:21:36","modified_gmt":"2021-03-25T12:21:36","slug":"kyalo-proyecto-social","status":"publish","type":"product","link":"https:\/\/viajandodo.com\/fr\/producto\/kyalo-proyecto-social\/","title":{"rendered":"Kyalo Proyecto Social"},"content":{"rendered":"<p>&nbsp;<\/p>\n<ul>\n<li>Los libros de <strong>Kyalo<\/strong> forman parte de un <strong>proyecto social en Africa creado por Pablo y Pilar<\/strong> junto con la asociaci\u00f3n de <strong>KUBUKA<\/strong>.<\/li>\n<li>Son dos libros diferentes: <strong>Kyalo \u00ab\u00a0descubre Africa\u00a0\u00bb<\/strong> y <strong>Kyalo \u00ab\u00a0descubre la Tribu Mas\u00e1i\u00a0\u00bb<\/strong><\/li>\n<li>A trav\u00e9s de ellos se puede conocer algunas palabras en <em>suajili<\/em>, animales de la sabana, como van al colegio los ni\u00f1os en Kenia, como es vivir en una casa de barro, el hecho de comer la propia comida que cazan&#8230;<\/li>\n<li>A trav\u00e9s de estos libros, nuestros peque\u00f1os podr\u00e1n descubrir como se vive en el continente vecino a trav\u00e9s de un sistema de vida completamente diferente a lo que estamos acostumbrados.<\/li>\n<li>Todo ello a trav\u00e9s de las fant\u00e1sticas historias de Kyalo y su familia y las preciosas ilustraciones realizadas por Marta Garci\u0301a Navarro (@margana_mgn en Instagram)<\/li>\n<li><strong>Todo lo que se recaude a trav\u00e9s de su venta se dirige a proyectos educativos en Africa<\/strong>: concretamente de formaci\u00f3n de hombres, mujeres, ni\u00f1os y ni\u00f1as con el fin de brindarles un futuro mejor.<\/li>\n<li><strong>Haz a tus hijos el mejor regalo:<\/strong> La diversidad cultural es la mayor riqueza de las futuras generaciones.<\/li>\n<\/ul>\n<p>&nbsp;<\/p>\n","protected":false},"excerpt":{"rendered":"<p><strong>Kyalo<\/strong> son dos libros infantiles que nos permiten descubrir a trav\u00e9s de diferentes aventuras <strong>la cultura Africana y de la Tribu Mas\u00e1i<\/strong>.<\/p>\n<p>Estos libros han sido creados con un <strong>gran objetivo<\/strong>: el dinero que se recaude a trav\u00e9s de su venta es dirigido a diferentes <strong>proyectos educativos<\/strong> y en los cuales se acompa\u00f1an a mujeres, hombres, ni\u00f1os y ni\u00f1as de Kenia y Zambia a emprender, a mejorar y a avanzar.<\/p>\n<p><strong>Pablo y Pilar<\/strong> junto con <strong>KUBUKA<\/strong>, una asociaci\u00f3n dedicada a la cooperaci\u00f3n para el desarrollo en comunidades vulnerables de Kenia, han sido los creadores de esta iniciativa con la intenci\u00f3n hacer entender la cultura africana a trav\u00e9s de los ojos de un ni\u00f1o y ayudar a sus comunidades.<\/p>\n<p>Regala a tus peque\u00f1os los libros de <strong>Kyalo<\/strong> si t\u00fa tambi\u00e9n quieres acercarles la riqueza de la cultura africana en casa sabiendo a todo lo bueno que est\u00e1is contribuyendo detr\u00e1s.<\/p>\n<p><strong>Puedes conseguirlos<\/strong> contactando con ellos a trav\u00e9s de su <a href=\"https:\/\/www.instagram.com\/kyaloafrica\/?hl=es\" target=\"_blank\" rel=\"noopener\"><strong>Instagram<\/strong><\/a> o a trav\u00e9s de <a href=\"https:\/\/www.kubuka.org\/kyalo-regalar-solidaridad-a-los-peques\/\" target=\"_blank\" rel=\"noopener\"><strong>KUBUKA<\/strong><\/a>. Ellos os confirmaran la tarifa de cada libro, c\u00f3mo proceder para el abono y vuestros datos de env\u00edo.<\/p>\n<p>&nbsp;<\/p>\n","protected":false},"featured_media":25066,"template":"","meta":[],"product_brand":[],"product_cat":[1651,939,1290],"product_tag":[1867,1868],"class_list":{"0":"post-25064","1":"product","2":"type-product","3":"status-publish","4":"has-post-thumbnail","6":"product_cat-eco-friendly","7":"product_cat-en-familia","8":"product_cat-libros-y-juegos","9":"product_tag-kyalo","10":"product_tag-libro-proyecto-social-kyalo","12":"first","13":"instock","14":"product-type-external"},"yoast_head":"<!-- This site is optimized with the Yoast SEO plugin v27.4 - https:\/\/yoast.com\/product\/yoast-seo-wordpress\/ -->\n<title>Kyalo Proyecto Social - Viajandodo<\/title>\n<meta name=\"robots\" content=\"index, follow, max-snippet:-1, max-image-preview:large, max-video-preview:-1\" \/>\n<link rel=\"canonical\" href=\"https:\/\/viajandodo.com\/fr\/producto\/kyalo-proyecto-social\/\" \/>\n<meta property=\"og:locale\" content=\"fr_FR\" \/>\n<meta property=\"og:type\" content=\"article\" \/>\n<meta property=\"og:title\" content=\"Kyalo Proyecto Social - Viajandodo\" \/>\n<meta property=\"og:description\" content=\"Kyalo son dos libros infantiles que nos permiten descubrir a trav\u00e9s de diferentes aventuras la cultura Africana y de la Tribu Mas\u00e1i.  Estos libros han sido creados con un gran objetivo: el dinero que se recaude a trav\u00e9s de su venta es dirigido a diferentes proyectos educativos y en los cuales se acompa\u00f1an a mujeres, hombres, ni\u00f1os y ni\u00f1as de Kenia y Zambia a emprender, a mejorar y a avanzar.  Pablo y Pilar junto con KUBUKA, una asociaci\u00f3n dedicada a la cooperaci\u00f3n para el desarrollo en comunidades vulnerables de Kenia, han sido los creadores de esta iniciativa con la intenci\u00f3n hacer entender la cultura africana a trav\u00e9s de los ojos de un ni\u00f1o y ayudar a sus comunidades.  Regala a tus peque\u00f1os los libros de Kyalo si t\u00fa tambi\u00e9n quieres acercarles la riqueza de la cultura africana en casa sabiendo a todo lo bueno que est\u00e1is contribuyendo detr\u00e1s.  Puedes conseguirlos contactando con ellos a trav\u00e9s de su Instagram o a trav\u00e9s de KUBUKA. Ellos os confirmaran la tarifa de cada libro, c\u00f3mo proceder para el abono y vuestros datos de env\u00edo.  &nbsp;\" \/>\n<meta property=\"og:url\" content=\"https:\/\/viajandodo.com\/fr\/producto\/kyalo-proyecto-social\/\" \/>\n<meta property=\"og:site_name\" content=\"Viajandodo\" \/>\n<meta property=\"article:publisher\" content=\"https:\/\/www.facebook.com\/blogviajandodo\" \/>\n<meta property=\"article:modified_time\" content=\"2021-03-25T12:21:36+00:00\" \/>\n<meta property=\"og:image\" content=\"https:\/\/viajandodo.com\/wp-content\/uploads\/2021\/03\/Kyalo-Libros-scaled.jpg\" \/>\n\t<meta property=\"og:image:width\" content=\"2560\" \/>\n\t<meta property=\"og:image:height\" content=\"2560\" \/>\n\t<meta property=\"og:image:type\" content=\"image\/jpeg\" \/>\n<meta name=\"twitter:label1\" content=\"Dur\u00e9e de lecture estim\u00e9e\" \/>\n\t<meta name=\"twitter:data1\" content=\"1 minute\" \/>\n<script type=\"application\/ld+json\" class=\"yoast-schema-graph\">{\"@context\":\"https:\\\/\\\/schema.org\",\"@graph\":[{\"@type\":\"WebPage\",\"@id\":\"https:\\\/\\\/viajandodo.com\\\/fr\\\/producto\\\/kyalo-proyecto-social\\\/\",\"url\":\"https:\\\/\\\/viajandodo.com\\\/fr\\\/producto\\\/kyalo-proyecto-social\\\/\",\"name\":\"Kyalo Proyecto Social - Viajandodo\",\"isPartOf\":{\"@id\":\"https:\\\/\\\/viajandodo.com\\\/fr\\\/#website\"},\"primaryImageOfPage\":{\"@id\":\"https:\\\/\\\/viajandodo.com\\\/fr\\\/producto\\\/kyalo-proyecto-social\\\/#primaryimage\"},\"image\":{\"@id\":\"https:\\\/\\\/viajandodo.com\\\/fr\\\/producto\\\/kyalo-proyecto-social\\\/#primaryimage\"},\"thumbnailUrl\":\"https:\\\/\\\/viajandodo.com\\\/wp-content\\\/uploads\\\/2021\\\/03\\\/Kyalo-Libros-scaled.jpg\",\"datePublished\":\"2021-03-25T11:12:42+00:00\",\"dateModified\":\"2021-03-25T12:21:36+00:00\",\"breadcrumb\":{\"@id\":\"https:\\\/\\\/viajandodo.com\\\/fr\\\/producto\\\/kyalo-proyecto-social\\\/#breadcrumb\"},\"inLanguage\":\"fr-FR\",\"potentialAction\":[{\"@type\":\"ReadAction\",\"target\":[\"https:\\\/\\\/viajandodo.com\\\/fr\\\/producto\\\/kyalo-proyecto-social\\\/\"]}]},{\"@type\":\"ImageObject\",\"inLanguage\":\"fr-FR\",\"@id\":\"https:\\\/\\\/viajandodo.com\\\/fr\\\/producto\\\/kyalo-proyecto-social\\\/#primaryimage\",\"url\":\"https:\\\/\\\/viajandodo.com\\\/wp-content\\\/uploads\\\/2021\\\/03\\\/Kyalo-Libros-scaled.jpg\",\"contentUrl\":\"https:\\\/\\\/viajandodo.com\\\/wp-content\\\/uploads\\\/2021\\\/03\\\/Kyalo-Libros-scaled.jpg\",\"width\":2560,\"height\":2560},{\"@type\":\"BreadcrumbList\",\"@id\":\"https:\\\/\\\/viajandodo.com\\\/fr\\\/producto\\\/kyalo-proyecto-social\\\/#breadcrumb\",\"itemListElement\":[{\"@type\":\"ListItem\",\"position\":1,\"name\":\"Portada\",\"item\":\"https:\\\/\\\/viajandodo.com\\\/fr\\\/\"},{\"@type\":\"ListItem\",\"position\":2,\"name\":\"Boutique\",\"item\":\"https:\\\/\\\/viajandodo.com\\\/fr\\\/boutique\\\/\"},{\"@type\":\"ListItem\",\"position\":3,\"name\":\"Kyalo Proyecto Social\"}]},{\"@type\":\"WebSite\",\"@id\":\"https:\\\/\\\/viajandodo.com\\\/fr\\\/#website\",\"url\":\"https:\\\/\\\/viajandodo.com\\\/fr\\\/\",\"name\":\"Viajandodo\",\"description\":\"Un blog de viajes en familia\",\"publisher\":{\"@id\":\"https:\\\/\\\/viajandodo.com\\\/fr\\\/#organization\"},\"potentialAction\":[{\"@type\":\"SearchAction\",\"target\":{\"@type\":\"EntryPoint\",\"urlTemplate\":\"https:\\\/\\\/viajandodo.com\\\/fr\\\/?s={search_term_string}\"},\"query-input\":{\"@type\":\"PropertyValueSpecification\",\"valueRequired\":true,\"valueName\":\"search_term_string\"}}],\"inLanguage\":\"fr-FR\"},{\"@type\":\"Organization\",\"@id\":\"https:\\\/\\\/viajandodo.com\\\/fr\\\/#organization\",\"name\":\"Viajandodo\",\"url\":\"https:\\\/\\\/viajandodo.com\\\/fr\\\/\",\"logo\":{\"@type\":\"ImageObject\",\"inLanguage\":\"fr-FR\",\"@id\":\"https:\\\/\\\/viajandodo.com\\\/fr\\\/#\\\/schema\\\/logo\\\/image\\\/\",\"url\":\"https:\\\/\\\/viajandodo.com\\\/wp-content\\\/uploads\\\/2018\\\/11\\\/Lourdesperez920_AC05a_R2A.png\",\"contentUrl\":\"https:\\\/\\\/viajandodo.com\\\/wp-content\\\/uploads\\\/2018\\\/11\\\/Lourdesperez920_AC05a_R2A.png\",\"width\":773,\"height\":696,\"caption\":\"Viajandodo\"},\"image\":{\"@id\":\"https:\\\/\\\/viajandodo.com\\\/fr\\\/#\\\/schema\\\/logo\\\/image\\\/\"},\"sameAs\":[\"https:\\\/\\\/www.facebook.com\\\/blogviajandodo\",\"https:\\\/\\\/x.com\\\/viajandodoblog\",\"https:\\\/\\\/www.instagram.com\\\/viajandodo\\\/\",\"https:\\\/\\\/www.pinterest.fr\\\/viajandodo\\\/_saved\\\/\",\"https:\\\/\\\/www.youtube.com\\\/channel\\\/UCGPxkIYb95n4itoCtEsTnlg\"]}]}<\/script>\n<!-- \/ Yoast SEO plugin. -->","yoast_head_json":{"title":"Kyalo Proyecto Social - Viajandodo","robots":{"index":"index","follow":"follow","max-snippet":"max-snippet:-1","max-image-preview":"max-image-preview:large","max-video-preview":"max-video-preview:-1"},"canonical":"https:\/\/viajandodo.com\/fr\/producto\/kyalo-proyecto-social\/","og_locale":"fr_FR","og_type":"article","og_title":"Kyalo Proyecto Social - Viajandodo","og_description":"Kyalo son dos libros infantiles que nos permiten descubrir a trav\u00e9s de diferentes aventuras la cultura Africana y de la Tribu Mas\u00e1i.  Estos libros han sido creados con un gran objetivo: el dinero que se recaude a trav\u00e9s de su venta es dirigido a diferentes proyectos educativos y en los cuales se acompa\u00f1an a mujeres, hombres, ni\u00f1os y ni\u00f1as de Kenia y Zambia a emprender, a mejorar y a avanzar.  Pablo y Pilar junto con KUBUKA, una asociaci\u00f3n dedicada a la cooperaci\u00f3n para el desarrollo en comunidades vulnerables de Kenia, han sido los creadores de esta iniciativa con la intenci\u00f3n hacer entender la cultura africana a trav\u00e9s de los ojos de un ni\u00f1o y ayudar a sus comunidades.  Regala a tus peque\u00f1os los libros de Kyalo si t\u00fa tambi\u00e9n quieres acercarles la riqueza de la cultura africana en casa sabiendo a todo lo bueno que est\u00e1is contribuyendo detr\u00e1s.  Puedes conseguirlos contactando con ellos a trav\u00e9s de su Instagram o a trav\u00e9s de KUBUKA. Ellos os confirmaran la tarifa de cada libro, c\u00f3mo proceder para el abono y vuestros datos de env\u00edo.  &nbsp;","og_url":"https:\/\/viajandodo.com\/fr\/producto\/kyalo-proyecto-social\/","og_site_name":"Viajandodo","article_publisher":"https:\/\/www.facebook.com\/blogviajandodo","article_modified_time":"2021-03-25T12:21:36+00:00","og_image":[{"width":2560,"height":2560,"url":"https:\/\/viajandodo.com\/wp-content\/uploads\/2021\/03\/Kyalo-Libros-scaled.jpg","type":"image\/jpeg"}],"twitter_misc":{"Dur\u00e9e de lecture estim\u00e9e":"1 minute"},"schema":{"@context":"https:\/\/schema.org","@graph":[{"@type":"WebPage","@id":"https:\/\/viajandodo.com\/fr\/producto\/kyalo-proyecto-social\/","url":"https:\/\/viajandodo.com\/fr\/producto\/kyalo-proyecto-social\/","name":"Kyalo Proyecto Social - Viajandodo","isPartOf":{"@id":"https:\/\/viajandodo.com\/fr\/#website"},"primaryImageOfPage":{"@id":"https:\/\/viajandodo.com\/fr\/producto\/kyalo-proyecto-social\/#primaryimage"},"image":{"@id":"https:\/\/viajandodo.com\/fr\/producto\/kyalo-proyecto-social\/#primaryimage"},"thumbnailUrl":"https:\/\/viajandodo.com\/wp-content\/uploads\/2021\/03\/Kyalo-Libros-scaled.jpg","datePublished":"2021-03-25T11:12:42+00:00","dateModified":"2021-03-25T12:21:36+00:00","breadcrumb":{"@id":"https:\/\/viajandodo.com\/fr\/producto\/kyalo-proyecto-social\/#breadcrumb"},"inLanguage":"fr-FR","potentialAction":[{"@type":"ReadAction","target":["https:\/\/viajandodo.com\/fr\/producto\/kyalo-proyecto-social\/"]}]},{"@type":"ImageObject","inLanguage":"fr-FR","@id":"https:\/\/viajandodo.com\/fr\/producto\/kyalo-proyecto-social\/#primaryimage","url":"https:\/\/viajandodo.com\/wp-content\/uploads\/2021\/03\/Kyalo-Libros-scaled.jpg","contentUrl":"https:\/\/viajandodo.com\/wp-content\/uploads\/2021\/03\/Kyalo-Libros-scaled.jpg","width":2560,"height":2560},{"@type":"BreadcrumbList","@id":"https:\/\/viajandodo.com\/fr\/producto\/kyalo-proyecto-social\/#breadcrumb","itemListElement":[{"@type":"ListItem","position":1,"name":"Portada","item":"https:\/\/viajandodo.com\/fr\/"},{"@type":"ListItem","position":2,"name":"Boutique","item":"https:\/\/viajandodo.com\/fr\/boutique\/"},{"@type":"ListItem","position":3,"name":"Kyalo Proyecto Social"}]},{"@type":"WebSite","@id":"https:\/\/viajandodo.com\/fr\/#website","url":"https:\/\/viajandodo.com\/fr\/","name":"Viajandodo","description":"Un blog de viajes en familia","publisher":{"@id":"https:\/\/viajandodo.com\/fr\/#organization"},"potentialAction":[{"@type":"SearchAction","target":{"@type":"EntryPoint","urlTemplate":"https:\/\/viajandodo.com\/fr\/?s={search_term_string}"},"query-input":{"@type":"PropertyValueSpecification","valueRequired":true,"valueName":"search_term_string"}}],"inLanguage":"fr-FR"},{"@type":"Organization","@id":"https:\/\/viajandodo.com\/fr\/#organization","name":"Viajandodo","url":"https:\/\/viajandodo.com\/fr\/","logo":{"@type":"ImageObject","inLanguage":"fr-FR","@id":"https:\/\/viajandodo.com\/fr\/#\/schema\/logo\/image\/","url":"https:\/\/viajandodo.com\/wp-content\/uploads\/2018\/11\/Lourdesperez920_AC05a_R2A.png","contentUrl":"https:\/\/viajandodo.com\/wp-content\/uploads\/2018\/11\/Lourdesperez920_AC05a_R2A.png","width":773,"height":696,"caption":"Viajandodo"},"image":{"@id":"https:\/\/viajandodo.com\/fr\/#\/schema\/logo\/image\/"},"sameAs":["https:\/\/www.facebook.com\/blogviajandodo","https:\/\/x.com\/viajandodoblog","https:\/\/www.instagram.com\/viajandodo\/","https:\/\/www.pinterest.fr\/viajandodo\/_saved\/","https:\/\/www.youtube.com\/channel\/UCGPxkIYb95n4itoCtEsTnlg"]}]}},"meta_box":[],"_links":{"self":[{"href":"https:\/\/viajandodo.com\/fr\/wp-json\/wp\/v2\/product\/25064","targetHints":{"allow":["GET"]}}],"collection":[{"href":"https:\/\/viajandodo.com\/fr\/wp-json\/wp\/v2\/product"}],"about":[{"href":"https:\/\/viajandodo.com\/fr\/wp-json\/wp\/v2\/types\/product"}],"wp:featuredmedia":[{"embeddable":true,"href":"https:\/\/viajandodo.com\/fr\/wp-json\/wp\/v2\/media\/25066"}],"wp:attachment":[{"href":"https:\/\/viajandodo.com\/fr\/wp-json\/wp\/v2\/media?parent=25064"}],"wp:term":[{"taxonomy":"product_brand","embeddable":true,"href":"https:\/\/viajandodo.com\/fr\/wp-json\/wp\/v2\/product_brand?post=25064"},{"taxonomy":"product_cat","embeddable":true,"href":"https:\/\/viajandodo.com\/fr\/wp-json\/wp\/v2\/product_cat?post=25064"},{"taxonomy":"product_tag","embeddable":true,"href":"https:\/\/viajandodo.com\/fr\/wp-json\/wp\/v2\/product_tag?post=25064"}],"curies":[{"name":"wp","href":"https:\/\/api.w.org\/{rel}","templated":true}]}}