{"id":26718,"date":"2021-09-04T11:01:37","date_gmt":"2021-09-04T09:01:37","guid":{"rendered":"https:\/\/viajandodo.com\/?post_type=product&#038;p=26718"},"modified":"2025-12-16T16:34:05","modified_gmt":"2025-12-16T14:34:05","slug":"portabebe-ergonomico-manduca-2","status":"publish","type":"product","link":"https:\/\/viajandodo.com\/fr\/producto\/portabebe-ergonomico-manduca-2\/","title":{"rendered":"Portabeb\u00e9 Manduca XT"},"content":{"rendered":"<p>&nbsp;<\/p>\n<p>El <strong>portabeb\u00e9 ergon\u00f3mico Manduca XT<\/strong> es de las mejores opciones a la hora de portear a tu beb\u00e9. Se puede ajustar hasta a tres alturas diferentes. La extension y sistema de retenci\u00f3n para la espalda del beb\u00e9 es un sistema patentado y cuenta con cremallera tipo Zip-In integrada. <strong>Garantiza la posici<span class=\"a-list-item\">\u00f3<\/span>n natural del beb\u00e9<\/strong> (postura de ranita o forma de M) recomendada.<\/p>\n<p>Se trata de uno de los portabeb\u00e9s del mercado m\u00e1s recomendados a la hora de transportar a los beb\u00e9s.<\/p>\n<p>Los <strong>tirantes son acolchados<\/strong> y el <strong>cintur<span class=\"a-list-item\">\u00f3<\/span>n es ergon<span class=\"a-list-item\">\u00f3<\/span>mico<\/strong> (de 65-140 cms) por lo que resulta muy c\u00f3modo de llevar. Por otra parte, el <strong>tejido es de 100% algod<span class=\"a-list-item\">\u00f3<\/span>n org<span class=\"a-list-item\">\u00e1<\/span>nico<\/strong> extra suave. La <strong>hebilla<\/strong> de cierre cuenta con un <strong>sistema de seguridad de tres<\/strong> punto pero es f<span class=\"a-list-item\">\u00e1<\/span>cil de abrir.<\/p>\n<p><strong>El portabeb\u00e9 ergon\u00f3mico Manduca XT respeta la normativa vigente <\/strong>en cuanto al porteo ergonomico de beb\u00e9s.<\/p>\n<p>&nbsp;<\/p>\n","protected":false},"excerpt":{"rendered":"<p>&nbsp;<\/p>\n<p>El <strong>portabeb\u00e9 ergon\u00f3mico Manduca<\/strong> <strong>XT<\/strong> es de los m\u00e1s conocidos en el mercado por garantizar la posici\u00f3n ergon\u00f3mica tanto del beb\u00e9 como del porteador. El portabeb\u00e9 Manduca va <strong>desde la etapa reci\u00e9n nacido\u00a0hasta los 20 kg de peso<\/strong> y lo mejor es que <strong>la base se puede ir graduando<\/strong> progresivamente desde los 16 hasta los 50 cms de forma sencilla, sin botones, cintas, velcros y otras complicaciones.<\/p>\n<p>Su <strong>cintur\u00f3n anat\u00f3mico<\/strong> tambi\u00e9n garantiza la comodidad para quien carga con el beb\u00e9 y admite la posici\u00f3n de transporte delantera, a la espalda y lateral en la cadera.<\/p>\n<p>&nbsp;<\/p>\n","protected":false},"featured_media":26719,"template":"","meta":[],"product_brand":[],"product_cat":[336,338],"product_tag":[1924],"class_list":{"0":"post-26718","1":"product","2":"type-product","3":"status-publish","4":"has-post-thumbnail","6":"product_cat-bebe","7":"product_cat-mochilas-portabebe","8":"product_tag-manduca-xt","10":"first","11":"instock","12":"product-type-external"},"yoast_head":"<!-- This site is optimized with the Yoast SEO plugin v27.4 - https:\/\/yoast.com\/product\/yoast-seo-wordpress\/ -->\n<title>Portabeb\u00e9 Manduca XT - Viajandodo<\/title>\n<meta name=\"description\" content=\"El portabeb\u00e9 ergonomico Manduca XT es el mejor aliado para portear a tu beb\u00e9 tanto en el cotidiano como cuando te vas de viaje.\" \/>\n<meta name=\"robots\" content=\"index, follow, max-snippet:-1, max-image-preview:large, max-video-preview:-1\" \/>\n<link rel=\"canonical\" href=\"https:\/\/viajandodo.com\/fr\/producto\/portabebe-ergonomico-manduca-2\/\" \/>\n<meta property=\"og:locale\" content=\"fr_FR\" \/>\n<meta property=\"og:type\" content=\"article\" \/>\n<meta property=\"og:title\" content=\"Portabeb\u00e9 Manduca XT - Viajandodo\" \/>\n<meta property=\"og:description\" content=\"El portabeb\u00e9 ergonomico Manduca XT es el mejor aliado para portear a tu beb\u00e9 tanto en el cotidiano como cuando te vas de viaje.\" \/>\n<meta property=\"og:url\" content=\"https:\/\/viajandodo.com\/fr\/producto\/portabebe-ergonomico-manduca-2\/\" \/>\n<meta property=\"og:site_name\" content=\"Viajandodo\" \/>\n<meta property=\"article:publisher\" content=\"https:\/\/www.facebook.com\/blogviajandodo\" \/>\n<meta property=\"article:modified_time\" content=\"2025-12-16T14:34:05+00:00\" \/>\n<meta property=\"og:image\" content=\"https:\/\/viajandodo.com\/wp-content\/uploads\/2021\/09\/Manduca-XT.jpg\" \/>\n\t<meta property=\"og:image:width\" content=\"722\" \/>\n\t<meta property=\"og:image:height\" content=\"1082\" \/>\n\t<meta property=\"og:image:type\" content=\"image\/jpeg\" \/>\n<meta name=\"twitter:label1\" content=\"Dur\u00e9e de lecture estim\u00e9e\" \/>\n\t<meta name=\"twitter:data1\" content=\"1 minute\" \/>\n<script type=\"application\/ld+json\" class=\"yoast-schema-graph\">{\"@context\":\"https:\\\/\\\/schema.org\",\"@graph\":[{\"@type\":\"WebPage\",\"@id\":\"https:\\\/\\\/viajandodo.com\\\/fr\\\/producto\\\/portabebe-ergonomico-manduca-2\\\/\",\"url\":\"https:\\\/\\\/viajandodo.com\\\/fr\\\/producto\\\/portabebe-ergonomico-manduca-2\\\/\",\"name\":\"Portabeb\u00e9 Manduca XT - Viajandodo\",\"isPartOf\":{\"@id\":\"https:\\\/\\\/viajandodo.com\\\/fr\\\/#website\"},\"primaryImageOfPage\":{\"@id\":\"https:\\\/\\\/viajandodo.com\\\/fr\\\/producto\\\/portabebe-ergonomico-manduca-2\\\/#primaryimage\"},\"image\":{\"@id\":\"https:\\\/\\\/viajandodo.com\\\/fr\\\/producto\\\/portabebe-ergonomico-manduca-2\\\/#primaryimage\"},\"thumbnailUrl\":\"https:\\\/\\\/viajandodo.com\\\/wp-content\\\/uploads\\\/2021\\\/09\\\/Manduca-XT.jpg\",\"datePublished\":\"2021-09-04T09:01:37+00:00\",\"dateModified\":\"2025-12-16T14:34:05+00:00\",\"description\":\"El portabeb\u00e9 ergonomico Manduca XT es el mejor aliado para portear a tu beb\u00e9 tanto en el cotidiano como cuando te vas de viaje.\",\"breadcrumb\":{\"@id\":\"https:\\\/\\\/viajandodo.com\\\/fr\\\/producto\\\/portabebe-ergonomico-manduca-2\\\/#breadcrumb\"},\"inLanguage\":\"fr-FR\",\"potentialAction\":[{\"@type\":\"ReadAction\",\"target\":[\"https:\\\/\\\/viajandodo.com\\\/fr\\\/producto\\\/portabebe-ergonomico-manduca-2\\\/\"]}]},{\"@type\":\"ImageObject\",\"inLanguage\":\"fr-FR\",\"@id\":\"https:\\\/\\\/viajandodo.com\\\/fr\\\/producto\\\/portabebe-ergonomico-manduca-2\\\/#primaryimage\",\"url\":\"https:\\\/\\\/viajandodo.com\\\/wp-content\\\/uploads\\\/2021\\\/09\\\/Manduca-XT.jpg\",\"contentUrl\":\"https:\\\/\\\/viajandodo.com\\\/wp-content\\\/uploads\\\/2021\\\/09\\\/Manduca-XT.jpg\",\"width\":722,\"height\":1082},{\"@type\":\"BreadcrumbList\",\"@id\":\"https:\\\/\\\/viajandodo.com\\\/fr\\\/producto\\\/portabebe-ergonomico-manduca-2\\\/#breadcrumb\",\"itemListElement\":[{\"@type\":\"ListItem\",\"position\":1,\"name\":\"Portada\",\"item\":\"https:\\\/\\\/viajandodo.com\\\/fr\\\/\"},{\"@type\":\"ListItem\",\"position\":2,\"name\":\"Boutique\",\"item\":\"https:\\\/\\\/viajandodo.com\\\/fr\\\/boutique\\\/\"},{\"@type\":\"ListItem\",\"position\":3,\"name\":\"Portabeb\u00e9 Manduca XT\"}]},{\"@type\":\"WebSite\",\"@id\":\"https:\\\/\\\/viajandodo.com\\\/fr\\\/#website\",\"url\":\"https:\\\/\\\/viajandodo.com\\\/fr\\\/\",\"name\":\"Viajandodo\",\"description\":\"Un blog de viajes en familia\",\"publisher\":{\"@id\":\"https:\\\/\\\/viajandodo.com\\\/fr\\\/#organization\"},\"potentialAction\":[{\"@type\":\"SearchAction\",\"target\":{\"@type\":\"EntryPoint\",\"urlTemplate\":\"https:\\\/\\\/viajandodo.com\\\/fr\\\/?s={search_term_string}\"},\"query-input\":{\"@type\":\"PropertyValueSpecification\",\"valueRequired\":true,\"valueName\":\"search_term_string\"}}],\"inLanguage\":\"fr-FR\"},{\"@type\":\"Organization\",\"@id\":\"https:\\\/\\\/viajandodo.com\\\/fr\\\/#organization\",\"name\":\"Viajandodo\",\"url\":\"https:\\\/\\\/viajandodo.com\\\/fr\\\/\",\"logo\":{\"@type\":\"ImageObject\",\"inLanguage\":\"fr-FR\",\"@id\":\"https:\\\/\\\/viajandodo.com\\\/fr\\\/#\\\/schema\\\/logo\\\/image\\\/\",\"url\":\"https:\\\/\\\/viajandodo.com\\\/wp-content\\\/uploads\\\/2018\\\/11\\\/Lourdesperez920_AC05a_R2A.png\",\"contentUrl\":\"https:\\\/\\\/viajandodo.com\\\/wp-content\\\/uploads\\\/2018\\\/11\\\/Lourdesperez920_AC05a_R2A.png\",\"width\":773,\"height\":696,\"caption\":\"Viajandodo\"},\"image\":{\"@id\":\"https:\\\/\\\/viajandodo.com\\\/fr\\\/#\\\/schema\\\/logo\\\/image\\\/\"},\"sameAs\":[\"https:\\\/\\\/www.facebook.com\\\/blogviajandodo\",\"https:\\\/\\\/x.com\\\/viajandodoblog\",\"https:\\\/\\\/www.instagram.com\\\/viajandodo\\\/\",\"https:\\\/\\\/www.pinterest.fr\\\/viajandodo\\\/_saved\\\/\",\"https:\\\/\\\/www.youtube.com\\\/channel\\\/UCGPxkIYb95n4itoCtEsTnlg\"]}]}<\/script>\n<!-- \/ Yoast SEO plugin. -->","yoast_head_json":{"title":"Portabeb\u00e9 Manduca XT - Viajandodo","description":"El portabeb\u00e9 ergonomico Manduca XT es el mejor aliado para portear a tu beb\u00e9 tanto en el cotidiano como cuando te vas de viaje.","robots":{"index":"index","follow":"follow","max-snippet":"max-snippet:-1","max-image-preview":"max-image-preview:large","max-video-preview":"max-video-preview:-1"},"canonical":"https:\/\/viajandodo.com\/fr\/producto\/portabebe-ergonomico-manduca-2\/","og_locale":"fr_FR","og_type":"article","og_title":"Portabeb\u00e9 Manduca XT - Viajandodo","og_description":"El portabeb\u00e9 ergonomico Manduca XT es el mejor aliado para portear a tu beb\u00e9 tanto en el cotidiano como cuando te vas de viaje.","og_url":"https:\/\/viajandodo.com\/fr\/producto\/portabebe-ergonomico-manduca-2\/","og_site_name":"Viajandodo","article_publisher":"https:\/\/www.facebook.com\/blogviajandodo","article_modified_time":"2025-12-16T14:34:05+00:00","og_image":[{"width":722,"height":1082,"url":"https:\/\/viajandodo.com\/wp-content\/uploads\/2021\/09\/Manduca-XT.jpg","type":"image\/jpeg"}],"twitter_misc":{"Dur\u00e9e de lecture estim\u00e9e":"1 minute"},"schema":{"@context":"https:\/\/schema.org","@graph":[{"@type":"WebPage","@id":"https:\/\/viajandodo.com\/fr\/producto\/portabebe-ergonomico-manduca-2\/","url":"https:\/\/viajandodo.com\/fr\/producto\/portabebe-ergonomico-manduca-2\/","name":"Portabeb\u00e9 Manduca XT - Viajandodo","isPartOf":{"@id":"https:\/\/viajandodo.com\/fr\/#website"},"primaryImageOfPage":{"@id":"https:\/\/viajandodo.com\/fr\/producto\/portabebe-ergonomico-manduca-2\/#primaryimage"},"image":{"@id":"https:\/\/viajandodo.com\/fr\/producto\/portabebe-ergonomico-manduca-2\/#primaryimage"},"thumbnailUrl":"https:\/\/viajandodo.com\/wp-content\/uploads\/2021\/09\/Manduca-XT.jpg","datePublished":"2021-09-04T09:01:37+00:00","dateModified":"2025-12-16T14:34:05+00:00","description":"El portabeb\u00e9 ergonomico Manduca XT es el mejor aliado para portear a tu beb\u00e9 tanto en el cotidiano como cuando te vas de viaje.","breadcrumb":{"@id":"https:\/\/viajandodo.com\/fr\/producto\/portabebe-ergonomico-manduca-2\/#breadcrumb"},"inLanguage":"fr-FR","potentialAction":[{"@type":"ReadAction","target":["https:\/\/viajandodo.com\/fr\/producto\/portabebe-ergonomico-manduca-2\/"]}]},{"@type":"ImageObject","inLanguage":"fr-FR","@id":"https:\/\/viajandodo.com\/fr\/producto\/portabebe-ergonomico-manduca-2\/#primaryimage","url":"https:\/\/viajandodo.com\/wp-content\/uploads\/2021\/09\/Manduca-XT.jpg","contentUrl":"https:\/\/viajandodo.com\/wp-content\/uploads\/2021\/09\/Manduca-XT.jpg","width":722,"height":1082},{"@type":"BreadcrumbList","@id":"https:\/\/viajandodo.com\/fr\/producto\/portabebe-ergonomico-manduca-2\/#breadcrumb","itemListElement":[{"@type":"ListItem","position":1,"name":"Portada","item":"https:\/\/viajandodo.com\/fr\/"},{"@type":"ListItem","position":2,"name":"Boutique","item":"https:\/\/viajandodo.com\/fr\/boutique\/"},{"@type":"ListItem","position":3,"name":"Portabeb\u00e9 Manduca XT"}]},{"@type":"WebSite","@id":"https:\/\/viajandodo.com\/fr\/#website","url":"https:\/\/viajandodo.com\/fr\/","name":"Viajandodo","description":"Un blog de viajes en familia","publisher":{"@id":"https:\/\/viajandodo.com\/fr\/#organization"},"potentialAction":[{"@type":"SearchAction","target":{"@type":"EntryPoint","urlTemplate":"https:\/\/viajandodo.com\/fr\/?s={search_term_string}"},"query-input":{"@type":"PropertyValueSpecification","valueRequired":true,"valueName":"search_term_string"}}],"inLanguage":"fr-FR"},{"@type":"Organization","@id":"https:\/\/viajandodo.com\/fr\/#organization","name":"Viajandodo","url":"https:\/\/viajandodo.com\/fr\/","logo":{"@type":"ImageObject","inLanguage":"fr-FR","@id":"https:\/\/viajandodo.com\/fr\/#\/schema\/logo\/image\/","url":"https:\/\/viajandodo.com\/wp-content\/uploads\/2018\/11\/Lourdesperez920_AC05a_R2A.png","contentUrl":"https:\/\/viajandodo.com\/wp-content\/uploads\/2018\/11\/Lourdesperez920_AC05a_R2A.png","width":773,"height":696,"caption":"Viajandodo"},"image":{"@id":"https:\/\/viajandodo.com\/fr\/#\/schema\/logo\/image\/"},"sameAs":["https:\/\/www.facebook.com\/blogviajandodo","https:\/\/x.com\/viajandodoblog","https:\/\/www.instagram.com\/viajandodo\/","https:\/\/www.pinterest.fr\/viajandodo\/_saved\/","https:\/\/www.youtube.com\/channel\/UCGPxkIYb95n4itoCtEsTnlg"]}]}},"meta_box":[],"_links":{"self":[{"href":"https:\/\/viajandodo.com\/fr\/wp-json\/wp\/v2\/product\/26718","targetHints":{"allow":["GET"]}}],"collection":[{"href":"https:\/\/viajandodo.com\/fr\/wp-json\/wp\/v2\/product"}],"about":[{"href":"https:\/\/viajandodo.com\/fr\/wp-json\/wp\/v2\/types\/product"}],"wp:featuredmedia":[{"embeddable":true,"href":"https:\/\/viajandodo.com\/fr\/wp-json\/wp\/v2\/media\/26719"}],"wp:attachment":[{"href":"https:\/\/viajandodo.com\/fr\/wp-json\/wp\/v2\/media?parent=26718"}],"wp:term":[{"taxonomy":"product_brand","embeddable":true,"href":"https:\/\/viajandodo.com\/fr\/wp-json\/wp\/v2\/product_brand?post=26718"},{"taxonomy":"product_cat","embeddable":true,"href":"https:\/\/viajandodo.com\/fr\/wp-json\/wp\/v2\/product_cat?post=26718"},{"taxonomy":"product_tag","embeddable":true,"href":"https:\/\/viajandodo.com\/fr\/wp-json\/wp\/v2\/product_tag?post=26718"}],"curies":[{"name":"wp","href":"https:\/\/api.w.org\/{rel}","templated":true}]}}