{"id":26771,"date":"2021-09-04T15:01:18","date_gmt":"2021-09-04T13:01:18","guid":{"rendered":"https:\/\/viajandodo.com\/?post_type=product&#038;p=26771"},"modified":"2021-09-04T17:19:50","modified_gmt":"2021-09-04T15:19:50","slug":"mochila-mapamundi-ninos","status":"publish","type":"product","link":"https:\/\/viajandodo.com\/fr\/producto\/mochila-mapamundi-ninos\/","title":{"rendered":"Mochila mapamundi ni\u00f1os"},"content":{"rendered":"<p>&nbsp;<\/p>\n<ul>\n<li>La <strong>mochila mapamundi ni\u00f1os Rex International World Map <\/strong>es ideal para regalar a vuestro peque\u00f1os grandes viajeros desde el primer momento que empez\u00e1is a recorrer el mundo juntos. Nuestra peque\u00f1a la tiene desde que cumpli\u00f3 un a\u00f1ito.<\/li>\n<li>Nos pregunt\u00e1is mucho por ella en nuestro <strong><a href=\"https:\/\/www.instagram.com\/viajandodo\/?hl=es\" target=\"_blank\" rel=\"noopener noreferrer\">Instagram<\/a><\/strong>.<\/li>\n<li>Recomendada <strong>desde los 12 meses hasta los 3-4 a\u00f1os<\/strong><\/li>\n<li><strong>Dise\u00f1o mapamundi<\/strong> divertido y moderno<\/li>\n<li><strong>Cierre de cremallera<\/strong><\/li>\n<li><strong>Ideal para que puedan llevar sus propias cosas en el viaje:<\/strong> cuadernos de colorear, libros, peluches, ropa&#8230;<\/li>\n<li>Zona de la espalda <strong>acolchada<\/strong><\/li>\n<li><strong>Asas extensibles<\/strong><\/li>\n<li>No ocupa mucho espacio<\/li>\n<li><strong>Bolsillo exterior<\/strong><\/li>\n<li>Material: <strong>100% nylon<\/strong><\/li>\n<li>Dimensiones: <strong>21 x 10 x 25 cm<\/strong><\/li>\n<li>Peso:<strong>179 gramos<\/strong><\/li>\n<\/ul>\n<p>&nbsp;<\/p>\n","protected":false},"excerpt":{"rendered":"<p>&nbsp;<\/p>\n<p>La <strong>mochila mapamundi ni\u00f1os Rex International World Map<\/strong> es ideal para los peque\u00f1os viajeros que est\u00e1n empezando a conocer el mundo.<\/p>\n<p>Su dise\u00f1o con todos los pa\u00edses es inspirador en los viajes con ni\u00f1os.<\/p>\n<p>La zona de la espalda est\u00e1 <strong>acolchada<\/strong> para su comodidad.<\/p>\n<p>Esta recomendada <strong>desde los 12 meses hasta los 3 y 4 a\u00f1os.<\/strong><\/p>\n<p>Ideal para regalar a vuestros peque\u00f1os viajeros en potencia \u00a1La nuestra ya la tiene! Desde que la vimos, no pudimos no enamorarnos de esta mochila.<\/p>\n<p>&nbsp;<\/p>\n","protected":false},"featured_media":26772,"template":"","meta":[],"product_brand":[],"product_cat":[939,940,1953],"product_tag":[1941],"class_list":{"0":"post-26771","1":"product","2":"type-product","3":"status-publish","4":"has-post-thumbnail","6":"product_cat-en-familia","7":"product_cat-maletas-y-mochilas","8":"product_cat-otros-accesorios","9":"product_tag-maleta-mapamundi-rex-international","11":"first","12":"instock","13":"product-type-external"},"yoast_head":"<!-- This site is optimized with the Yoast SEO plugin v27.3 - https:\/\/yoast.com\/product\/yoast-seo-wordpress\/ -->\n<title>Mochila mapamundi ni\u00f1os - Viajandodo<\/title>\n<meta name=\"description\" content=\"La mochila mapamundi ni\u00f1os Rex International World Map es el mejor regalo para vuestros peque\u00f1os viajeros en potencia desde 1 a 4 a\u00f1os.\" \/>\n<meta name=\"robots\" content=\"index, follow, max-snippet:-1, max-image-preview:large, max-video-preview:-1\" \/>\n<link rel=\"canonical\" href=\"https:\/\/viajandodo.com\/fr\/producto\/mochila-mapamundi-ninos\/\" \/>\n<meta property=\"og:locale\" content=\"fr_FR\" \/>\n<meta property=\"og:type\" content=\"article\" \/>\n<meta property=\"og:title\" content=\"Mochila mapamundi ni\u00f1os - Viajandodo\" \/>\n<meta property=\"og:description\" content=\"La mochila mapamundi ni\u00f1os Rex International World Map es el mejor regalo para vuestros peque\u00f1os viajeros en potencia desde 1 a 4 a\u00f1os.\" \/>\n<meta property=\"og:url\" content=\"https:\/\/viajandodo.com\/fr\/producto\/mochila-mapamundi-ninos\/\" \/>\n<meta property=\"og:site_name\" content=\"Viajandodo\" \/>\n<meta property=\"article:publisher\" content=\"https:\/\/www.facebook.com\/blogviajandodo\" \/>\n<meta property=\"article:modified_time\" content=\"2021-09-04T15:19:50+00:00\" \/>\n<meta property=\"og:image\" content=\"https:\/\/viajandodo.com\/wp-content\/uploads\/2021\/09\/Mochila-mapamundi-Rex-International.jpg\" \/>\n\t<meta property=\"og:image:width\" content=\"1082\" \/>\n\t<meta property=\"og:image:height\" content=\"1102\" \/>\n\t<meta property=\"og:image:type\" content=\"image\/jpeg\" \/>\n<meta name=\"twitter:label1\" content=\"Dur\u00e9e de lecture estim\u00e9e\" \/>\n\t<meta name=\"twitter:data1\" content=\"1 minute\" \/>\n<script type=\"application\/ld+json\" class=\"yoast-schema-graph\">{\"@context\":\"https:\\\/\\\/schema.org\",\"@graph\":[{\"@type\":\"WebPage\",\"@id\":\"https:\\\/\\\/viajandodo.com\\\/fr\\\/producto\\\/mochila-mapamundi-ninos\\\/\",\"url\":\"https:\\\/\\\/viajandodo.com\\\/fr\\\/producto\\\/mochila-mapamundi-ninos\\\/\",\"name\":\"Mochila mapamundi ni\u00f1os - Viajandodo\",\"isPartOf\":{\"@id\":\"https:\\\/\\\/viajandodo.com\\\/fr\\\/#website\"},\"primaryImageOfPage\":{\"@id\":\"https:\\\/\\\/viajandodo.com\\\/fr\\\/producto\\\/mochila-mapamundi-ninos\\\/#primaryimage\"},\"image\":{\"@id\":\"https:\\\/\\\/viajandodo.com\\\/fr\\\/producto\\\/mochila-mapamundi-ninos\\\/#primaryimage\"},\"thumbnailUrl\":\"https:\\\/\\\/viajandodo.com\\\/wp-content\\\/uploads\\\/2021\\\/09\\\/Mochila-mapamundi-Rex-International.jpg\",\"datePublished\":\"2021-09-04T13:01:18+00:00\",\"dateModified\":\"2021-09-04T15:19:50+00:00\",\"description\":\"La mochila mapamundi ni\u00f1os Rex International World Map es el mejor regalo para vuestros peque\u00f1os viajeros en potencia desde 1 a 4 a\u00f1os.\",\"breadcrumb\":{\"@id\":\"https:\\\/\\\/viajandodo.com\\\/fr\\\/producto\\\/mochila-mapamundi-ninos\\\/#breadcrumb\"},\"inLanguage\":\"fr-FR\",\"potentialAction\":[{\"@type\":\"ReadAction\",\"target\":[\"https:\\\/\\\/viajandodo.com\\\/fr\\\/producto\\\/mochila-mapamundi-ninos\\\/\"]}]},{\"@type\":\"ImageObject\",\"inLanguage\":\"fr-FR\",\"@id\":\"https:\\\/\\\/viajandodo.com\\\/fr\\\/producto\\\/mochila-mapamundi-ninos\\\/#primaryimage\",\"url\":\"https:\\\/\\\/viajandodo.com\\\/wp-content\\\/uploads\\\/2021\\\/09\\\/Mochila-mapamundi-Rex-International.jpg\",\"contentUrl\":\"https:\\\/\\\/viajandodo.com\\\/wp-content\\\/uploads\\\/2021\\\/09\\\/Mochila-mapamundi-Rex-International.jpg\",\"width\":1082,\"height\":1102},{\"@type\":\"BreadcrumbList\",\"@id\":\"https:\\\/\\\/viajandodo.com\\\/fr\\\/producto\\\/mochila-mapamundi-ninos\\\/#breadcrumb\",\"itemListElement\":[{\"@type\":\"ListItem\",\"position\":1,\"name\":\"Portada\",\"item\":\"https:\\\/\\\/viajandodo.com\\\/fr\\\/\"},{\"@type\":\"ListItem\",\"position\":2,\"name\":\"Boutique\",\"item\":\"https:\\\/\\\/viajandodo.com\\\/fr\\\/boutique\\\/\"},{\"@type\":\"ListItem\",\"position\":3,\"name\":\"Mochila mapamundi ni\u00f1os\"}]},{\"@type\":\"WebSite\",\"@id\":\"https:\\\/\\\/viajandodo.com\\\/fr\\\/#website\",\"url\":\"https:\\\/\\\/viajandodo.com\\\/fr\\\/\",\"name\":\"Viajandodo\",\"description\":\"Un blog de viajes en familia\",\"publisher\":{\"@id\":\"https:\\\/\\\/viajandodo.com\\\/fr\\\/#organization\"},\"potentialAction\":[{\"@type\":\"SearchAction\",\"target\":{\"@type\":\"EntryPoint\",\"urlTemplate\":\"https:\\\/\\\/viajandodo.com\\\/fr\\\/?s={search_term_string}\"},\"query-input\":{\"@type\":\"PropertyValueSpecification\",\"valueRequired\":true,\"valueName\":\"search_term_string\"}}],\"inLanguage\":\"fr-FR\"},{\"@type\":\"Organization\",\"@id\":\"https:\\\/\\\/viajandodo.com\\\/fr\\\/#organization\",\"name\":\"Viajandodo\",\"url\":\"https:\\\/\\\/viajandodo.com\\\/fr\\\/\",\"logo\":{\"@type\":\"ImageObject\",\"inLanguage\":\"fr-FR\",\"@id\":\"https:\\\/\\\/viajandodo.com\\\/fr\\\/#\\\/schema\\\/logo\\\/image\\\/\",\"url\":\"https:\\\/\\\/viajandodo.com\\\/wp-content\\\/uploads\\\/2018\\\/11\\\/Lourdesperez920_AC05a_R2A.png\",\"contentUrl\":\"https:\\\/\\\/viajandodo.com\\\/wp-content\\\/uploads\\\/2018\\\/11\\\/Lourdesperez920_AC05a_R2A.png\",\"width\":773,\"height\":696,\"caption\":\"Viajandodo\"},\"image\":{\"@id\":\"https:\\\/\\\/viajandodo.com\\\/fr\\\/#\\\/schema\\\/logo\\\/image\\\/\"},\"sameAs\":[\"https:\\\/\\\/www.facebook.com\\\/blogviajandodo\",\"https:\\\/\\\/x.com\\\/viajandodoblog\",\"https:\\\/\\\/www.instagram.com\\\/viajandodo\\\/\",\"https:\\\/\\\/www.pinterest.fr\\\/viajandodo\\\/_saved\\\/\",\"https:\\\/\\\/www.youtube.com\\\/channel\\\/UCGPxkIYb95n4itoCtEsTnlg\"]}]}<\/script>\n<!-- \/ Yoast SEO plugin. -->","yoast_head_json":{"title":"Mochila mapamundi ni\u00f1os - Viajandodo","description":"La mochila mapamundi ni\u00f1os Rex International World Map es el mejor regalo para vuestros peque\u00f1os viajeros en potencia desde 1 a 4 a\u00f1os.","robots":{"index":"index","follow":"follow","max-snippet":"max-snippet:-1","max-image-preview":"max-image-preview:large","max-video-preview":"max-video-preview:-1"},"canonical":"https:\/\/viajandodo.com\/fr\/producto\/mochila-mapamundi-ninos\/","og_locale":"fr_FR","og_type":"article","og_title":"Mochila mapamundi ni\u00f1os - Viajandodo","og_description":"La mochila mapamundi ni\u00f1os Rex International World Map es el mejor regalo para vuestros peque\u00f1os viajeros en potencia desde 1 a 4 a\u00f1os.","og_url":"https:\/\/viajandodo.com\/fr\/producto\/mochila-mapamundi-ninos\/","og_site_name":"Viajandodo","article_publisher":"https:\/\/www.facebook.com\/blogviajandodo","article_modified_time":"2021-09-04T15:19:50+00:00","og_image":[{"width":1082,"height":1102,"url":"https:\/\/viajandodo.com\/wp-content\/uploads\/2021\/09\/Mochila-mapamundi-Rex-International.jpg","type":"image\/jpeg"}],"twitter_misc":{"Dur\u00e9e de lecture estim\u00e9e":"1 minute"},"schema":{"@context":"https:\/\/schema.org","@graph":[{"@type":"WebPage","@id":"https:\/\/viajandodo.com\/fr\/producto\/mochila-mapamundi-ninos\/","url":"https:\/\/viajandodo.com\/fr\/producto\/mochila-mapamundi-ninos\/","name":"Mochila mapamundi ni\u00f1os - Viajandodo","isPartOf":{"@id":"https:\/\/viajandodo.com\/fr\/#website"},"primaryImageOfPage":{"@id":"https:\/\/viajandodo.com\/fr\/producto\/mochila-mapamundi-ninos\/#primaryimage"},"image":{"@id":"https:\/\/viajandodo.com\/fr\/producto\/mochila-mapamundi-ninos\/#primaryimage"},"thumbnailUrl":"https:\/\/viajandodo.com\/wp-content\/uploads\/2021\/09\/Mochila-mapamundi-Rex-International.jpg","datePublished":"2021-09-04T13:01:18+00:00","dateModified":"2021-09-04T15:19:50+00:00","description":"La mochila mapamundi ni\u00f1os Rex International World Map es el mejor regalo para vuestros peque\u00f1os viajeros en potencia desde 1 a 4 a\u00f1os.","breadcrumb":{"@id":"https:\/\/viajandodo.com\/fr\/producto\/mochila-mapamundi-ninos\/#breadcrumb"},"inLanguage":"fr-FR","potentialAction":[{"@type":"ReadAction","target":["https:\/\/viajandodo.com\/fr\/producto\/mochila-mapamundi-ninos\/"]}]},{"@type":"ImageObject","inLanguage":"fr-FR","@id":"https:\/\/viajandodo.com\/fr\/producto\/mochila-mapamundi-ninos\/#primaryimage","url":"https:\/\/viajandodo.com\/wp-content\/uploads\/2021\/09\/Mochila-mapamundi-Rex-International.jpg","contentUrl":"https:\/\/viajandodo.com\/wp-content\/uploads\/2021\/09\/Mochila-mapamundi-Rex-International.jpg","width":1082,"height":1102},{"@type":"BreadcrumbList","@id":"https:\/\/viajandodo.com\/fr\/producto\/mochila-mapamundi-ninos\/#breadcrumb","itemListElement":[{"@type":"ListItem","position":1,"name":"Portada","item":"https:\/\/viajandodo.com\/fr\/"},{"@type":"ListItem","position":2,"name":"Boutique","item":"https:\/\/viajandodo.com\/fr\/boutique\/"},{"@type":"ListItem","position":3,"name":"Mochila mapamundi ni\u00f1os"}]},{"@type":"WebSite","@id":"https:\/\/viajandodo.com\/fr\/#website","url":"https:\/\/viajandodo.com\/fr\/","name":"Viajandodo","description":"Un blog de viajes en familia","publisher":{"@id":"https:\/\/viajandodo.com\/fr\/#organization"},"potentialAction":[{"@type":"SearchAction","target":{"@type":"EntryPoint","urlTemplate":"https:\/\/viajandodo.com\/fr\/?s={search_term_string}"},"query-input":{"@type":"PropertyValueSpecification","valueRequired":true,"valueName":"search_term_string"}}],"inLanguage":"fr-FR"},{"@type":"Organization","@id":"https:\/\/viajandodo.com\/fr\/#organization","name":"Viajandodo","url":"https:\/\/viajandodo.com\/fr\/","logo":{"@type":"ImageObject","inLanguage":"fr-FR","@id":"https:\/\/viajandodo.com\/fr\/#\/schema\/logo\/image\/","url":"https:\/\/viajandodo.com\/wp-content\/uploads\/2018\/11\/Lourdesperez920_AC05a_R2A.png","contentUrl":"https:\/\/viajandodo.com\/wp-content\/uploads\/2018\/11\/Lourdesperez920_AC05a_R2A.png","width":773,"height":696,"caption":"Viajandodo"},"image":{"@id":"https:\/\/viajandodo.com\/fr\/#\/schema\/logo\/image\/"},"sameAs":["https:\/\/www.facebook.com\/blogviajandodo","https:\/\/x.com\/viajandodoblog","https:\/\/www.instagram.com\/viajandodo\/","https:\/\/www.pinterest.fr\/viajandodo\/_saved\/","https:\/\/www.youtube.com\/channel\/UCGPxkIYb95n4itoCtEsTnlg"]}]}},"meta_box":[],"_links":{"self":[{"href":"https:\/\/viajandodo.com\/fr\/wp-json\/wp\/v2\/product\/26771","targetHints":{"allow":["GET"]}}],"collection":[{"href":"https:\/\/viajandodo.com\/fr\/wp-json\/wp\/v2\/product"}],"about":[{"href":"https:\/\/viajandodo.com\/fr\/wp-json\/wp\/v2\/types\/product"}],"wp:featuredmedia":[{"embeddable":true,"href":"https:\/\/viajandodo.com\/fr\/wp-json\/wp\/v2\/media\/26772"}],"wp:attachment":[{"href":"https:\/\/viajandodo.com\/fr\/wp-json\/wp\/v2\/media?parent=26771"}],"wp:term":[{"taxonomy":"product_brand","embeddable":true,"href":"https:\/\/viajandodo.com\/fr\/wp-json\/wp\/v2\/product_brand?post=26771"},{"taxonomy":"product_cat","embeddable":true,"href":"https:\/\/viajandodo.com\/fr\/wp-json\/wp\/v2\/product_cat?post=26771"},{"taxonomy":"product_tag","embeddable":true,"href":"https:\/\/viajandodo.com\/fr\/wp-json\/wp\/v2\/product_tag?post=26771"}],"curies":[{"name":"wp","href":"https:\/\/api.w.org\/{rel}","templated":true}]}}