{"id":26776,"date":"2021-09-04T15:16:38","date_gmt":"2021-09-04T13:16:38","guid":{"rendered":"https:\/\/viajandodo.com\/?post_type=product&#038;p=26776"},"modified":"2021-09-04T15:16:38","modified_gmt":"2021-09-04T13:16:38","slug":"samsonite-happy-sammies-2","status":"publish","type":"product","link":"https:\/\/viajandodo.com\/fr\/producto\/samsonite-happy-sammies-2\/","title":{"rendered":"Samsonite Happy Sammies"},"content":{"rendered":"<p>&nbsp;<\/p>\n<ul>\n<li>Maleta <strong>Samsonite Happy Sammies<\/strong> para ni\u00f1os con dise\u00f1os de animales<\/li>\n<li>Apta para la cabina de los aviones<\/li>\n<li>Marca Samsonite<\/li>\n<li>Tejido melange<\/li>\n<li>Dimensiones: 36 x 17.5 x 45 cm<\/li>\n<li>Peso: 1.8 kilogramos<\/li>\n<li>Puedes <strong>completar la colecci\u00f3n con la mochila Samsonite Happy Sammies a juego<\/strong> <a href=\"https:\/\/www.amazon.es\/SAMSONITE-Happy-Sammies-Children-Backpack\/dp\/B076CFRGNG\/ref=as_li_ss_tl?_encoding=UTF8&amp;pd_rd_i=B076CFRGNG&amp;pd_rd_r=8f57c3c4-bfda-460a-af24-5046d0c083f6&amp;pd_rd_w=N2dFL&amp;pd_rd_wg=KsuqV&amp;pf_rd_p=12d945b9-5148-4c92-8c2a-6d4b36ee4de4&amp;pf_rd_r=K87YK8TA4DJ18087BQ8C&amp;refRID=K87YK8TA4DJ18087BQ8C&amp;th=1&amp;linkCode=ll1&amp;tag=viajandodo-21&amp;linkId=786911b68066970be871778d3c8311f8&amp;language=es_ES\" target=\"_blank\" rel=\"noopener noreferrer\"><strong>AQUI<\/strong><\/a><\/li>\n<\/ul>\n<p>&nbsp;<\/p>\n","protected":false},"excerpt":{"rendered":"<p>&nbsp;<\/p>\n<p>Si est\u00e1is buscando una maleta de viaje pr\u00e1ctica y que sea cuqui para vuestros peques, la <strong>Samsonite Happy Sammies<\/strong> no os dejar\u00e1 indiferente.<\/p>\n<p><strong>Sus dise\u00f1os de distintos animales os cautivar\u00e1n<\/strong>: desde el zorro, el koala, el unicornio, el dinosaurio y muchos m\u00e1s.<\/p>\n<p>&nbsp;<\/p>\n","protected":false},"featured_media":26777,"template":"","meta":[],"product_brand":[],"product_cat":[939,940],"product_tag":[1681],"class_list":{"0":"post-26776","1":"product","2":"type-product","3":"status-publish","4":"has-post-thumbnail","6":"product_cat-en-familia","7":"product_cat-maletas-y-mochilas","8":"product_tag-samsonite-happy-sammies","10":"first","11":"instock","12":"product-type-external"},"yoast_head":"<!-- This site is optimized with the Yoast SEO plugin v27.4 - https:\/\/yoast.com\/product\/yoast-seo-wordpress\/ -->\n<title>Samsonite Happy Sammies - Viajandodo<\/title>\n<meta name=\"description\" content=\"La maleta Samsonite Happy Sammies ha sido especialmente pensada para los mas peque\u00f1os con un dise\u00f1o de animales que les encantar\u00e1.\" \/>\n<meta name=\"robots\" content=\"index, follow, max-snippet:-1, max-image-preview:large, max-video-preview:-1\" \/>\n<link rel=\"canonical\" href=\"https:\/\/viajandodo.com\/fr\/producto\/samsonite-happy-sammies-2\/\" \/>\n<meta property=\"og:locale\" content=\"fr_FR\" \/>\n<meta property=\"og:type\" content=\"article\" \/>\n<meta property=\"og:title\" content=\"Samsonite Happy Sammies - Viajandodo\" \/>\n<meta property=\"og:description\" content=\"La maleta Samsonite Happy Sammies ha sido especialmente pensada para los mas peque\u00f1os con un dise\u00f1o de animales que les encantar\u00e1.\" \/>\n<meta property=\"og:url\" content=\"https:\/\/viajandodo.com\/fr\/producto\/samsonite-happy-sammies-2\/\" \/>\n<meta property=\"og:site_name\" content=\"Viajandodo\" \/>\n<meta property=\"article:publisher\" content=\"https:\/\/www.facebook.com\/blogviajandodo\" \/>\n<meta property=\"og:image\" content=\"https:\/\/viajandodo.com\/wp-content\/uploads\/2021\/09\/Samsonite-Happy-Samies.jpg\" \/>\n\t<meta property=\"og:image:width\" content=\"872\" \/>\n\t<meta property=\"og:image:height\" content=\"986\" \/>\n\t<meta property=\"og:image:type\" content=\"image\/jpeg\" \/>\n<script type=\"application\/ld+json\" class=\"yoast-schema-graph\">{\"@context\":\"https:\\\/\\\/schema.org\",\"@graph\":[{\"@type\":\"WebPage\",\"@id\":\"https:\\\/\\\/viajandodo.com\\\/fr\\\/producto\\\/samsonite-happy-sammies-2\\\/\",\"url\":\"https:\\\/\\\/viajandodo.com\\\/fr\\\/producto\\\/samsonite-happy-sammies-2\\\/\",\"name\":\"Samsonite Happy Sammies - Viajandodo\",\"isPartOf\":{\"@id\":\"https:\\\/\\\/viajandodo.com\\\/fr\\\/#website\"},\"primaryImageOfPage\":{\"@id\":\"https:\\\/\\\/viajandodo.com\\\/fr\\\/producto\\\/samsonite-happy-sammies-2\\\/#primaryimage\"},\"image\":{\"@id\":\"https:\\\/\\\/viajandodo.com\\\/fr\\\/producto\\\/samsonite-happy-sammies-2\\\/#primaryimage\"},\"thumbnailUrl\":\"https:\\\/\\\/viajandodo.com\\\/wp-content\\\/uploads\\\/2021\\\/09\\\/Samsonite-Happy-Samies.jpg\",\"datePublished\":\"2021-09-04T13:16:38+00:00\",\"description\":\"La maleta Samsonite Happy Sammies ha sido especialmente pensada para los mas peque\u00f1os con un dise\u00f1o de animales que les encantar\u00e1.\",\"breadcrumb\":{\"@id\":\"https:\\\/\\\/viajandodo.com\\\/fr\\\/producto\\\/samsonite-happy-sammies-2\\\/#breadcrumb\"},\"inLanguage\":\"fr-FR\",\"potentialAction\":[{\"@type\":\"ReadAction\",\"target\":[\"https:\\\/\\\/viajandodo.com\\\/fr\\\/producto\\\/samsonite-happy-sammies-2\\\/\"]}]},{\"@type\":\"ImageObject\",\"inLanguage\":\"fr-FR\",\"@id\":\"https:\\\/\\\/viajandodo.com\\\/fr\\\/producto\\\/samsonite-happy-sammies-2\\\/#primaryimage\",\"url\":\"https:\\\/\\\/viajandodo.com\\\/wp-content\\\/uploads\\\/2021\\\/09\\\/Samsonite-Happy-Samies.jpg\",\"contentUrl\":\"https:\\\/\\\/viajandodo.com\\\/wp-content\\\/uploads\\\/2021\\\/09\\\/Samsonite-Happy-Samies.jpg\",\"width\":872,\"height\":986},{\"@type\":\"BreadcrumbList\",\"@id\":\"https:\\\/\\\/viajandodo.com\\\/fr\\\/producto\\\/samsonite-happy-sammies-2\\\/#breadcrumb\",\"itemListElement\":[{\"@type\":\"ListItem\",\"position\":1,\"name\":\"Portada\",\"item\":\"https:\\\/\\\/viajandodo.com\\\/fr\\\/\"},{\"@type\":\"ListItem\",\"position\":2,\"name\":\"Boutique\",\"item\":\"https:\\\/\\\/viajandodo.com\\\/fr\\\/boutique\\\/\"},{\"@type\":\"ListItem\",\"position\":3,\"name\":\"Samsonite Happy Sammies\"}]},{\"@type\":\"WebSite\",\"@id\":\"https:\\\/\\\/viajandodo.com\\\/fr\\\/#website\",\"url\":\"https:\\\/\\\/viajandodo.com\\\/fr\\\/\",\"name\":\"Viajandodo\",\"description\":\"Un blog de viajes en familia\",\"publisher\":{\"@id\":\"https:\\\/\\\/viajandodo.com\\\/fr\\\/#organization\"},\"potentialAction\":[{\"@type\":\"SearchAction\",\"target\":{\"@type\":\"EntryPoint\",\"urlTemplate\":\"https:\\\/\\\/viajandodo.com\\\/fr\\\/?s={search_term_string}\"},\"query-input\":{\"@type\":\"PropertyValueSpecification\",\"valueRequired\":true,\"valueName\":\"search_term_string\"}}],\"inLanguage\":\"fr-FR\"},{\"@type\":\"Organization\",\"@id\":\"https:\\\/\\\/viajandodo.com\\\/fr\\\/#organization\",\"name\":\"Viajandodo\",\"url\":\"https:\\\/\\\/viajandodo.com\\\/fr\\\/\",\"logo\":{\"@type\":\"ImageObject\",\"inLanguage\":\"fr-FR\",\"@id\":\"https:\\\/\\\/viajandodo.com\\\/fr\\\/#\\\/schema\\\/logo\\\/image\\\/\",\"url\":\"https:\\\/\\\/viajandodo.com\\\/wp-content\\\/uploads\\\/2018\\\/11\\\/Lourdesperez920_AC05a_R2A.png\",\"contentUrl\":\"https:\\\/\\\/viajandodo.com\\\/wp-content\\\/uploads\\\/2018\\\/11\\\/Lourdesperez920_AC05a_R2A.png\",\"width\":773,\"height\":696,\"caption\":\"Viajandodo\"},\"image\":{\"@id\":\"https:\\\/\\\/viajandodo.com\\\/fr\\\/#\\\/schema\\\/logo\\\/image\\\/\"},\"sameAs\":[\"https:\\\/\\\/www.facebook.com\\\/blogviajandodo\",\"https:\\\/\\\/x.com\\\/viajandodoblog\",\"https:\\\/\\\/www.instagram.com\\\/viajandodo\\\/\",\"https:\\\/\\\/www.pinterest.fr\\\/viajandodo\\\/_saved\\\/\",\"https:\\\/\\\/www.youtube.com\\\/channel\\\/UCGPxkIYb95n4itoCtEsTnlg\"]}]}<\/script>\n<!-- \/ Yoast SEO plugin. -->","yoast_head_json":{"title":"Samsonite Happy Sammies - Viajandodo","description":"La maleta Samsonite Happy Sammies ha sido especialmente pensada para los mas peque\u00f1os con un dise\u00f1o de animales que les encantar\u00e1.","robots":{"index":"index","follow":"follow","max-snippet":"max-snippet:-1","max-image-preview":"max-image-preview:large","max-video-preview":"max-video-preview:-1"},"canonical":"https:\/\/viajandodo.com\/fr\/producto\/samsonite-happy-sammies-2\/","og_locale":"fr_FR","og_type":"article","og_title":"Samsonite Happy Sammies - Viajandodo","og_description":"La maleta Samsonite Happy Sammies ha sido especialmente pensada para los mas peque\u00f1os con un dise\u00f1o de animales que les encantar\u00e1.","og_url":"https:\/\/viajandodo.com\/fr\/producto\/samsonite-happy-sammies-2\/","og_site_name":"Viajandodo","article_publisher":"https:\/\/www.facebook.com\/blogviajandodo","og_image":[{"width":872,"height":986,"url":"https:\/\/viajandodo.com\/wp-content\/uploads\/2021\/09\/Samsonite-Happy-Samies.jpg","type":"image\/jpeg"}],"schema":{"@context":"https:\/\/schema.org","@graph":[{"@type":"WebPage","@id":"https:\/\/viajandodo.com\/fr\/producto\/samsonite-happy-sammies-2\/","url":"https:\/\/viajandodo.com\/fr\/producto\/samsonite-happy-sammies-2\/","name":"Samsonite Happy Sammies - Viajandodo","isPartOf":{"@id":"https:\/\/viajandodo.com\/fr\/#website"},"primaryImageOfPage":{"@id":"https:\/\/viajandodo.com\/fr\/producto\/samsonite-happy-sammies-2\/#primaryimage"},"image":{"@id":"https:\/\/viajandodo.com\/fr\/producto\/samsonite-happy-sammies-2\/#primaryimage"},"thumbnailUrl":"https:\/\/viajandodo.com\/wp-content\/uploads\/2021\/09\/Samsonite-Happy-Samies.jpg","datePublished":"2021-09-04T13:16:38+00:00","description":"La maleta Samsonite Happy Sammies ha sido especialmente pensada para los mas peque\u00f1os con un dise\u00f1o de animales que les encantar\u00e1.","breadcrumb":{"@id":"https:\/\/viajandodo.com\/fr\/producto\/samsonite-happy-sammies-2\/#breadcrumb"},"inLanguage":"fr-FR","potentialAction":[{"@type":"ReadAction","target":["https:\/\/viajandodo.com\/fr\/producto\/samsonite-happy-sammies-2\/"]}]},{"@type":"ImageObject","inLanguage":"fr-FR","@id":"https:\/\/viajandodo.com\/fr\/producto\/samsonite-happy-sammies-2\/#primaryimage","url":"https:\/\/viajandodo.com\/wp-content\/uploads\/2021\/09\/Samsonite-Happy-Samies.jpg","contentUrl":"https:\/\/viajandodo.com\/wp-content\/uploads\/2021\/09\/Samsonite-Happy-Samies.jpg","width":872,"height":986},{"@type":"BreadcrumbList","@id":"https:\/\/viajandodo.com\/fr\/producto\/samsonite-happy-sammies-2\/#breadcrumb","itemListElement":[{"@type":"ListItem","position":1,"name":"Portada","item":"https:\/\/viajandodo.com\/fr\/"},{"@type":"ListItem","position":2,"name":"Boutique","item":"https:\/\/viajandodo.com\/fr\/boutique\/"},{"@type":"ListItem","position":3,"name":"Samsonite Happy Sammies"}]},{"@type":"WebSite","@id":"https:\/\/viajandodo.com\/fr\/#website","url":"https:\/\/viajandodo.com\/fr\/","name":"Viajandodo","description":"Un blog de viajes en familia","publisher":{"@id":"https:\/\/viajandodo.com\/fr\/#organization"},"potentialAction":[{"@type":"SearchAction","target":{"@type":"EntryPoint","urlTemplate":"https:\/\/viajandodo.com\/fr\/?s={search_term_string}"},"query-input":{"@type":"PropertyValueSpecification","valueRequired":true,"valueName":"search_term_string"}}],"inLanguage":"fr-FR"},{"@type":"Organization","@id":"https:\/\/viajandodo.com\/fr\/#organization","name":"Viajandodo","url":"https:\/\/viajandodo.com\/fr\/","logo":{"@type":"ImageObject","inLanguage":"fr-FR","@id":"https:\/\/viajandodo.com\/fr\/#\/schema\/logo\/image\/","url":"https:\/\/viajandodo.com\/wp-content\/uploads\/2018\/11\/Lourdesperez920_AC05a_R2A.png","contentUrl":"https:\/\/viajandodo.com\/wp-content\/uploads\/2018\/11\/Lourdesperez920_AC05a_R2A.png","width":773,"height":696,"caption":"Viajandodo"},"image":{"@id":"https:\/\/viajandodo.com\/fr\/#\/schema\/logo\/image\/"},"sameAs":["https:\/\/www.facebook.com\/blogviajandodo","https:\/\/x.com\/viajandodoblog","https:\/\/www.instagram.com\/viajandodo\/","https:\/\/www.pinterest.fr\/viajandodo\/_saved\/","https:\/\/www.youtube.com\/channel\/UCGPxkIYb95n4itoCtEsTnlg"]}]}},"meta_box":[],"_links":{"self":[{"href":"https:\/\/viajandodo.com\/fr\/wp-json\/wp\/v2\/product\/26776","targetHints":{"allow":["GET"]}}],"collection":[{"href":"https:\/\/viajandodo.com\/fr\/wp-json\/wp\/v2\/product"}],"about":[{"href":"https:\/\/viajandodo.com\/fr\/wp-json\/wp\/v2\/types\/product"}],"wp:featuredmedia":[{"embeddable":true,"href":"https:\/\/viajandodo.com\/fr\/wp-json\/wp\/v2\/media\/26777"}],"wp:attachment":[{"href":"https:\/\/viajandodo.com\/fr\/wp-json\/wp\/v2\/media?parent=26776"}],"wp:term":[{"taxonomy":"product_brand","embeddable":true,"href":"https:\/\/viajandodo.com\/fr\/wp-json\/wp\/v2\/product_brand?post=26776"},{"taxonomy":"product_cat","embeddable":true,"href":"https:\/\/viajandodo.com\/fr\/wp-json\/wp\/v2\/product_cat?post=26776"},{"taxonomy":"product_tag","embeddable":true,"href":"https:\/\/viajandodo.com\/fr\/wp-json\/wp\/v2\/product_tag?post=26776"}],"curies":[{"name":"wp","href":"https:\/\/api.w.org\/{rel}","templated":true}]}}