{"id":26788,"date":"2021-09-04T16:04:03","date_gmt":"2021-09-04T14:04:03","guid":{"rendered":"https:\/\/viajandodo.com\/?post_type=product&#038;p=26788"},"modified":"2021-09-04T16:04:03","modified_gmt":"2021-09-04T14:04:03","slug":"45-juegos-de-viaje","status":"publish","type":"product","link":"https:\/\/viajandodo.com\/fr\/producto\/45-juegos-de-viaje\/","title":{"rendered":"45 juegos de viaje"},"content":{"rendered":"<p>&nbsp;<\/p>\n<ul>\n<li>Peque\u00f1o bloc de <strong>45 juegos de viaje <\/strong>con el formato ideal para llevarlo por todas partes <strong>para el entretenimiento de nuestros peque\u00f1os durante un viaje.<\/strong> Ya sea en el avi\u00f3n, en el coche, en una estaci\u00f3n o tras cada visita.<\/li>\n<li>Incluye tanto <strong>juegos de observaci\u00f3n<\/strong> (juego de parejas, busca y encuentra, las 7 diferencias&#8230;) como <strong>juegos de enigmas<\/strong> (sopa de letras, sudokus, unir puntos, juegos de deducci\u00f3n, juegos de c\u00e1lculo) y <strong>numerosos laberintos.<\/strong><\/li>\n<li>Incluye <strong>rotulador que se borra f\u00e1cilmente<\/strong> y permite que se vuelva a escribir<\/li>\n<li>La <strong>creadora del bloc de 45 juegos de viaje <\/strong><strong>es C\u00e9line Potard la cual vive en Par\u00eds<\/strong> cuyos libros de juegos se publican en varias editoriales francesas<\/li>\n<li><strong>Editorial: Auzou<\/strong><\/li>\n<li>Recomendado en virtud de una mejor comprensi\u00f3n del juego <strong>a partir de 4 a\u00f1os\u00a0<\/strong><\/li>\n<li>Nivel de lectura: <strong>de 3 a 6 a\u00f1os<\/strong><\/li>\n<li><strong>Materiales de buena calidad<\/strong><\/li>\n<li>Las <strong>soluciones a los juegos<\/strong> vienen en las \u00faltimas 5 p\u00e1ginas<\/li>\n<li><strong>Bloc de anillas<\/strong><\/li>\n<li><strong>54 p\u00e1ginas<\/strong><\/li>\n<li><strong>Peso: 100 gr<\/strong><\/li>\n<li><strong>Idioma: espa\u00f1ol<\/strong><\/li>\n<li>Adem\u00e1s, pod\u00e9is <strong>completar la colecci\u00f3n<\/strong> con:<\/li>\n<\/ul>\n<p>&nbsp;<\/p>\n<ul>\n<li style=\"list-style-type: none;\">\n<ul>\n<li><a href=\"https:\/\/www.amazon.es\/45-juegos-animales-Vv-Aa\/dp\/273385786X\/ref=as_li_ss_tl?_encoding=UTF8&amp;pd_rd_i=273385786X&amp;pd_rd_r=aedaaf1f-acd0-464d-9e58-958b6415b337&amp;pd_rd_w=yrBs5&amp;pd_rd_wg=jTe5K&amp;pf_rd_p=12d945b9-5148-4c92-8c2a-6d4b36ee4de4&amp;pf_rd_r=42MHYE71P9R7HVYXV49F&amp;psc=1&amp;refRID=42MHYE71P9R7HVYXV49F&amp;linkCode=ll1&amp;tag=viajandodo-21&amp;linkId=6e91df9246ff18ba67e01ae5fca95b2c&amp;language=es_ES\" target=\"_blank\" rel=\"noopener noreferrer\"><strong>Los 45 juegos de Animales<\/strong><\/a><\/li>\n<\/ul>\n<\/li>\n<\/ul>\n<p>&nbsp;<\/p>\n<ul>\n<li style=\"list-style-type: none;\">\n<ul>\n<li><a href=\"https:\/\/www.amazon.es\/45-juegos-%C2%A1-paseo-Vv-Aa\/dp\/2733857851\/ref=as_li_ss_tl?_encoding=UTF8&amp;pd_rd_i=2733857851&amp;pd_rd_r=9b9b217a-1a3a-40e5-b457-55bdb2c9be93&amp;pd_rd_w=OtWDN&amp;pd_rd_wg=B4cLQ&amp;pf_rd_p=dd738298-9698-4d96-aa46-cc7f9fd38c59&amp;pf_rd_r=PET8X9RX7X75DNSH9V71&amp;psc=1&amp;refRID=PET8X9RX7X75DNSH9V71&amp;linkCode=ll1&amp;tag=viajandodo-21&amp;linkId=bfc5de28668d6f623386d4ed266503c6&amp;language=es_ES\" target=\"_blank\" rel=\"noopener noreferrer\"><strong>Los 45 juegos de paseo<\/strong><\/a><\/li>\n<\/ul>\n<\/li>\n<\/ul>\n<p>&nbsp;<\/p>\n<ul>\n<li style=\"list-style-type: none;\">\n<ul>\n<li><a href=\"https:\/\/www.amazon.es\/dp\/2733870971\/ref=as_li_ss_tl?psc=1&amp;pd_rd_i=2733870971p13NParams&amp;spLa=ZW5jcnlwdGVkUXVhbGlmaWVyPUFGQ0JHN1ZEOTg0NzUmZW5jcnlwdGVkSWQ9QTA3NDE3NDYzRExWWTZIOENUVk0yJmVuY3J5cHRlZEFkSWQ9QTAzMjA4MjQxSkNWMDI0N1IzWFZVJndpZGdldE5hbWU9c3BfZGV0YWlsJmFjdGlvbj1jbGlja1JlZGlyZWN0JmRvTm90TG9nQ2xpY2s9dHJ1ZQ==&amp;linkCode=ll1&amp;tag=viajandodo-21&amp;linkId=5b6b70410c059b3384bd70788bce42e8&amp;language=es_ES\" target=\"_blank\" rel=\"noopener noreferrer\"><strong>Los 45 juegos para las vacaciones<\/strong><\/a><\/li>\n<\/ul>\n<\/li>\n<\/ul>\n<p>&nbsp;<\/p>\n<ul>\n<li style=\"list-style-type: none;\">\n<ul>\n<li><a href=\"https:\/\/www.amazon.es\/dp\/2733850210\/ref=as_li_ss_tl?psc=1&amp;pd_rd_i=2733850210p13NParams&amp;spLa=ZW5jcnlwdGVkUXVhbGlmaWVyPUFMS01SQjhYMzY1TU4mZW5jcnlwdGVkSWQ9QTAzODUzNTVaMTNVNTZLVlpaNUMmZW5jcnlwdGVkQWRJZD1BMDMyMTEzNlZGUjEzTTVEQ0M4TSZ3aWRnZXROYW1lPXNwX2RldGFpbCZhY3Rpb249Y2xpY2tSZWRpcmVjdCZkb05vdExvZ0NsaWNrPXRydWU=&amp;linkCode=ll1&amp;tag=viajandodo-21&amp;linkId=ad2290d8479c652ec31f6104810511f8&amp;language=es_ES\" target=\"_blank\" rel=\"noopener noreferrer\"><strong>Los 45 juegos mientras espero<\/strong><\/a><\/li>\n<\/ul>\n<\/li>\n<\/ul>\n<p>&nbsp;<\/p>\n","protected":false},"excerpt":{"rendered":"<p>&nbsp;<\/p>\n<p>Este pr\u00e1ctico bloc de <strong>45 juegos de viaje<\/strong> tiene un <strong>formato peque\u00f1o<\/strong> pensado para el <strong>entretenimiento de nuestros peques en los viajes.<\/strong> Por lo que no olvid\u00e9is meterlo en la maleta para que se diviertan por todas partes.<\/p>\n<p>Cuenta con un <strong>rotulador borrable<\/strong> para llevar a cabo los diferentes juegos que se encuentran dentro del cuaderno: de observaci\u00f3n, de busca y encuentra,\u00a0 juegos de sombras, las 7 diferencias, sudokus, crucigramas, sopas de letras, unir puntos, laberintos y c\u00e1lculos entre muchos otros.<\/p>\n<p>Lo bueno es que, podr\u00e1n comprobar todas las soluciones al final.<\/p>\n<p>\u00a1Este cuaderno es un indispensable si viajas con ni\u00f1os!<\/p>\n<p>Adem\u00e1s, pod\u00e9is <strong>completar la colecci\u00f3n<\/strong> con:<\/p>\n<p>&nbsp;<\/p>\n<ul>\n<li><a href=\"https:\/\/www.amazon.es\/45-juegos-animales-Vv-Aa\/dp\/273385786X\/ref=as_li_ss_tl?_encoding=UTF8&amp;pd_rd_i=273385786X&amp;pd_rd_r=aedaaf1f-acd0-464d-9e58-958b6415b337&amp;pd_rd_w=yrBs5&amp;pd_rd_wg=jTe5K&amp;pf_rd_p=12d945b9-5148-4c92-8c2a-6d4b36ee4de4&amp;pf_rd_r=42MHYE71P9R7HVYXV49F&amp;psc=1&amp;refRID=42MHYE71P9R7HVYXV49F&amp;linkCode=ll1&amp;tag=viajandodo-21&amp;linkId=6e91df9246ff18ba67e01ae5fca95b2c&amp;language=es_ES\" target=\"_blank\" rel=\"noopener noreferrer\"><strong>Los 45 juegos de Animales<\/strong><\/a><\/li>\n<\/ul>\n<p>&nbsp;<\/p>\n<ul>\n<li><a href=\"https:\/\/www.amazon.es\/45-juegos-%C2%A1-paseo-Vv-Aa\/dp\/2733857851\/ref=as_li_ss_tl?_encoding=UTF8&amp;pd_rd_i=2733857851&amp;pd_rd_r=9b9b217a-1a3a-40e5-b457-55bdb2c9be93&amp;pd_rd_w=OtWDN&amp;pd_rd_wg=B4cLQ&amp;pf_rd_p=dd738298-9698-4d96-aa46-cc7f9fd38c59&amp;pf_rd_r=PET8X9RX7X75DNSH9V71&amp;psc=1&amp;refRID=PET8X9RX7X75DNSH9V71&amp;linkCode=ll1&amp;tag=viajandodo-21&amp;linkId=bfc5de28668d6f623386d4ed266503c6&amp;language=es_ES\" target=\"_blank\" rel=\"noopener noreferrer\"><strong>Los 45 juegos de paseo<\/strong><\/a><\/li>\n<\/ul>\n<p>&nbsp;<\/p>\n<ul>\n<li><a href=\"https:\/\/www.amazon.es\/dp\/2733870971\/ref=as_li_ss_tl?psc=1&amp;pd_rd_i=2733870971p13NParams&amp;spLa=ZW5jcnlwdGVkUXVhbGlmaWVyPUFGQ0JHN1ZEOTg0NzUmZW5jcnlwdGVkSWQ9QTA3NDE3NDYzRExWWTZIOENUVk0yJmVuY3J5cHRlZEFkSWQ9QTAzMjA4MjQxSkNWMDI0N1IzWFZVJndpZGdldE5hbWU9c3BfZGV0YWlsJmFjdGlvbj1jbGlja1JlZGlyZWN0JmRvTm90TG9nQ2xpY2s9dHJ1ZQ==&amp;linkCode=ll1&amp;tag=viajandodo-21&amp;linkId=5b6b70410c059b3384bd70788bce42e8&amp;language=es_ES\" target=\"_blank\" rel=\"noopener noreferrer\"><strong>Los 45 juegos para las vacaciones<\/strong><\/a><\/li>\n<\/ul>\n<p>&nbsp;<\/p>\n<ul>\n<li><a href=\"https:\/\/www.amazon.es\/dp\/2733850210\/ref=as_li_ss_tl?psc=1&amp;pd_rd_i=2733850210p13NParams&amp;spLa=ZW5jcnlwdGVkUXVhbGlmaWVyPUFMS01SQjhYMzY1TU4mZW5jcnlwdGVkSWQ9QTAzODUzNTVaMTNVNTZLVlpaNUMmZW5jcnlwdGVkQWRJZD1BMDMyMTEzNlZGUjEzTTVEQ0M4TSZ3aWRnZXROYW1lPXNwX2RldGFpbCZhY3Rpb249Y2xpY2tSZWRpcmVjdCZkb05vdExvZ0NsaWNrPXRydWU=&amp;linkCode=ll1&amp;tag=viajandodo-21&amp;linkId=ad2290d8479c652ec31f6104810511f8&amp;language=es_ES\" target=\"_blank\" rel=\"noopener noreferrer\"><strong>Los 45 juegos mientras espero<\/strong><\/a><\/li>\n<\/ul>\n<p>&nbsp;<\/p>\n","protected":false},"featured_media":26789,"template":"","meta":[],"product_brand":[],"product_cat":[939,1290],"product_tag":[1947],"class_list":{"0":"post-26788","1":"product","2":"type-product","3":"status-publish","4":"has-post-thumbnail","6":"product_cat-en-familia","7":"product_cat-libros-y-juegos","8":"product_tag-cuaderno-juegos-de-viajes","10":"first","11":"instock","12":"product-type-external"},"yoast_head":"<!-- This site is optimized with the Yoast SEO plugin v27.5 - https:\/\/yoast.com\/product\/yoast-seo-wordpress\/ -->\n<title>45 juegos de viaje - Viajandodo<\/title>\n<meta name=\"description\" content=\"Este blog en formato peque\u00f1o de 45 juegos de viaje ha sido pensado para entretener a vuestros peques all\u00e1 donde vayan.\" \/>\n<meta name=\"robots\" content=\"index, follow, max-snippet:-1, max-image-preview:large, max-video-preview:-1\" \/>\n<link rel=\"canonical\" href=\"https:\/\/viajandodo.com\/fr\/producto\/45-juegos-de-viaje\/\" \/>\n<meta property=\"og:locale\" content=\"fr_FR\" \/>\n<meta property=\"og:type\" content=\"article\" \/>\n<meta property=\"og:title\" content=\"45 juegos de viaje - Viajandodo\" \/>\n<meta property=\"og:description\" content=\"Este blog en formato peque\u00f1o de 45 juegos de viaje ha sido pensado para entretener a vuestros peques all\u00e1 donde vayan.\" \/>\n<meta property=\"og:url\" content=\"https:\/\/viajandodo.com\/fr\/producto\/45-juegos-de-viaje\/\" \/>\n<meta property=\"og:site_name\" content=\"Viajandodo\" \/>\n<meta property=\"article:publisher\" content=\"https:\/\/www.facebook.com\/blogviajandodo\" \/>\n<meta property=\"og:image\" content=\"https:\/\/viajandodo.com\/wp-content\/uploads\/2021\/09\/45-juegos-de-viaje.jpg\" \/>\n\t<meta property=\"og:image:width\" content=\"520\" \/>\n\t<meta property=\"og:image:height\" content=\"746\" \/>\n\t<meta property=\"og:image:type\" content=\"image\/jpeg\" \/>\n<meta name=\"twitter:label1\" content=\"Dur\u00e9e de lecture estim\u00e9e\" \/>\n\t<meta name=\"twitter:data1\" content=\"1 minute\" \/>\n<script type=\"application\/ld+json\" class=\"yoast-schema-graph\">{\"@context\":\"https:\\\/\\\/schema.org\",\"@graph\":[{\"@type\":\"WebPage\",\"@id\":\"https:\\\/\\\/viajandodo.com\\\/fr\\\/producto\\\/45-juegos-de-viaje\\\/\",\"url\":\"https:\\\/\\\/viajandodo.com\\\/fr\\\/producto\\\/45-juegos-de-viaje\\\/\",\"name\":\"45 juegos de viaje - Viajandodo\",\"isPartOf\":{\"@id\":\"https:\\\/\\\/viajandodo.com\\\/fr\\\/#website\"},\"primaryImageOfPage\":{\"@id\":\"https:\\\/\\\/viajandodo.com\\\/fr\\\/producto\\\/45-juegos-de-viaje\\\/#primaryimage\"},\"image\":{\"@id\":\"https:\\\/\\\/viajandodo.com\\\/fr\\\/producto\\\/45-juegos-de-viaje\\\/#primaryimage\"},\"thumbnailUrl\":\"https:\\\/\\\/viajandodo.com\\\/wp-content\\\/uploads\\\/2021\\\/09\\\/45-juegos-de-viaje.jpg\",\"datePublished\":\"2021-09-04T14:04:03+00:00\",\"description\":\"Este blog en formato peque\u00f1o de 45 juegos de viaje ha sido pensado para entretener a vuestros peques all\u00e1 donde vayan.\",\"breadcrumb\":{\"@id\":\"https:\\\/\\\/viajandodo.com\\\/fr\\\/producto\\\/45-juegos-de-viaje\\\/#breadcrumb\"},\"inLanguage\":\"fr-FR\",\"potentialAction\":[{\"@type\":\"ReadAction\",\"target\":[\"https:\\\/\\\/viajandodo.com\\\/fr\\\/producto\\\/45-juegos-de-viaje\\\/\"]}]},{\"@type\":\"ImageObject\",\"inLanguage\":\"fr-FR\",\"@id\":\"https:\\\/\\\/viajandodo.com\\\/fr\\\/producto\\\/45-juegos-de-viaje\\\/#primaryimage\",\"url\":\"https:\\\/\\\/viajandodo.com\\\/wp-content\\\/uploads\\\/2021\\\/09\\\/45-juegos-de-viaje.jpg\",\"contentUrl\":\"https:\\\/\\\/viajandodo.com\\\/wp-content\\\/uploads\\\/2021\\\/09\\\/45-juegos-de-viaje.jpg\",\"width\":520,\"height\":746},{\"@type\":\"BreadcrumbList\",\"@id\":\"https:\\\/\\\/viajandodo.com\\\/fr\\\/producto\\\/45-juegos-de-viaje\\\/#breadcrumb\",\"itemListElement\":[{\"@type\":\"ListItem\",\"position\":1,\"name\":\"Portada\",\"item\":\"https:\\\/\\\/viajandodo.com\\\/fr\\\/\"},{\"@type\":\"ListItem\",\"position\":2,\"name\":\"Boutique\",\"item\":\"https:\\\/\\\/viajandodo.com\\\/fr\\\/boutique\\\/\"},{\"@type\":\"ListItem\",\"position\":3,\"name\":\"45 juegos de viaje\"}]},{\"@type\":\"WebSite\",\"@id\":\"https:\\\/\\\/viajandodo.com\\\/fr\\\/#website\",\"url\":\"https:\\\/\\\/viajandodo.com\\\/fr\\\/\",\"name\":\"Viajandodo\",\"description\":\"Un blog de viajes en familia\",\"publisher\":{\"@id\":\"https:\\\/\\\/viajandodo.com\\\/fr\\\/#organization\"},\"potentialAction\":[{\"@type\":\"SearchAction\",\"target\":{\"@type\":\"EntryPoint\",\"urlTemplate\":\"https:\\\/\\\/viajandodo.com\\\/fr\\\/?s={search_term_string}\"},\"query-input\":{\"@type\":\"PropertyValueSpecification\",\"valueRequired\":true,\"valueName\":\"search_term_string\"}}],\"inLanguage\":\"fr-FR\"},{\"@type\":\"Organization\",\"@id\":\"https:\\\/\\\/viajandodo.com\\\/fr\\\/#organization\",\"name\":\"Viajandodo\",\"url\":\"https:\\\/\\\/viajandodo.com\\\/fr\\\/\",\"logo\":{\"@type\":\"ImageObject\",\"inLanguage\":\"fr-FR\",\"@id\":\"https:\\\/\\\/viajandodo.com\\\/fr\\\/#\\\/schema\\\/logo\\\/image\\\/\",\"url\":\"https:\\\/\\\/viajandodo.com\\\/wp-content\\\/uploads\\\/2018\\\/11\\\/Lourdesperez920_AC05a_R2A.png\",\"contentUrl\":\"https:\\\/\\\/viajandodo.com\\\/wp-content\\\/uploads\\\/2018\\\/11\\\/Lourdesperez920_AC05a_R2A.png\",\"width\":773,\"height\":696,\"caption\":\"Viajandodo\"},\"image\":{\"@id\":\"https:\\\/\\\/viajandodo.com\\\/fr\\\/#\\\/schema\\\/logo\\\/image\\\/\"},\"sameAs\":[\"https:\\\/\\\/www.facebook.com\\\/blogviajandodo\",\"https:\\\/\\\/x.com\\\/viajandodoblog\",\"https:\\\/\\\/www.instagram.com\\\/viajandodo\\\/\",\"https:\\\/\\\/www.pinterest.fr\\\/viajandodo\\\/_saved\\\/\",\"https:\\\/\\\/www.youtube.com\\\/channel\\\/UCGPxkIYb95n4itoCtEsTnlg\"]}]}<\/script>\n<!-- \/ Yoast SEO plugin. -->","yoast_head_json":{"title":"45 juegos de viaje - Viajandodo","description":"Este blog en formato peque\u00f1o de 45 juegos de viaje ha sido pensado para entretener a vuestros peques all\u00e1 donde vayan.","robots":{"index":"index","follow":"follow","max-snippet":"max-snippet:-1","max-image-preview":"max-image-preview:large","max-video-preview":"max-video-preview:-1"},"canonical":"https:\/\/viajandodo.com\/fr\/producto\/45-juegos-de-viaje\/","og_locale":"fr_FR","og_type":"article","og_title":"45 juegos de viaje - Viajandodo","og_description":"Este blog en formato peque\u00f1o de 45 juegos de viaje ha sido pensado para entretener a vuestros peques all\u00e1 donde vayan.","og_url":"https:\/\/viajandodo.com\/fr\/producto\/45-juegos-de-viaje\/","og_site_name":"Viajandodo","article_publisher":"https:\/\/www.facebook.com\/blogviajandodo","og_image":[{"width":520,"height":746,"url":"https:\/\/viajandodo.com\/wp-content\/uploads\/2021\/09\/45-juegos-de-viaje.jpg","type":"image\/jpeg"}],"twitter_misc":{"Dur\u00e9e de lecture estim\u00e9e":"1 minute"},"schema":{"@context":"https:\/\/schema.org","@graph":[{"@type":"WebPage","@id":"https:\/\/viajandodo.com\/fr\/producto\/45-juegos-de-viaje\/","url":"https:\/\/viajandodo.com\/fr\/producto\/45-juegos-de-viaje\/","name":"45 juegos de viaje - Viajandodo","isPartOf":{"@id":"https:\/\/viajandodo.com\/fr\/#website"},"primaryImageOfPage":{"@id":"https:\/\/viajandodo.com\/fr\/producto\/45-juegos-de-viaje\/#primaryimage"},"image":{"@id":"https:\/\/viajandodo.com\/fr\/producto\/45-juegos-de-viaje\/#primaryimage"},"thumbnailUrl":"https:\/\/viajandodo.com\/wp-content\/uploads\/2021\/09\/45-juegos-de-viaje.jpg","datePublished":"2021-09-04T14:04:03+00:00","description":"Este blog en formato peque\u00f1o de 45 juegos de viaje ha sido pensado para entretener a vuestros peques all\u00e1 donde vayan.","breadcrumb":{"@id":"https:\/\/viajandodo.com\/fr\/producto\/45-juegos-de-viaje\/#breadcrumb"},"inLanguage":"fr-FR","potentialAction":[{"@type":"ReadAction","target":["https:\/\/viajandodo.com\/fr\/producto\/45-juegos-de-viaje\/"]}]},{"@type":"ImageObject","inLanguage":"fr-FR","@id":"https:\/\/viajandodo.com\/fr\/producto\/45-juegos-de-viaje\/#primaryimage","url":"https:\/\/viajandodo.com\/wp-content\/uploads\/2021\/09\/45-juegos-de-viaje.jpg","contentUrl":"https:\/\/viajandodo.com\/wp-content\/uploads\/2021\/09\/45-juegos-de-viaje.jpg","width":520,"height":746},{"@type":"BreadcrumbList","@id":"https:\/\/viajandodo.com\/fr\/producto\/45-juegos-de-viaje\/#breadcrumb","itemListElement":[{"@type":"ListItem","position":1,"name":"Portada","item":"https:\/\/viajandodo.com\/fr\/"},{"@type":"ListItem","position":2,"name":"Boutique","item":"https:\/\/viajandodo.com\/fr\/boutique\/"},{"@type":"ListItem","position":3,"name":"45 juegos de viaje"}]},{"@type":"WebSite","@id":"https:\/\/viajandodo.com\/fr\/#website","url":"https:\/\/viajandodo.com\/fr\/","name":"Viajandodo","description":"Un blog de viajes en familia","publisher":{"@id":"https:\/\/viajandodo.com\/fr\/#organization"},"potentialAction":[{"@type":"SearchAction","target":{"@type":"EntryPoint","urlTemplate":"https:\/\/viajandodo.com\/fr\/?s={search_term_string}"},"query-input":{"@type":"PropertyValueSpecification","valueRequired":true,"valueName":"search_term_string"}}],"inLanguage":"fr-FR"},{"@type":"Organization","@id":"https:\/\/viajandodo.com\/fr\/#organization","name":"Viajandodo","url":"https:\/\/viajandodo.com\/fr\/","logo":{"@type":"ImageObject","inLanguage":"fr-FR","@id":"https:\/\/viajandodo.com\/fr\/#\/schema\/logo\/image\/","url":"https:\/\/viajandodo.com\/wp-content\/uploads\/2018\/11\/Lourdesperez920_AC05a_R2A.png","contentUrl":"https:\/\/viajandodo.com\/wp-content\/uploads\/2018\/11\/Lourdesperez920_AC05a_R2A.png","width":773,"height":696,"caption":"Viajandodo"},"image":{"@id":"https:\/\/viajandodo.com\/fr\/#\/schema\/logo\/image\/"},"sameAs":["https:\/\/www.facebook.com\/blogviajandodo","https:\/\/x.com\/viajandodoblog","https:\/\/www.instagram.com\/viajandodo\/","https:\/\/www.pinterest.fr\/viajandodo\/_saved\/","https:\/\/www.youtube.com\/channel\/UCGPxkIYb95n4itoCtEsTnlg"]}]}},"meta_box":[],"_links":{"self":[{"href":"https:\/\/viajandodo.com\/fr\/wp-json\/wp\/v2\/product\/26788","targetHints":{"allow":["GET"]}}],"collection":[{"href":"https:\/\/viajandodo.com\/fr\/wp-json\/wp\/v2\/product"}],"about":[{"href":"https:\/\/viajandodo.com\/fr\/wp-json\/wp\/v2\/types\/product"}],"wp:featuredmedia":[{"embeddable":true,"href":"https:\/\/viajandodo.com\/fr\/wp-json\/wp\/v2\/media\/26789"}],"wp:attachment":[{"href":"https:\/\/viajandodo.com\/fr\/wp-json\/wp\/v2\/media?parent=26788"}],"wp:term":[{"taxonomy":"product_brand","embeddable":true,"href":"https:\/\/viajandodo.com\/fr\/wp-json\/wp\/v2\/product_brand?post=26788"},{"taxonomy":"product_cat","embeddable":true,"href":"https:\/\/viajandodo.com\/fr\/wp-json\/wp\/v2\/product_cat?post=26788"},{"taxonomy":"product_tag","embeddable":true,"href":"https:\/\/viajandodo.com\/fr\/wp-json\/wp\/v2\/product_tag?post=26788"}],"curies":[{"name":"wp","href":"https:\/\/api.w.org\/{rel}","templated":true}]}}