{"id":26790,"date":"2021-09-04T16:11:12","date_gmt":"2021-09-04T14:11:12","guid":{"rendered":"https:\/\/viajandodo.com\/?post_type=product&#038;p=26790"},"modified":"2021-09-04T16:11:12","modified_gmt":"2021-09-04T14:11:12","slug":"atlas-del-mundo-ninos","status":"publish","type":"product","link":"https:\/\/viajandodo.com\/fr\/producto\/atlas-del-mundo-ninos\/","title":{"rendered":"Atlas del mundo ni\u00f1os"},"content":{"rendered":"<p>\u00a0<\/p>\n<ul>\n<li><strong>El atlas del mundo para ni\u00f1os <\/strong>es el libro ideal para que los peques sigan descubriendo nuestro planeta y todas sus maravillas incluso cuando no viajan.<\/li>\n<li>Libro de <strong>tapa dura de 91 p\u00e1ginas<\/strong><\/li>\n<li><strong>Editorial:<\/strong> IDEAKA \u2013 Editorial Luis Vives -Edelvives- del 30 enero 2020<\/li>\n<li>Recomendado <strong>a partir de 3 a\u00f1os<\/strong><\/li>\n<li><strong>Nivel de lectura: 5 a\u00f1os y m\u00e1s<\/strong><\/li>\n<li>El atlas del mundo para ni\u00f1os es en <strong>espa\u00f1ol<\/strong><\/li>\n<li>Peso: <strong>600 gr<\/strong><\/li>\n<\/ul>\n<p>\u00a0<\/p>\n","protected":false},"excerpt":{"rendered":"<p>&nbsp;<\/p>\n<p>Este <strong>atlas del mundo para ni\u00f1os<\/strong> es ideal para los peque\u00f1os de mentes curiosas que, adem\u00e1s, de viajar con sus papis, quieren seguir descubriendo lo incre\u00edble de nuestro planeta desde casa.<\/p>\n<p>Continentes, pa\u00edses, monumentos hist\u00f3ricos y naturales, poblaciones aut\u00f3ctonas, la flora y fauna &#8230;. \u00a1nada se les escapar\u00e1! Y todo ilustrado con im\u00e1genes preciosas y de lo m\u00e1s divertidas.<\/p>\n<p>&nbsp;<\/p>\n","protected":false},"featured_media":26791,"template":"","meta":[],"product_brand":[],"product_cat":[939,1290],"product_tag":[1948],"class_list":{"0":"post-26790","1":"product","2":"type-product","3":"status-publish","4":"has-post-thumbnail","6":"product_cat-en-familia","7":"product_cat-libros-y-juegos","8":"product_tag-atlas-del-mundo-ideaka","10":"first","11":"instock","12":"product-type-external"},"yoast_head":"<!-- This site is optimized with the Yoast SEO plugin v27.5 - https:\/\/yoast.com\/product\/yoast-seo-wordpress\/ -->\n<title>Atlas del mundo ni\u00f1os - Viajandodo<\/title>\n<meta name=\"description\" content=\"Este atlas del mundo para ni\u00f1os ha sido pensado para las peque\u00f1as mentes curiosas que quieren descubrir todas las maravillas del planeta.\" \/>\n<meta name=\"robots\" content=\"index, follow, max-snippet:-1, max-image-preview:large, max-video-preview:-1\" \/>\n<link rel=\"canonical\" href=\"https:\/\/viajandodo.com\/fr\/producto\/atlas-del-mundo-ninos\/\" \/>\n<meta property=\"og:locale\" content=\"fr_FR\" \/>\n<meta property=\"og:type\" content=\"article\" \/>\n<meta property=\"og:title\" content=\"Atlas del mundo ni\u00f1os - Viajandodo\" \/>\n<meta property=\"og:description\" content=\"Este atlas del mundo para ni\u00f1os ha sido pensado para las peque\u00f1as mentes curiosas que quieren descubrir todas las maravillas del planeta.\" \/>\n<meta property=\"og:url\" content=\"https:\/\/viajandodo.com\/fr\/producto\/atlas-del-mundo-ninos\/\" \/>\n<meta property=\"og:site_name\" content=\"Viajandodo\" \/>\n<meta property=\"article:publisher\" content=\"https:\/\/www.facebook.com\/blogviajandodo\" \/>\n<meta property=\"og:image\" content=\"https:\/\/viajandodo.com\/wp-content\/uploads\/2021\/09\/Atlas-del-Mundo-Ideaka.jpg\" \/>\n\t<meta property=\"og:image:width\" content=\"1168\" \/>\n\t<meta property=\"og:image:height\" content=\"1440\" \/>\n\t<meta property=\"og:image:type\" content=\"image\/jpeg\" \/>\n<script type=\"application\/ld+json\" class=\"yoast-schema-graph\">{\"@context\":\"https:\\\/\\\/schema.org\",\"@graph\":[{\"@type\":\"WebPage\",\"@id\":\"https:\\\/\\\/viajandodo.com\\\/fr\\\/producto\\\/atlas-del-mundo-ninos\\\/\",\"url\":\"https:\\\/\\\/viajandodo.com\\\/fr\\\/producto\\\/atlas-del-mundo-ninos\\\/\",\"name\":\"Atlas del mundo ni\u00f1os - Viajandodo\",\"isPartOf\":{\"@id\":\"https:\\\/\\\/viajandodo.com\\\/fr\\\/#website\"},\"primaryImageOfPage\":{\"@id\":\"https:\\\/\\\/viajandodo.com\\\/fr\\\/producto\\\/atlas-del-mundo-ninos\\\/#primaryimage\"},\"image\":{\"@id\":\"https:\\\/\\\/viajandodo.com\\\/fr\\\/producto\\\/atlas-del-mundo-ninos\\\/#primaryimage\"},\"thumbnailUrl\":\"https:\\\/\\\/viajandodo.com\\\/wp-content\\\/uploads\\\/2021\\\/09\\\/Atlas-del-Mundo-Ideaka.jpg\",\"datePublished\":\"2021-09-04T14:11:12+00:00\",\"description\":\"Este atlas del mundo para ni\u00f1os ha sido pensado para las peque\u00f1as mentes curiosas que quieren descubrir todas las maravillas del planeta.\",\"breadcrumb\":{\"@id\":\"https:\\\/\\\/viajandodo.com\\\/fr\\\/producto\\\/atlas-del-mundo-ninos\\\/#breadcrumb\"},\"inLanguage\":\"fr-FR\",\"potentialAction\":[{\"@type\":\"ReadAction\",\"target\":[\"https:\\\/\\\/viajandodo.com\\\/fr\\\/producto\\\/atlas-del-mundo-ninos\\\/\"]}]},{\"@type\":\"ImageObject\",\"inLanguage\":\"fr-FR\",\"@id\":\"https:\\\/\\\/viajandodo.com\\\/fr\\\/producto\\\/atlas-del-mundo-ninos\\\/#primaryimage\",\"url\":\"https:\\\/\\\/viajandodo.com\\\/wp-content\\\/uploads\\\/2021\\\/09\\\/Atlas-del-Mundo-Ideaka.jpg\",\"contentUrl\":\"https:\\\/\\\/viajandodo.com\\\/wp-content\\\/uploads\\\/2021\\\/09\\\/Atlas-del-Mundo-Ideaka.jpg\",\"width\":1168,\"height\":1440},{\"@type\":\"BreadcrumbList\",\"@id\":\"https:\\\/\\\/viajandodo.com\\\/fr\\\/producto\\\/atlas-del-mundo-ninos\\\/#breadcrumb\",\"itemListElement\":[{\"@type\":\"ListItem\",\"position\":1,\"name\":\"Portada\",\"item\":\"https:\\\/\\\/viajandodo.com\\\/fr\\\/\"},{\"@type\":\"ListItem\",\"position\":2,\"name\":\"Boutique\",\"item\":\"https:\\\/\\\/viajandodo.com\\\/fr\\\/boutique\\\/\"},{\"@type\":\"ListItem\",\"position\":3,\"name\":\"Atlas del mundo ni\u00f1os\"}]},{\"@type\":\"WebSite\",\"@id\":\"https:\\\/\\\/viajandodo.com\\\/fr\\\/#website\",\"url\":\"https:\\\/\\\/viajandodo.com\\\/fr\\\/\",\"name\":\"Viajandodo\",\"description\":\"Un blog de viajes en familia\",\"publisher\":{\"@id\":\"https:\\\/\\\/viajandodo.com\\\/fr\\\/#organization\"},\"potentialAction\":[{\"@type\":\"SearchAction\",\"target\":{\"@type\":\"EntryPoint\",\"urlTemplate\":\"https:\\\/\\\/viajandodo.com\\\/fr\\\/?s={search_term_string}\"},\"query-input\":{\"@type\":\"PropertyValueSpecification\",\"valueRequired\":true,\"valueName\":\"search_term_string\"}}],\"inLanguage\":\"fr-FR\"},{\"@type\":\"Organization\",\"@id\":\"https:\\\/\\\/viajandodo.com\\\/fr\\\/#organization\",\"name\":\"Viajandodo\",\"url\":\"https:\\\/\\\/viajandodo.com\\\/fr\\\/\",\"logo\":{\"@type\":\"ImageObject\",\"inLanguage\":\"fr-FR\",\"@id\":\"https:\\\/\\\/viajandodo.com\\\/fr\\\/#\\\/schema\\\/logo\\\/image\\\/\",\"url\":\"https:\\\/\\\/viajandodo.com\\\/wp-content\\\/uploads\\\/2018\\\/11\\\/Lourdesperez920_AC05a_R2A.png\",\"contentUrl\":\"https:\\\/\\\/viajandodo.com\\\/wp-content\\\/uploads\\\/2018\\\/11\\\/Lourdesperez920_AC05a_R2A.png\",\"width\":773,\"height\":696,\"caption\":\"Viajandodo\"},\"image\":{\"@id\":\"https:\\\/\\\/viajandodo.com\\\/fr\\\/#\\\/schema\\\/logo\\\/image\\\/\"},\"sameAs\":[\"https:\\\/\\\/www.facebook.com\\\/blogviajandodo\",\"https:\\\/\\\/x.com\\\/viajandodoblog\",\"https:\\\/\\\/www.instagram.com\\\/viajandodo\\\/\",\"https:\\\/\\\/www.pinterest.fr\\\/viajandodo\\\/_saved\\\/\",\"https:\\\/\\\/www.youtube.com\\\/channel\\\/UCGPxkIYb95n4itoCtEsTnlg\"]}]}<\/script>\n<!-- \/ Yoast SEO plugin. -->","yoast_head_json":{"title":"Atlas del mundo ni\u00f1os - Viajandodo","description":"Este atlas del mundo para ni\u00f1os ha sido pensado para las peque\u00f1as mentes curiosas que quieren descubrir todas las maravillas del planeta.","robots":{"index":"index","follow":"follow","max-snippet":"max-snippet:-1","max-image-preview":"max-image-preview:large","max-video-preview":"max-video-preview:-1"},"canonical":"https:\/\/viajandodo.com\/fr\/producto\/atlas-del-mundo-ninos\/","og_locale":"fr_FR","og_type":"article","og_title":"Atlas del mundo ni\u00f1os - Viajandodo","og_description":"Este atlas del mundo para ni\u00f1os ha sido pensado para las peque\u00f1as mentes curiosas que quieren descubrir todas las maravillas del planeta.","og_url":"https:\/\/viajandodo.com\/fr\/producto\/atlas-del-mundo-ninos\/","og_site_name":"Viajandodo","article_publisher":"https:\/\/www.facebook.com\/blogviajandodo","og_image":[{"width":1168,"height":1440,"url":"https:\/\/viajandodo.com\/wp-content\/uploads\/2021\/09\/Atlas-del-Mundo-Ideaka.jpg","type":"image\/jpeg"}],"schema":{"@context":"https:\/\/schema.org","@graph":[{"@type":"WebPage","@id":"https:\/\/viajandodo.com\/fr\/producto\/atlas-del-mundo-ninos\/","url":"https:\/\/viajandodo.com\/fr\/producto\/atlas-del-mundo-ninos\/","name":"Atlas del mundo ni\u00f1os - Viajandodo","isPartOf":{"@id":"https:\/\/viajandodo.com\/fr\/#website"},"primaryImageOfPage":{"@id":"https:\/\/viajandodo.com\/fr\/producto\/atlas-del-mundo-ninos\/#primaryimage"},"image":{"@id":"https:\/\/viajandodo.com\/fr\/producto\/atlas-del-mundo-ninos\/#primaryimage"},"thumbnailUrl":"https:\/\/viajandodo.com\/wp-content\/uploads\/2021\/09\/Atlas-del-Mundo-Ideaka.jpg","datePublished":"2021-09-04T14:11:12+00:00","description":"Este atlas del mundo para ni\u00f1os ha sido pensado para las peque\u00f1as mentes curiosas que quieren descubrir todas las maravillas del planeta.","breadcrumb":{"@id":"https:\/\/viajandodo.com\/fr\/producto\/atlas-del-mundo-ninos\/#breadcrumb"},"inLanguage":"fr-FR","potentialAction":[{"@type":"ReadAction","target":["https:\/\/viajandodo.com\/fr\/producto\/atlas-del-mundo-ninos\/"]}]},{"@type":"ImageObject","inLanguage":"fr-FR","@id":"https:\/\/viajandodo.com\/fr\/producto\/atlas-del-mundo-ninos\/#primaryimage","url":"https:\/\/viajandodo.com\/wp-content\/uploads\/2021\/09\/Atlas-del-Mundo-Ideaka.jpg","contentUrl":"https:\/\/viajandodo.com\/wp-content\/uploads\/2021\/09\/Atlas-del-Mundo-Ideaka.jpg","width":1168,"height":1440},{"@type":"BreadcrumbList","@id":"https:\/\/viajandodo.com\/fr\/producto\/atlas-del-mundo-ninos\/#breadcrumb","itemListElement":[{"@type":"ListItem","position":1,"name":"Portada","item":"https:\/\/viajandodo.com\/fr\/"},{"@type":"ListItem","position":2,"name":"Boutique","item":"https:\/\/viajandodo.com\/fr\/boutique\/"},{"@type":"ListItem","position":3,"name":"Atlas del mundo ni\u00f1os"}]},{"@type":"WebSite","@id":"https:\/\/viajandodo.com\/fr\/#website","url":"https:\/\/viajandodo.com\/fr\/","name":"Viajandodo","description":"Un blog de viajes en familia","publisher":{"@id":"https:\/\/viajandodo.com\/fr\/#organization"},"potentialAction":[{"@type":"SearchAction","target":{"@type":"EntryPoint","urlTemplate":"https:\/\/viajandodo.com\/fr\/?s={search_term_string}"},"query-input":{"@type":"PropertyValueSpecification","valueRequired":true,"valueName":"search_term_string"}}],"inLanguage":"fr-FR"},{"@type":"Organization","@id":"https:\/\/viajandodo.com\/fr\/#organization","name":"Viajandodo","url":"https:\/\/viajandodo.com\/fr\/","logo":{"@type":"ImageObject","inLanguage":"fr-FR","@id":"https:\/\/viajandodo.com\/fr\/#\/schema\/logo\/image\/","url":"https:\/\/viajandodo.com\/wp-content\/uploads\/2018\/11\/Lourdesperez920_AC05a_R2A.png","contentUrl":"https:\/\/viajandodo.com\/wp-content\/uploads\/2018\/11\/Lourdesperez920_AC05a_R2A.png","width":773,"height":696,"caption":"Viajandodo"},"image":{"@id":"https:\/\/viajandodo.com\/fr\/#\/schema\/logo\/image\/"},"sameAs":["https:\/\/www.facebook.com\/blogviajandodo","https:\/\/x.com\/viajandodoblog","https:\/\/www.instagram.com\/viajandodo\/","https:\/\/www.pinterest.fr\/viajandodo\/_saved\/","https:\/\/www.youtube.com\/channel\/UCGPxkIYb95n4itoCtEsTnlg"]}]}},"meta_box":[],"_links":{"self":[{"href":"https:\/\/viajandodo.com\/fr\/wp-json\/wp\/v2\/product\/26790","targetHints":{"allow":["GET"]}}],"collection":[{"href":"https:\/\/viajandodo.com\/fr\/wp-json\/wp\/v2\/product"}],"about":[{"href":"https:\/\/viajandodo.com\/fr\/wp-json\/wp\/v2\/types\/product"}],"wp:featuredmedia":[{"embeddable":true,"href":"https:\/\/viajandodo.com\/fr\/wp-json\/wp\/v2\/media\/26791"}],"wp:attachment":[{"href":"https:\/\/viajandodo.com\/fr\/wp-json\/wp\/v2\/media?parent=26790"}],"wp:term":[{"taxonomy":"product_brand","embeddable":true,"href":"https:\/\/viajandodo.com\/fr\/wp-json\/wp\/v2\/product_brand?post=26790"},{"taxonomy":"product_cat","embeddable":true,"href":"https:\/\/viajandodo.com\/fr\/wp-json\/wp\/v2\/product_cat?post=26790"},{"taxonomy":"product_tag","embeddable":true,"href":"https:\/\/viajandodo.com\/fr\/wp-json\/wp\/v2\/product_tag?post=26790"}],"curies":[{"name":"wp","href":"https:\/\/api.w.org\/{rel}","templated":true}]}}