{"id":26792,"date":"2021-09-04T16:18:54","date_gmt":"2021-09-04T14:18:54","guid":{"rendered":"https:\/\/viajandodo.com\/?post_type=product&#038;p=26792"},"modified":"2025-09-29T15:02:55","modified_gmt":"2025-09-29T13:02:55","slug":"camara-digital-ninos-2","status":"publish","type":"product","link":"https:\/\/viajandodo.com\/fr\/producto\/camara-digital-ninos-2\/","title":{"rendered":"C\u00e1mara digital ni\u00f1os"},"content":{"rendered":"<p>\u00a0<\/p>\n<ul>\n<li>Esta <strong>c\u00e1mara digital ni\u00f1os<\/strong> es la que elegimos tras comparar entre muchas porque ten\u00eda un<strong> dise\u00f1o bonito pero tambi\u00e9n las mejores calidades de foto y v\u00eddeo.<\/strong><\/li>\n<li><strong>Fotos de 28 MP<\/strong> y <strong>v\u00eddeos de 1080 HD<\/strong><\/li>\n<li>Las fotos se pueden tomar a trav\u00e9s del objetivo <strong>delantero o trasero<\/strong> (por lo que admite <strong>funci\u00f3n selfie<\/strong> muy divertida)<\/li>\n<li><strong>Pantalla t\u00e1ctil IPS de 3 pulgadas<\/strong> muy f\u00e1cil de manejar<\/li>\n<li>Tiene <strong>temporizador<\/strong> hasta 10 segundos<\/li>\n<li><strong>Tarjeta de memoria de 16 GB incluida<\/strong><\/li>\n<li><strong>Funda de protecci\u00f3n anti-golpes<\/strong><\/li>\n<li><strong>Wifi incorporada<\/strong>, se pueden transmitir las fotos a trav\u00e9s de la APP<\/li>\n<li><strong>Dise\u00f1o bonito, ligero y resistente a prueba de golpes<\/strong><\/li>\n<li><strong>Collar de silicona<\/strong> para poder transportarla sin que les haga da\u00f1o al cuello<\/li>\n<li><strong>Opciones animadas:<\/strong> juegos y opciones para modificar las fotos (poner sombrero, gafas, marcos\u2026)<\/li>\n<li>Tiempo de carga: <strong>1,5-2,5 h<\/strong><\/li>\n<li>Tiempo de grabaci\u00f3n: <strong>1,5 \u2013 2,5 h<\/strong><\/li>\n<li>Almacenamiento fotos:<strong> 400 fotos\/1G<\/strong><\/li>\n<li><strong>El paquete incluye:<\/strong> 1 <strong>c\u00e1mara digital ni\u00f1os<\/strong> \/ 1 cable de carga USB \/ 1 cord\u00f3n de silicona de dibujos animados \/ 1 tarjeta SD de 16 GB \/ 1 manual de instrucciones<\/li>\n<li>Dimensiones: <strong>14.2 x 13.2 x 5.2 cm<\/strong><\/li>\n<li>Peso: <strong>180 gramos<\/strong><\/li>\n<li>Pod\u00e9is ver nuestro <a href=\"https:\/\/youtu.be\/ccnd2Yn7vU0\" target=\"_blank\" rel=\"noopener noreferrer\"><strong>v\u00eddeo de Youtube<\/strong><\/a> donde hablamos sobre esta <strong>c\u00e1mara de fotos para ni\u00f1os<\/strong>.<\/li>\n<li><strong>Descubre otras c\u00e1maras digitales para ni\u00f1os <a href=\"https:\/\/amzn.to\/47myKTF\" target=\"_blank\" rel=\"noopener\">AQUI<\/a><\/strong><\/li>\n<\/ul>\n<p>\u00a0<\/p>\n","protected":false},"excerpt":{"rendered":"<p>&nbsp;<\/p>\n<p><strong>Estuvimos comparando entre muchas c\u00e1maras<\/strong> para nuestra peque\u00f1a antes de decidirnos por \u00e9sta. Y es que hay tantas&#8230;que nos es\u00a0 tarea f\u00e1cil.<\/p>\n<p>Y es que, \u00e9sta c\u00e1mara en concreto tiene nada m\u00e1s y nada menos que <strong>28 MP en las fotos y hasta 1080 HD a la hora de hacer v\u00eddeos<\/strong>. La verdad es que la calidad es alt\u00edsima para ser una c\u00e1mara para ni\u00f1os.<\/p>\n<p>Al mismo tiempo, el <strong>dise\u00f1o es super bonito<\/strong> y est\u00e1 hecha a base de un <strong>material especial anti-choques.\u00a0<\/strong><\/p>\n<p>Toda la <strong>pantalla es t\u00e1ctil<\/strong> y las opciones son muy f\u00e1ciles de manejar (la nuestra antes de sus dos a\u00f1os y medio ya le hab\u00eda cogido el rollo).<\/p>\n<p>Tiene <strong>temporizador<\/strong>, funci\u00f3n <strong>selfie<\/strong>, <strong>flash integrado<\/strong>, <strong>wifi<\/strong> incorporada para transmitir las fotos al m\u00f3vil a trav\u00e9s de una app, <strong>se carga v\u00eda USB<\/strong> <strong>con bater\u00eda<\/strong> (no pilas) y es extremadamente ligera. Trae <strong>collar de silicona<\/strong> para que puedan llevarla colgada al cuello y no les haga da\u00f1o.<\/p>\n<p>Nuestra peque est\u00e1 encantada con ella y estamos convencidos de que es una de las <strong>mejores c\u00e1maras para ni\u00f1os<\/strong> que pod\u00e9is regalar \u00a1a vuestros peque\u00f1os fot\u00f3grafos en potencia!<\/p>\n<p><strong>Descubre y compara con otras c\u00e1maras digitales para ni\u00f1os <a href=\"https:\/\/amzn.to\/47myKTF\" target=\"_blank\" rel=\"noopener\">AQUI<\/a><\/strong><\/p>\n<p>&nbsp;<\/p>\n","protected":false},"featured_media":37505,"template":"","meta":[],"product_brand":[],"product_cat":[939,1290],"product_tag":[1199],"class_list":{"0":"post-26792","1":"product","2":"type-product","3":"status-publish","4":"has-post-thumbnail","6":"product_cat-en-familia","7":"product_cat-libros-y-juegos","8":"product_tag-camara-digital-ninos","10":"first","11":"instock","12":"product-type-external"},"yoast_head":"<!-- This site is optimized with the Yoast SEO plugin v27.5 - https:\/\/yoast.com\/product\/yoast-seo-wordpress\/ -->\n<title>C\u00e1mara digital ni\u00f1os - Viajandodo<\/title>\n<meta name=\"description\" content=\"Esta c\u00e1mara digital ni\u00f1os es la que elegimos para nuestra peque\u00f1a viajera por ser bonita, resistente \u00a1y las mejores calidades foto y v\u00eddeo!\" \/>\n<meta name=\"robots\" content=\"index, follow, max-snippet:-1, max-image-preview:large, max-video-preview:-1\" \/>\n<link rel=\"canonical\" href=\"https:\/\/viajandodo.com\/fr\/producto\/camara-digital-ninos-2\/\" \/>\n<meta property=\"og:locale\" content=\"fr_FR\" \/>\n<meta property=\"og:type\" content=\"article\" \/>\n<meta property=\"og:title\" content=\"C\u00e1mara digital ni\u00f1os - Viajandodo\" \/>\n<meta property=\"og:description\" content=\"Esta c\u00e1mara digital ni\u00f1os es la que elegimos para nuestra peque\u00f1a viajera por ser bonita, resistente \u00a1y las mejores calidades foto y v\u00eddeo!\" \/>\n<meta property=\"og:url\" content=\"https:\/\/viajandodo.com\/fr\/producto\/camara-digital-ninos-2\/\" \/>\n<meta property=\"og:site_name\" content=\"Viajandodo\" \/>\n<meta property=\"article:publisher\" content=\"https:\/\/www.facebook.com\/blogviajandodo\" \/>\n<meta property=\"article:modified_time\" content=\"2025-09-29T13:02:55+00:00\" \/>\n<meta property=\"og:image\" content=\"https:\/\/viajandodo.com\/wp-content\/uploads\/2021\/09\/CAMARA-DIGITAL-NINOS-1.jpg\" \/>\n\t<meta property=\"og:image:width\" content=\"1488\" \/>\n\t<meta property=\"og:image:height\" content=\"1500\" \/>\n\t<meta property=\"og:image:type\" content=\"image\/jpeg\" \/>\n<meta name=\"twitter:label1\" content=\"Dur\u00e9e de lecture estim\u00e9e\" \/>\n\t<meta name=\"twitter:data1\" content=\"1 minute\" \/>\n<script type=\"application\/ld+json\" class=\"yoast-schema-graph\">{\"@context\":\"https:\\\/\\\/schema.org\",\"@graph\":[{\"@type\":\"WebPage\",\"@id\":\"https:\\\/\\\/viajandodo.com\\\/fr\\\/producto\\\/camara-digital-ninos-2\\\/\",\"url\":\"https:\\\/\\\/viajandodo.com\\\/fr\\\/producto\\\/camara-digital-ninos-2\\\/\",\"name\":\"C\u00e1mara digital ni\u00f1os - Viajandodo\",\"isPartOf\":{\"@id\":\"https:\\\/\\\/viajandodo.com\\\/fr\\\/#website\"},\"primaryImageOfPage\":{\"@id\":\"https:\\\/\\\/viajandodo.com\\\/fr\\\/producto\\\/camara-digital-ninos-2\\\/#primaryimage\"},\"image\":{\"@id\":\"https:\\\/\\\/viajandodo.com\\\/fr\\\/producto\\\/camara-digital-ninos-2\\\/#primaryimage\"},\"thumbnailUrl\":\"https:\\\/\\\/viajandodo.com\\\/wp-content\\\/uploads\\\/2021\\\/09\\\/CAMARA-DIGITAL-NINOS-1.jpg\",\"datePublished\":\"2021-09-04T14:18:54+00:00\",\"dateModified\":\"2025-09-29T13:02:55+00:00\",\"description\":\"Esta c\u00e1mara digital ni\u00f1os es la que elegimos para nuestra peque\u00f1a viajera por ser bonita, resistente \u00a1y las mejores calidades foto y v\u00eddeo!\",\"breadcrumb\":{\"@id\":\"https:\\\/\\\/viajandodo.com\\\/fr\\\/producto\\\/camara-digital-ninos-2\\\/#breadcrumb\"},\"inLanguage\":\"fr-FR\",\"potentialAction\":[{\"@type\":\"ReadAction\",\"target\":[\"https:\\\/\\\/viajandodo.com\\\/fr\\\/producto\\\/camara-digital-ninos-2\\\/\"]}]},{\"@type\":\"ImageObject\",\"inLanguage\":\"fr-FR\",\"@id\":\"https:\\\/\\\/viajandodo.com\\\/fr\\\/producto\\\/camara-digital-ninos-2\\\/#primaryimage\",\"url\":\"https:\\\/\\\/viajandodo.com\\\/wp-content\\\/uploads\\\/2021\\\/09\\\/CAMARA-DIGITAL-NINOS-1.jpg\",\"contentUrl\":\"https:\\\/\\\/viajandodo.com\\\/wp-content\\\/uploads\\\/2021\\\/09\\\/CAMARA-DIGITAL-NINOS-1.jpg\",\"width\":1488,\"height\":1500},{\"@type\":\"BreadcrumbList\",\"@id\":\"https:\\\/\\\/viajandodo.com\\\/fr\\\/producto\\\/camara-digital-ninos-2\\\/#breadcrumb\",\"itemListElement\":[{\"@type\":\"ListItem\",\"position\":1,\"name\":\"Portada\",\"item\":\"https:\\\/\\\/viajandodo.com\\\/fr\\\/\"},{\"@type\":\"ListItem\",\"position\":2,\"name\":\"Boutique\",\"item\":\"https:\\\/\\\/viajandodo.com\\\/fr\\\/boutique\\\/\"},{\"@type\":\"ListItem\",\"position\":3,\"name\":\"C\u00e1mara digital ni\u00f1os\"}]},{\"@type\":\"WebSite\",\"@id\":\"https:\\\/\\\/viajandodo.com\\\/fr\\\/#website\",\"url\":\"https:\\\/\\\/viajandodo.com\\\/fr\\\/\",\"name\":\"Viajandodo\",\"description\":\"Un blog de viajes en familia\",\"publisher\":{\"@id\":\"https:\\\/\\\/viajandodo.com\\\/fr\\\/#organization\"},\"potentialAction\":[{\"@type\":\"SearchAction\",\"target\":{\"@type\":\"EntryPoint\",\"urlTemplate\":\"https:\\\/\\\/viajandodo.com\\\/fr\\\/?s={search_term_string}\"},\"query-input\":{\"@type\":\"PropertyValueSpecification\",\"valueRequired\":true,\"valueName\":\"search_term_string\"}}],\"inLanguage\":\"fr-FR\"},{\"@type\":\"Organization\",\"@id\":\"https:\\\/\\\/viajandodo.com\\\/fr\\\/#organization\",\"name\":\"Viajandodo\",\"url\":\"https:\\\/\\\/viajandodo.com\\\/fr\\\/\",\"logo\":{\"@type\":\"ImageObject\",\"inLanguage\":\"fr-FR\",\"@id\":\"https:\\\/\\\/viajandodo.com\\\/fr\\\/#\\\/schema\\\/logo\\\/image\\\/\",\"url\":\"https:\\\/\\\/viajandodo.com\\\/wp-content\\\/uploads\\\/2018\\\/11\\\/Lourdesperez920_AC05a_R2A.png\",\"contentUrl\":\"https:\\\/\\\/viajandodo.com\\\/wp-content\\\/uploads\\\/2018\\\/11\\\/Lourdesperez920_AC05a_R2A.png\",\"width\":773,\"height\":696,\"caption\":\"Viajandodo\"},\"image\":{\"@id\":\"https:\\\/\\\/viajandodo.com\\\/fr\\\/#\\\/schema\\\/logo\\\/image\\\/\"},\"sameAs\":[\"https:\\\/\\\/www.facebook.com\\\/blogviajandodo\",\"https:\\\/\\\/x.com\\\/viajandodoblog\",\"https:\\\/\\\/www.instagram.com\\\/viajandodo\\\/\",\"https:\\\/\\\/www.pinterest.fr\\\/viajandodo\\\/_saved\\\/\",\"https:\\\/\\\/www.youtube.com\\\/channel\\\/UCGPxkIYb95n4itoCtEsTnlg\"]}]}<\/script>\n<!-- \/ Yoast SEO plugin. -->","yoast_head_json":{"title":"C\u00e1mara digital ni\u00f1os - Viajandodo","description":"Esta c\u00e1mara digital ni\u00f1os es la que elegimos para nuestra peque\u00f1a viajera por ser bonita, resistente \u00a1y las mejores calidades foto y v\u00eddeo!","robots":{"index":"index","follow":"follow","max-snippet":"max-snippet:-1","max-image-preview":"max-image-preview:large","max-video-preview":"max-video-preview:-1"},"canonical":"https:\/\/viajandodo.com\/fr\/producto\/camara-digital-ninos-2\/","og_locale":"fr_FR","og_type":"article","og_title":"C\u00e1mara digital ni\u00f1os - Viajandodo","og_description":"Esta c\u00e1mara digital ni\u00f1os es la que elegimos para nuestra peque\u00f1a viajera por ser bonita, resistente \u00a1y las mejores calidades foto y v\u00eddeo!","og_url":"https:\/\/viajandodo.com\/fr\/producto\/camara-digital-ninos-2\/","og_site_name":"Viajandodo","article_publisher":"https:\/\/www.facebook.com\/blogviajandodo","article_modified_time":"2025-09-29T13:02:55+00:00","og_image":[{"width":1488,"height":1500,"url":"https:\/\/viajandodo.com\/wp-content\/uploads\/2021\/09\/CAMARA-DIGITAL-NINOS-1.jpg","type":"image\/jpeg"}],"twitter_misc":{"Dur\u00e9e de lecture estim\u00e9e":"1 minute"},"schema":{"@context":"https:\/\/schema.org","@graph":[{"@type":"WebPage","@id":"https:\/\/viajandodo.com\/fr\/producto\/camara-digital-ninos-2\/","url":"https:\/\/viajandodo.com\/fr\/producto\/camara-digital-ninos-2\/","name":"C\u00e1mara digital ni\u00f1os - Viajandodo","isPartOf":{"@id":"https:\/\/viajandodo.com\/fr\/#website"},"primaryImageOfPage":{"@id":"https:\/\/viajandodo.com\/fr\/producto\/camara-digital-ninos-2\/#primaryimage"},"image":{"@id":"https:\/\/viajandodo.com\/fr\/producto\/camara-digital-ninos-2\/#primaryimage"},"thumbnailUrl":"https:\/\/viajandodo.com\/wp-content\/uploads\/2021\/09\/CAMARA-DIGITAL-NINOS-1.jpg","datePublished":"2021-09-04T14:18:54+00:00","dateModified":"2025-09-29T13:02:55+00:00","description":"Esta c\u00e1mara digital ni\u00f1os es la que elegimos para nuestra peque\u00f1a viajera por ser bonita, resistente \u00a1y las mejores calidades foto y v\u00eddeo!","breadcrumb":{"@id":"https:\/\/viajandodo.com\/fr\/producto\/camara-digital-ninos-2\/#breadcrumb"},"inLanguage":"fr-FR","potentialAction":[{"@type":"ReadAction","target":["https:\/\/viajandodo.com\/fr\/producto\/camara-digital-ninos-2\/"]}]},{"@type":"ImageObject","inLanguage":"fr-FR","@id":"https:\/\/viajandodo.com\/fr\/producto\/camara-digital-ninos-2\/#primaryimage","url":"https:\/\/viajandodo.com\/wp-content\/uploads\/2021\/09\/CAMARA-DIGITAL-NINOS-1.jpg","contentUrl":"https:\/\/viajandodo.com\/wp-content\/uploads\/2021\/09\/CAMARA-DIGITAL-NINOS-1.jpg","width":1488,"height":1500},{"@type":"BreadcrumbList","@id":"https:\/\/viajandodo.com\/fr\/producto\/camara-digital-ninos-2\/#breadcrumb","itemListElement":[{"@type":"ListItem","position":1,"name":"Portada","item":"https:\/\/viajandodo.com\/fr\/"},{"@type":"ListItem","position":2,"name":"Boutique","item":"https:\/\/viajandodo.com\/fr\/boutique\/"},{"@type":"ListItem","position":3,"name":"C\u00e1mara digital ni\u00f1os"}]},{"@type":"WebSite","@id":"https:\/\/viajandodo.com\/fr\/#website","url":"https:\/\/viajandodo.com\/fr\/","name":"Viajandodo","description":"Un blog de viajes en familia","publisher":{"@id":"https:\/\/viajandodo.com\/fr\/#organization"},"potentialAction":[{"@type":"SearchAction","target":{"@type":"EntryPoint","urlTemplate":"https:\/\/viajandodo.com\/fr\/?s={search_term_string}"},"query-input":{"@type":"PropertyValueSpecification","valueRequired":true,"valueName":"search_term_string"}}],"inLanguage":"fr-FR"},{"@type":"Organization","@id":"https:\/\/viajandodo.com\/fr\/#organization","name":"Viajandodo","url":"https:\/\/viajandodo.com\/fr\/","logo":{"@type":"ImageObject","inLanguage":"fr-FR","@id":"https:\/\/viajandodo.com\/fr\/#\/schema\/logo\/image\/","url":"https:\/\/viajandodo.com\/wp-content\/uploads\/2018\/11\/Lourdesperez920_AC05a_R2A.png","contentUrl":"https:\/\/viajandodo.com\/wp-content\/uploads\/2018\/11\/Lourdesperez920_AC05a_R2A.png","width":773,"height":696,"caption":"Viajandodo"},"image":{"@id":"https:\/\/viajandodo.com\/fr\/#\/schema\/logo\/image\/"},"sameAs":["https:\/\/www.facebook.com\/blogviajandodo","https:\/\/x.com\/viajandodoblog","https:\/\/www.instagram.com\/viajandodo\/","https:\/\/www.pinterest.fr\/viajandodo\/_saved\/","https:\/\/www.youtube.com\/channel\/UCGPxkIYb95n4itoCtEsTnlg"]}]}},"meta_box":[],"_links":{"self":[{"href":"https:\/\/viajandodo.com\/fr\/wp-json\/wp\/v2\/product\/26792","targetHints":{"allow":["GET"]}}],"collection":[{"href":"https:\/\/viajandodo.com\/fr\/wp-json\/wp\/v2\/product"}],"about":[{"href":"https:\/\/viajandodo.com\/fr\/wp-json\/wp\/v2\/types\/product"}],"wp:featuredmedia":[{"embeddable":true,"href":"https:\/\/viajandodo.com\/fr\/wp-json\/wp\/v2\/media\/37505"}],"wp:attachment":[{"href":"https:\/\/viajandodo.com\/fr\/wp-json\/wp\/v2\/media?parent=26792"}],"wp:term":[{"taxonomy":"product_brand","embeddable":true,"href":"https:\/\/viajandodo.com\/fr\/wp-json\/wp\/v2\/product_brand?post=26792"},{"taxonomy":"product_cat","embeddable":true,"href":"https:\/\/viajandodo.com\/fr\/wp-json\/wp\/v2\/product_cat?post=26792"},{"taxonomy":"product_tag","embeddable":true,"href":"https:\/\/viajandodo.com\/fr\/wp-json\/wp\/v2\/product_tag?post=26792"}],"curies":[{"name":"wp","href":"https:\/\/api.w.org\/{rel}","templated":true}]}}