{"id":26794,"date":"2021-09-04T16:29:37","date_gmt":"2021-09-04T14:29:37","guid":{"rendered":"https:\/\/viajandodo.com\/?post_type=product&#038;p=26794"},"modified":"2021-09-04T16:29:37","modified_gmt":"2021-09-04T14:29:37","slug":"guia-viaje-sostenible","status":"publish","type":"product","link":"https:\/\/viajandodo.com\/fr\/producto\/guia-viaje-sostenible\/","title":{"rendered":"Gu\u00eda del viaje sostenible"},"content":{"rendered":"<p>&nbsp;<\/p>\n<ul>\n<li><strong>La<\/strong> <strong>Gu\u00eda del viaje sostenible de Lonely Planet<\/strong><\/li>\n<li><strong>Editorial:<\/strong> GeoPlaneta<\/li>\n<li>Esta gu\u00eda responde a la creciente preocupaci\u00f3n de los efectos negativos del turismo que existe hoy en d\u00eda.<\/li>\n<li>Los\u00a0<b>consejos, ideas\u00a0<\/b>e<b>\u00a0informaci\u00f3n<\/b>\u00a0que aparecen en\u00a0<i>La gu\u00eda del viaje sostenible<\/i> demuestran que el turismo sostenible es posible all\u00e1 donde vayamos y nos facilita datos pr\u00e1cticos para organizar nuestros viajes de una manera m\u00e1s responsable con el entorno que nos rodea.<\/li>\n<li>En la obra se abarcan las <strong>rutas por carretera m\u00e1s emocionantes del mundo<\/strong>, los <strong>mejores viajes en tren<\/strong>, en <strong>autob\u00fas<\/strong>, de <strong>senderismo familiar<\/strong>, gu\u00edas detalladas de destinos junto con p\u00edldoras ecol\u00f3gicas para facilitar el viaje sostenible y como lidiar con los problemas \u00e9ticos que podr\u00edan surgir.<\/li>\n<li><span class=\"a-list-item\"><span class=\"a-text-bold\"><strong>Tapa blanda :<\/strong>\u00a0<\/span>160 p\u00e1ginas<\/span><\/li>\n<li><span class=\"a-list-item\"><span class=\"a-text-bold\"><strong>Peso del producto :<\/strong>\u00a0<\/span>354 g<\/span><\/li>\n<li><span class=\"a-list-item\"><span class=\"a-text-bold\"><strong>Dimensiones :<\/strong>\u00a0<\/span>16.5 x 1.2 x 21 cm<\/span><\/li>\n<\/ul>\n<p>&nbsp;<\/p>\n","protected":false},"excerpt":{"rendered":"<p>&nbsp;<\/p>\n<p><strong>La Gu\u00eda del viaje sostenible<\/strong> es un libro de <strong>Lonely Planet<\/strong> que tiene por objetivo concienciar a todo viajero sobre la necesidad de llevar cabo los viajes de una manera m\u00e1s respetuosa con el entorno que nos rodea.<\/p>\n<p>Cada vez son m\u00e1s los viajeros que se preocupan por hacer lo correcto en los lugares que visitan, por ejemplo, emitiendo menos emisiones de carbono en sus desplazamientos y optando por otras alternativas ecol\u00f3gicas.<\/p>\n<p>A trav\u00e9s de esta <strong>Gu\u00eda del viaje sostenible<\/strong> se brindan multitud de <strong>consejos, ideas e informaci\u00f3n<\/strong> para llevar a cabo un turismo sostenible en todas partes y que se pueden adaptar a nuestras diferentes aventuras.<\/p>\n<p>Lo mejor de todo es que, si t\u00fa tambi\u00e9n <strong>viajas en familia <a href=\"https:\/\/www.instagram.com\/viajandodo\/?hl=es\" target=\"_blank\" rel=\"noopener\">como nosotros<\/a><\/strong>, podremos aprender y transmitir a nuestros hijos todos estos h\u00e1bitos del viaje de una manera mucho m\u00e1s concienciada.<\/p>\n<p>&nbsp;<\/p>\n","protected":false},"featured_media":26795,"template":"","meta":[],"product_brand":[],"product_cat":[939,1290],"product_tag":[1864],"class_list":{"0":"post-26794","1":"product","2":"type-product","3":"status-publish","4":"has-post-thumbnail","6":"product_cat-en-familia","7":"product_cat-libros-y-juegos","8":"product_tag-guia-del-viaje-sostenible","10":"first","11":"instock","12":"product-type-external"},"yoast_head":"<!-- This site is optimized with the Yoast SEO plugin v27.3 - https:\/\/yoast.com\/product\/yoast-seo-wordpress\/ -->\n<title>Gu\u00eda del viaje sostenible - Viajandodo<\/title>\n<meta name=\"description\" content=\"Con la Gu\u00eda del viaje sostenible de Lonely Planet aprender\u00e1s a como organizar y llevar a cabo tus viajes de manera responsable y ecol\u00f3gica.\" \/>\n<meta name=\"robots\" content=\"index, follow, max-snippet:-1, max-image-preview:large, max-video-preview:-1\" \/>\n<link rel=\"canonical\" href=\"https:\/\/viajandodo.com\/fr\/producto\/guia-viaje-sostenible\/\" \/>\n<meta property=\"og:locale\" content=\"fr_FR\" \/>\n<meta property=\"og:type\" content=\"article\" \/>\n<meta property=\"og:title\" content=\"Gu\u00eda del viaje sostenible - Viajandodo\" \/>\n<meta property=\"og:description\" content=\"Con la Gu\u00eda del viaje sostenible de Lonely Planet aprender\u00e1s a como organizar y llevar a cabo tus viajes de manera responsable y ecol\u00f3gica.\" \/>\n<meta property=\"og:url\" content=\"https:\/\/viajandodo.com\/fr\/producto\/guia-viaje-sostenible\/\" \/>\n<meta property=\"og:site_name\" content=\"Viajandodo\" \/>\n<meta property=\"article:publisher\" content=\"https:\/\/www.facebook.com\/blogviajandodo\" \/>\n<meta property=\"og:image\" content=\"https:\/\/viajandodo.com\/wp-content\/uploads\/2021\/09\/Guia-del-viaje-sostenible-LP.jpg\" \/>\n\t<meta property=\"og:image:width\" content=\"1998\" \/>\n\t<meta property=\"og:image:height\" content=\"2560\" \/>\n\t<meta property=\"og:image:type\" content=\"image\/jpeg\" \/>\n<meta name=\"twitter:label1\" content=\"Dur\u00e9e de lecture estim\u00e9e\" \/>\n\t<meta name=\"twitter:data1\" content=\"1 minute\" \/>\n<script type=\"application\/ld+json\" class=\"yoast-schema-graph\">{\"@context\":\"https:\\\/\\\/schema.org\",\"@graph\":[{\"@type\":\"WebPage\",\"@id\":\"https:\\\/\\\/viajandodo.com\\\/fr\\\/producto\\\/guia-viaje-sostenible\\\/\",\"url\":\"https:\\\/\\\/viajandodo.com\\\/fr\\\/producto\\\/guia-viaje-sostenible\\\/\",\"name\":\"Gu\u00eda del viaje sostenible - Viajandodo\",\"isPartOf\":{\"@id\":\"https:\\\/\\\/viajandodo.com\\\/fr\\\/#website\"},\"primaryImageOfPage\":{\"@id\":\"https:\\\/\\\/viajandodo.com\\\/fr\\\/producto\\\/guia-viaje-sostenible\\\/#primaryimage\"},\"image\":{\"@id\":\"https:\\\/\\\/viajandodo.com\\\/fr\\\/producto\\\/guia-viaje-sostenible\\\/#primaryimage\"},\"thumbnailUrl\":\"https:\\\/\\\/viajandodo.com\\\/wp-content\\\/uploads\\\/2021\\\/09\\\/Guia-del-viaje-sostenible-LP.jpg\",\"datePublished\":\"2021-09-04T14:29:37+00:00\",\"description\":\"Con la Gu\u00eda del viaje sostenible de Lonely Planet aprender\u00e1s a como organizar y llevar a cabo tus viajes de manera responsable y ecol\u00f3gica.\",\"breadcrumb\":{\"@id\":\"https:\\\/\\\/viajandodo.com\\\/fr\\\/producto\\\/guia-viaje-sostenible\\\/#breadcrumb\"},\"inLanguage\":\"fr-FR\",\"potentialAction\":[{\"@type\":\"ReadAction\",\"target\":[\"https:\\\/\\\/viajandodo.com\\\/fr\\\/producto\\\/guia-viaje-sostenible\\\/\"]}]},{\"@type\":\"ImageObject\",\"inLanguage\":\"fr-FR\",\"@id\":\"https:\\\/\\\/viajandodo.com\\\/fr\\\/producto\\\/guia-viaje-sostenible\\\/#primaryimage\",\"url\":\"https:\\\/\\\/viajandodo.com\\\/wp-content\\\/uploads\\\/2021\\\/09\\\/Guia-del-viaje-sostenible-LP.jpg\",\"contentUrl\":\"https:\\\/\\\/viajandodo.com\\\/wp-content\\\/uploads\\\/2021\\\/09\\\/Guia-del-viaje-sostenible-LP.jpg\",\"width\":1998,\"height\":2560},{\"@type\":\"BreadcrumbList\",\"@id\":\"https:\\\/\\\/viajandodo.com\\\/fr\\\/producto\\\/guia-viaje-sostenible\\\/#breadcrumb\",\"itemListElement\":[{\"@type\":\"ListItem\",\"position\":1,\"name\":\"Portada\",\"item\":\"https:\\\/\\\/viajandodo.com\\\/fr\\\/\"},{\"@type\":\"ListItem\",\"position\":2,\"name\":\"Boutique\",\"item\":\"https:\\\/\\\/viajandodo.com\\\/fr\\\/boutique\\\/\"},{\"@type\":\"ListItem\",\"position\":3,\"name\":\"Gu\u00eda del viaje sostenible\"}]},{\"@type\":\"WebSite\",\"@id\":\"https:\\\/\\\/viajandodo.com\\\/fr\\\/#website\",\"url\":\"https:\\\/\\\/viajandodo.com\\\/fr\\\/\",\"name\":\"Viajandodo\",\"description\":\"Un blog de viajes en familia\",\"publisher\":{\"@id\":\"https:\\\/\\\/viajandodo.com\\\/fr\\\/#organization\"},\"potentialAction\":[{\"@type\":\"SearchAction\",\"target\":{\"@type\":\"EntryPoint\",\"urlTemplate\":\"https:\\\/\\\/viajandodo.com\\\/fr\\\/?s={search_term_string}\"},\"query-input\":{\"@type\":\"PropertyValueSpecification\",\"valueRequired\":true,\"valueName\":\"search_term_string\"}}],\"inLanguage\":\"fr-FR\"},{\"@type\":\"Organization\",\"@id\":\"https:\\\/\\\/viajandodo.com\\\/fr\\\/#organization\",\"name\":\"Viajandodo\",\"url\":\"https:\\\/\\\/viajandodo.com\\\/fr\\\/\",\"logo\":{\"@type\":\"ImageObject\",\"inLanguage\":\"fr-FR\",\"@id\":\"https:\\\/\\\/viajandodo.com\\\/fr\\\/#\\\/schema\\\/logo\\\/image\\\/\",\"url\":\"https:\\\/\\\/viajandodo.com\\\/wp-content\\\/uploads\\\/2018\\\/11\\\/Lourdesperez920_AC05a_R2A.png\",\"contentUrl\":\"https:\\\/\\\/viajandodo.com\\\/wp-content\\\/uploads\\\/2018\\\/11\\\/Lourdesperez920_AC05a_R2A.png\",\"width\":773,\"height\":696,\"caption\":\"Viajandodo\"},\"image\":{\"@id\":\"https:\\\/\\\/viajandodo.com\\\/fr\\\/#\\\/schema\\\/logo\\\/image\\\/\"},\"sameAs\":[\"https:\\\/\\\/www.facebook.com\\\/blogviajandodo\",\"https:\\\/\\\/x.com\\\/viajandodoblog\",\"https:\\\/\\\/www.instagram.com\\\/viajandodo\\\/\",\"https:\\\/\\\/www.pinterest.fr\\\/viajandodo\\\/_saved\\\/\",\"https:\\\/\\\/www.youtube.com\\\/channel\\\/UCGPxkIYb95n4itoCtEsTnlg\"]}]}<\/script>\n<!-- \/ Yoast SEO plugin. -->","yoast_head_json":{"title":"Gu\u00eda del viaje sostenible - Viajandodo","description":"Con la Gu\u00eda del viaje sostenible de Lonely Planet aprender\u00e1s a como organizar y llevar a cabo tus viajes de manera responsable y ecol\u00f3gica.","robots":{"index":"index","follow":"follow","max-snippet":"max-snippet:-1","max-image-preview":"max-image-preview:large","max-video-preview":"max-video-preview:-1"},"canonical":"https:\/\/viajandodo.com\/fr\/producto\/guia-viaje-sostenible\/","og_locale":"fr_FR","og_type":"article","og_title":"Gu\u00eda del viaje sostenible - Viajandodo","og_description":"Con la Gu\u00eda del viaje sostenible de Lonely Planet aprender\u00e1s a como organizar y llevar a cabo tus viajes de manera responsable y ecol\u00f3gica.","og_url":"https:\/\/viajandodo.com\/fr\/producto\/guia-viaje-sostenible\/","og_site_name":"Viajandodo","article_publisher":"https:\/\/www.facebook.com\/blogviajandodo","og_image":[{"width":1998,"height":2560,"url":"https:\/\/viajandodo.com\/wp-content\/uploads\/2021\/09\/Guia-del-viaje-sostenible-LP.jpg","type":"image\/jpeg"}],"twitter_misc":{"Dur\u00e9e de lecture estim\u00e9e":"1 minute"},"schema":{"@context":"https:\/\/schema.org","@graph":[{"@type":"WebPage","@id":"https:\/\/viajandodo.com\/fr\/producto\/guia-viaje-sostenible\/","url":"https:\/\/viajandodo.com\/fr\/producto\/guia-viaje-sostenible\/","name":"Gu\u00eda del viaje sostenible - Viajandodo","isPartOf":{"@id":"https:\/\/viajandodo.com\/fr\/#website"},"primaryImageOfPage":{"@id":"https:\/\/viajandodo.com\/fr\/producto\/guia-viaje-sostenible\/#primaryimage"},"image":{"@id":"https:\/\/viajandodo.com\/fr\/producto\/guia-viaje-sostenible\/#primaryimage"},"thumbnailUrl":"https:\/\/viajandodo.com\/wp-content\/uploads\/2021\/09\/Guia-del-viaje-sostenible-LP.jpg","datePublished":"2021-09-04T14:29:37+00:00","description":"Con la Gu\u00eda del viaje sostenible de Lonely Planet aprender\u00e1s a como organizar y llevar a cabo tus viajes de manera responsable y ecol\u00f3gica.","breadcrumb":{"@id":"https:\/\/viajandodo.com\/fr\/producto\/guia-viaje-sostenible\/#breadcrumb"},"inLanguage":"fr-FR","potentialAction":[{"@type":"ReadAction","target":["https:\/\/viajandodo.com\/fr\/producto\/guia-viaje-sostenible\/"]}]},{"@type":"ImageObject","inLanguage":"fr-FR","@id":"https:\/\/viajandodo.com\/fr\/producto\/guia-viaje-sostenible\/#primaryimage","url":"https:\/\/viajandodo.com\/wp-content\/uploads\/2021\/09\/Guia-del-viaje-sostenible-LP.jpg","contentUrl":"https:\/\/viajandodo.com\/wp-content\/uploads\/2021\/09\/Guia-del-viaje-sostenible-LP.jpg","width":1998,"height":2560},{"@type":"BreadcrumbList","@id":"https:\/\/viajandodo.com\/fr\/producto\/guia-viaje-sostenible\/#breadcrumb","itemListElement":[{"@type":"ListItem","position":1,"name":"Portada","item":"https:\/\/viajandodo.com\/fr\/"},{"@type":"ListItem","position":2,"name":"Boutique","item":"https:\/\/viajandodo.com\/fr\/boutique\/"},{"@type":"ListItem","position":3,"name":"Gu\u00eda del viaje sostenible"}]},{"@type":"WebSite","@id":"https:\/\/viajandodo.com\/fr\/#website","url":"https:\/\/viajandodo.com\/fr\/","name":"Viajandodo","description":"Un blog de viajes en familia","publisher":{"@id":"https:\/\/viajandodo.com\/fr\/#organization"},"potentialAction":[{"@type":"SearchAction","target":{"@type":"EntryPoint","urlTemplate":"https:\/\/viajandodo.com\/fr\/?s={search_term_string}"},"query-input":{"@type":"PropertyValueSpecification","valueRequired":true,"valueName":"search_term_string"}}],"inLanguage":"fr-FR"},{"@type":"Organization","@id":"https:\/\/viajandodo.com\/fr\/#organization","name":"Viajandodo","url":"https:\/\/viajandodo.com\/fr\/","logo":{"@type":"ImageObject","inLanguage":"fr-FR","@id":"https:\/\/viajandodo.com\/fr\/#\/schema\/logo\/image\/","url":"https:\/\/viajandodo.com\/wp-content\/uploads\/2018\/11\/Lourdesperez920_AC05a_R2A.png","contentUrl":"https:\/\/viajandodo.com\/wp-content\/uploads\/2018\/11\/Lourdesperez920_AC05a_R2A.png","width":773,"height":696,"caption":"Viajandodo"},"image":{"@id":"https:\/\/viajandodo.com\/fr\/#\/schema\/logo\/image\/"},"sameAs":["https:\/\/www.facebook.com\/blogviajandodo","https:\/\/x.com\/viajandodoblog","https:\/\/www.instagram.com\/viajandodo\/","https:\/\/www.pinterest.fr\/viajandodo\/_saved\/","https:\/\/www.youtube.com\/channel\/UCGPxkIYb95n4itoCtEsTnlg"]}]}},"meta_box":[],"_links":{"self":[{"href":"https:\/\/viajandodo.com\/fr\/wp-json\/wp\/v2\/product\/26794","targetHints":{"allow":["GET"]}}],"collection":[{"href":"https:\/\/viajandodo.com\/fr\/wp-json\/wp\/v2\/product"}],"about":[{"href":"https:\/\/viajandodo.com\/fr\/wp-json\/wp\/v2\/types\/product"}],"wp:featuredmedia":[{"embeddable":true,"href":"https:\/\/viajandodo.com\/fr\/wp-json\/wp\/v2\/media\/26795"}],"wp:attachment":[{"href":"https:\/\/viajandodo.com\/fr\/wp-json\/wp\/v2\/media?parent=26794"}],"wp:term":[{"taxonomy":"product_brand","embeddable":true,"href":"https:\/\/viajandodo.com\/fr\/wp-json\/wp\/v2\/product_brand?post=26794"},{"taxonomy":"product_cat","embeddable":true,"href":"https:\/\/viajandodo.com\/fr\/wp-json\/wp\/v2\/product_cat?post=26794"},{"taxonomy":"product_tag","embeddable":true,"href":"https:\/\/viajandodo.com\/fr\/wp-json\/wp\/v2\/product_tag?post=26794"}],"curies":[{"name":"wp","href":"https:\/\/api.w.org\/{rel}","templated":true}]}}