{"id":26796,"date":"2021-09-04T16:38:23","date_gmt":"2021-09-04T14:38:23","guid":{"rendered":"https:\/\/viajandodo.com\/?post_type=product&#038;p=26796"},"modified":"2024-10-04T17:40:07","modified_gmt":"2024-10-04T15:40:07","slug":"kit-explorador-ninos","status":"publish","type":"product","link":"https:\/\/viajandodo.com\/fr\/producto\/kit-explorador-ninos\/","title":{"rendered":"Kit explorador ni\u00f1os"},"content":{"rendered":"<p>&nbsp;<\/p>\n<ul>\n<li>Este <strong>kit explorador ni\u00f1os<\/strong> es ideal para que los ni\u00f1os se lo pasen en grande descubriendo la naturaleza mientras <strong>imaginan que son grandes exploradores por el mundo<\/strong><\/li>\n<li>Para ello, el kit incluye <strong>numerosos instrumentos<\/strong> con varios modelos de insectos diferentes, prism\u00e1ticos, lupa, chaleco de bolsillos y sombrero t\u00edpico de explorador, linterna, br\u00fajula, estuche para guardar bichos, silbato, tarjetas para identificar insectos, red atrapa mariposas, mapa del tesoro y mochila.<\/li>\n<li>Este set apoya el <strong>aprendizaje cient\u00edfico, tecnol\u00f3gico y fomenta la exploraci\u00f3n y el amor por la naturaleza<\/strong> en los m\u00e1s peque\u00f1os.<\/li>\n<li>El <strong>kit explorador ni\u00f1os esta recomendado a partir de 4 a\u00f1os<\/strong><\/li>\n<\/ul>\n<p>&nbsp;<\/p>\n","protected":false},"excerpt":{"rendered":"<p>&nbsp;<\/p>\n<p>\u00bfVuestro peque\u00f1os tienen <strong>alma aventurera?\u00a0<\/strong><\/p>\n<p>\u00a1Entonces no les puede faltar este<strong> kit explorador ni\u00f1os!\u00a0<\/strong><\/p>\n<p>Incluye:\u00a0 insectos, binoculares, lupa, sombrero y chaleco de explorador, linterna, br\u00fajula, estuche para guardar bichitos, silbato, tarjetas para identificar insectos, red de mariposas, mapa del tesoro y mochila.<\/p>\n<p>Es una gran opci\u00f3n para que los peques jueguen <strong>al aire libre, descubran la naturaleza y dejen volar su imaginaci\u00f3n.<\/strong><\/p>\n<p>\u00bfA qu\u00e9 esperas para que saquen <strong>el gran explorador que llevan dentro?<\/strong><\/p>\n<p>&nbsp;<\/p>\n","protected":false},"featured_media":31580,"template":"","meta":[],"product_brand":[],"product_cat":[939,1290],"product_tag":[1474],"class_list":{"0":"post-26796","1":"product","2":"type-product","3":"status-publish","4":"has-post-thumbnail","6":"product_cat-en-familia","7":"product_cat-libros-y-juegos","8":"product_tag-kit-explorador-ninos","10":"first","11":"instock","12":"product-type-external"},"yoast_head":"<!-- This site is optimized with the Yoast SEO plugin v27.5 - https:\/\/yoast.com\/product\/yoast-seo-wordpress\/ -->\n<title>Kit explorador ni\u00f1os - Viajandodo<\/title>\n<meta name=\"description\" content=\"Con este kit explorador ni\u00f1os incluye chaleco y gorro de explorador, prim\u00e1ticos, lupa, linterna, mapas, bichos, pinzas \u00a1y mucho m\u00e1s!\" \/>\n<meta name=\"robots\" content=\"index, follow, max-snippet:-1, max-image-preview:large, max-video-preview:-1\" \/>\n<link rel=\"canonical\" href=\"https:\/\/viajandodo.com\/fr\/producto\/kit-explorador-ninos\/\" \/>\n<meta property=\"og:locale\" content=\"fr_FR\" \/>\n<meta property=\"og:type\" content=\"article\" \/>\n<meta property=\"og:title\" content=\"Kit explorador ni\u00f1os - Viajandodo\" \/>\n<meta property=\"og:description\" content=\"Con este kit explorador ni\u00f1os incluye chaleco y gorro de explorador, prim\u00e1ticos, lupa, linterna, mapas, bichos, pinzas \u00a1y mucho m\u00e1s!\" \/>\n<meta property=\"og:url\" content=\"https:\/\/viajandodo.com\/fr\/producto\/kit-explorador-ninos\/\" \/>\n<meta property=\"og:site_name\" content=\"Viajandodo\" \/>\n<meta property=\"article:publisher\" content=\"https:\/\/www.facebook.com\/blogviajandodo\" \/>\n<meta property=\"article:modified_time\" content=\"2024-10-04T15:40:07+00:00\" \/>\n<meta property=\"og:image\" content=\"https:\/\/viajandodo.com\/wp-content\/uploads\/2021\/09\/Kit-explorador-nin\u0303os.jpg\" \/>\n\t<meta property=\"og:image:width\" content=\"1254\" \/>\n\t<meta property=\"og:image:height\" content=\"1108\" \/>\n\t<meta property=\"og:image:type\" content=\"image\/jpeg\" \/>\n<meta name=\"twitter:label1\" content=\"Dur\u00e9e de lecture estim\u00e9e\" \/>\n\t<meta name=\"twitter:data1\" content=\"1 minute\" \/>\n<script type=\"application\/ld+json\" class=\"yoast-schema-graph\">{\"@context\":\"https:\\\/\\\/schema.org\",\"@graph\":[{\"@type\":\"WebPage\",\"@id\":\"https:\\\/\\\/viajandodo.com\\\/fr\\\/producto\\\/kit-explorador-ninos\\\/\",\"url\":\"https:\\\/\\\/viajandodo.com\\\/fr\\\/producto\\\/kit-explorador-ninos\\\/\",\"name\":\"Kit explorador ni\u00f1os - Viajandodo\",\"isPartOf\":{\"@id\":\"https:\\\/\\\/viajandodo.com\\\/fr\\\/#website\"},\"primaryImageOfPage\":{\"@id\":\"https:\\\/\\\/viajandodo.com\\\/fr\\\/producto\\\/kit-explorador-ninos\\\/#primaryimage\"},\"image\":{\"@id\":\"https:\\\/\\\/viajandodo.com\\\/fr\\\/producto\\\/kit-explorador-ninos\\\/#primaryimage\"},\"thumbnailUrl\":\"https:\\\/\\\/viajandodo.com\\\/wp-content\\\/uploads\\\/2021\\\/09\\\/Kit-explorador-ninos.jpg\",\"datePublished\":\"2021-09-04T14:38:23+00:00\",\"dateModified\":\"2024-10-04T15:40:07+00:00\",\"description\":\"Con este kit explorador ni\u00f1os incluye chaleco y gorro de explorador, prim\u00e1ticos, lupa, linterna, mapas, bichos, pinzas \u00a1y mucho m\u00e1s!\",\"breadcrumb\":{\"@id\":\"https:\\\/\\\/viajandodo.com\\\/fr\\\/producto\\\/kit-explorador-ninos\\\/#breadcrumb\"},\"inLanguage\":\"fr-FR\",\"potentialAction\":[{\"@type\":\"ReadAction\",\"target\":[\"https:\\\/\\\/viajandodo.com\\\/fr\\\/producto\\\/kit-explorador-ninos\\\/\"]}]},{\"@type\":\"ImageObject\",\"inLanguage\":\"fr-FR\",\"@id\":\"https:\\\/\\\/viajandodo.com\\\/fr\\\/producto\\\/kit-explorador-ninos\\\/#primaryimage\",\"url\":\"https:\\\/\\\/viajandodo.com\\\/wp-content\\\/uploads\\\/2021\\\/09\\\/Kit-explorador-ninos.jpg\",\"contentUrl\":\"https:\\\/\\\/viajandodo.com\\\/wp-content\\\/uploads\\\/2021\\\/09\\\/Kit-explorador-ninos.jpg\",\"width\":1254,\"height\":1108},{\"@type\":\"BreadcrumbList\",\"@id\":\"https:\\\/\\\/viajandodo.com\\\/fr\\\/producto\\\/kit-explorador-ninos\\\/#breadcrumb\",\"itemListElement\":[{\"@type\":\"ListItem\",\"position\":1,\"name\":\"Portada\",\"item\":\"https:\\\/\\\/viajandodo.com\\\/fr\\\/\"},{\"@type\":\"ListItem\",\"position\":2,\"name\":\"Boutique\",\"item\":\"https:\\\/\\\/viajandodo.com\\\/fr\\\/boutique\\\/\"},{\"@type\":\"ListItem\",\"position\":3,\"name\":\"Kit explorador ni\u00f1os\"}]},{\"@type\":\"WebSite\",\"@id\":\"https:\\\/\\\/viajandodo.com\\\/fr\\\/#website\",\"url\":\"https:\\\/\\\/viajandodo.com\\\/fr\\\/\",\"name\":\"Viajandodo\",\"description\":\"Un blog de viajes en familia\",\"publisher\":{\"@id\":\"https:\\\/\\\/viajandodo.com\\\/fr\\\/#organization\"},\"potentialAction\":[{\"@type\":\"SearchAction\",\"target\":{\"@type\":\"EntryPoint\",\"urlTemplate\":\"https:\\\/\\\/viajandodo.com\\\/fr\\\/?s={search_term_string}\"},\"query-input\":{\"@type\":\"PropertyValueSpecification\",\"valueRequired\":true,\"valueName\":\"search_term_string\"}}],\"inLanguage\":\"fr-FR\"},{\"@type\":\"Organization\",\"@id\":\"https:\\\/\\\/viajandodo.com\\\/fr\\\/#organization\",\"name\":\"Viajandodo\",\"url\":\"https:\\\/\\\/viajandodo.com\\\/fr\\\/\",\"logo\":{\"@type\":\"ImageObject\",\"inLanguage\":\"fr-FR\",\"@id\":\"https:\\\/\\\/viajandodo.com\\\/fr\\\/#\\\/schema\\\/logo\\\/image\\\/\",\"url\":\"https:\\\/\\\/viajandodo.com\\\/wp-content\\\/uploads\\\/2018\\\/11\\\/Lourdesperez920_AC05a_R2A.png\",\"contentUrl\":\"https:\\\/\\\/viajandodo.com\\\/wp-content\\\/uploads\\\/2018\\\/11\\\/Lourdesperez920_AC05a_R2A.png\",\"width\":773,\"height\":696,\"caption\":\"Viajandodo\"},\"image\":{\"@id\":\"https:\\\/\\\/viajandodo.com\\\/fr\\\/#\\\/schema\\\/logo\\\/image\\\/\"},\"sameAs\":[\"https:\\\/\\\/www.facebook.com\\\/blogviajandodo\",\"https:\\\/\\\/x.com\\\/viajandodoblog\",\"https:\\\/\\\/www.instagram.com\\\/viajandodo\\\/\",\"https:\\\/\\\/www.pinterest.fr\\\/viajandodo\\\/_saved\\\/\",\"https:\\\/\\\/www.youtube.com\\\/channel\\\/UCGPxkIYb95n4itoCtEsTnlg\"]}]}<\/script>\n<!-- \/ Yoast SEO plugin. -->","yoast_head_json":{"title":"Kit explorador ni\u00f1os - Viajandodo","description":"Con este kit explorador ni\u00f1os incluye chaleco y gorro de explorador, prim\u00e1ticos, lupa, linterna, mapas, bichos, pinzas \u00a1y mucho m\u00e1s!","robots":{"index":"index","follow":"follow","max-snippet":"max-snippet:-1","max-image-preview":"max-image-preview:large","max-video-preview":"max-video-preview:-1"},"canonical":"https:\/\/viajandodo.com\/fr\/producto\/kit-explorador-ninos\/","og_locale":"fr_FR","og_type":"article","og_title":"Kit explorador ni\u00f1os - Viajandodo","og_description":"Con este kit explorador ni\u00f1os incluye chaleco y gorro de explorador, prim\u00e1ticos, lupa, linterna, mapas, bichos, pinzas \u00a1y mucho m\u00e1s!","og_url":"https:\/\/viajandodo.com\/fr\/producto\/kit-explorador-ninos\/","og_site_name":"Viajandodo","article_publisher":"https:\/\/www.facebook.com\/blogviajandodo","article_modified_time":"2024-10-04T15:40:07+00:00","og_image":[{"width":1254,"height":1108,"url":"https:\/\/viajandodo.com\/wp-content\/uploads\/2021\/09\/Kit-explorador-nin\u0303os.jpg","type":"image\/jpeg"}],"twitter_misc":{"Dur\u00e9e de lecture estim\u00e9e":"1 minute"},"schema":{"@context":"https:\/\/schema.org","@graph":[{"@type":"WebPage","@id":"https:\/\/viajandodo.com\/fr\/producto\/kit-explorador-ninos\/","url":"https:\/\/viajandodo.com\/fr\/producto\/kit-explorador-ninos\/","name":"Kit explorador ni\u00f1os - Viajandodo","isPartOf":{"@id":"https:\/\/viajandodo.com\/fr\/#website"},"primaryImageOfPage":{"@id":"https:\/\/viajandodo.com\/fr\/producto\/kit-explorador-ninos\/#primaryimage"},"image":{"@id":"https:\/\/viajandodo.com\/fr\/producto\/kit-explorador-ninos\/#primaryimage"},"thumbnailUrl":"https:\/\/viajandodo.com\/wp-content\/uploads\/2021\/09\/Kit-explorador-ninos.jpg","datePublished":"2021-09-04T14:38:23+00:00","dateModified":"2024-10-04T15:40:07+00:00","description":"Con este kit explorador ni\u00f1os incluye chaleco y gorro de explorador, prim\u00e1ticos, lupa, linterna, mapas, bichos, pinzas \u00a1y mucho m\u00e1s!","breadcrumb":{"@id":"https:\/\/viajandodo.com\/fr\/producto\/kit-explorador-ninos\/#breadcrumb"},"inLanguage":"fr-FR","potentialAction":[{"@type":"ReadAction","target":["https:\/\/viajandodo.com\/fr\/producto\/kit-explorador-ninos\/"]}]},{"@type":"ImageObject","inLanguage":"fr-FR","@id":"https:\/\/viajandodo.com\/fr\/producto\/kit-explorador-ninos\/#primaryimage","url":"https:\/\/viajandodo.com\/wp-content\/uploads\/2021\/09\/Kit-explorador-ninos.jpg","contentUrl":"https:\/\/viajandodo.com\/wp-content\/uploads\/2021\/09\/Kit-explorador-ninos.jpg","width":1254,"height":1108},{"@type":"BreadcrumbList","@id":"https:\/\/viajandodo.com\/fr\/producto\/kit-explorador-ninos\/#breadcrumb","itemListElement":[{"@type":"ListItem","position":1,"name":"Portada","item":"https:\/\/viajandodo.com\/fr\/"},{"@type":"ListItem","position":2,"name":"Boutique","item":"https:\/\/viajandodo.com\/fr\/boutique\/"},{"@type":"ListItem","position":3,"name":"Kit explorador ni\u00f1os"}]},{"@type":"WebSite","@id":"https:\/\/viajandodo.com\/fr\/#website","url":"https:\/\/viajandodo.com\/fr\/","name":"Viajandodo","description":"Un blog de viajes en familia","publisher":{"@id":"https:\/\/viajandodo.com\/fr\/#organization"},"potentialAction":[{"@type":"SearchAction","target":{"@type":"EntryPoint","urlTemplate":"https:\/\/viajandodo.com\/fr\/?s={search_term_string}"},"query-input":{"@type":"PropertyValueSpecification","valueRequired":true,"valueName":"search_term_string"}}],"inLanguage":"fr-FR"},{"@type":"Organization","@id":"https:\/\/viajandodo.com\/fr\/#organization","name":"Viajandodo","url":"https:\/\/viajandodo.com\/fr\/","logo":{"@type":"ImageObject","inLanguage":"fr-FR","@id":"https:\/\/viajandodo.com\/fr\/#\/schema\/logo\/image\/","url":"https:\/\/viajandodo.com\/wp-content\/uploads\/2018\/11\/Lourdesperez920_AC05a_R2A.png","contentUrl":"https:\/\/viajandodo.com\/wp-content\/uploads\/2018\/11\/Lourdesperez920_AC05a_R2A.png","width":773,"height":696,"caption":"Viajandodo"},"image":{"@id":"https:\/\/viajandodo.com\/fr\/#\/schema\/logo\/image\/"},"sameAs":["https:\/\/www.facebook.com\/blogviajandodo","https:\/\/x.com\/viajandodoblog","https:\/\/www.instagram.com\/viajandodo\/","https:\/\/www.pinterest.fr\/viajandodo\/_saved\/","https:\/\/www.youtube.com\/channel\/UCGPxkIYb95n4itoCtEsTnlg"]}]}},"meta_box":[],"_links":{"self":[{"href":"https:\/\/viajandodo.com\/fr\/wp-json\/wp\/v2\/product\/26796","targetHints":{"allow":["GET"]}}],"collection":[{"href":"https:\/\/viajandodo.com\/fr\/wp-json\/wp\/v2\/product"}],"about":[{"href":"https:\/\/viajandodo.com\/fr\/wp-json\/wp\/v2\/types\/product"}],"wp:featuredmedia":[{"embeddable":true,"href":"https:\/\/viajandodo.com\/fr\/wp-json\/wp\/v2\/media\/31580"}],"wp:attachment":[{"href":"https:\/\/viajandodo.com\/fr\/wp-json\/wp\/v2\/media?parent=26796"}],"wp:term":[{"taxonomy":"product_brand","embeddable":true,"href":"https:\/\/viajandodo.com\/fr\/wp-json\/wp\/v2\/product_brand?post=26796"},{"taxonomy":"product_cat","embeddable":true,"href":"https:\/\/viajandodo.com\/fr\/wp-json\/wp\/v2\/product_cat?post=26796"},{"taxonomy":"product_tag","embeddable":true,"href":"https:\/\/viajandodo.com\/fr\/wp-json\/wp\/v2\/product_tag?post=26796"}],"curies":[{"name":"wp","href":"https:\/\/api.w.org\/{rel}","templated":true}]}}