{"id":26800,"date":"2021-09-04T16:53:36","date_gmt":"2021-09-04T14:53:36","guid":{"rendered":"https:\/\/viajandodo.com\/?post_type=product&#038;p=26800"},"modified":"2021-09-04T16:53:37","modified_gmt":"2021-09-04T14:53:37","slug":"pegatinas-del-mundo","status":"publish","type":"product","link":"https:\/\/viajandodo.com\/fr\/producto\/pegatinas-del-mundo\/","title":{"rendered":"Pegatinas del mundo"},"content":{"rendered":"<p>&nbsp;<\/p>\n<ul>\n<li><strong>El libro de pegatinas del mundo\u00a0<\/strong>es ideal para que los peques aprendan todo sobre el mismo de una manera divertida y pedag\u00f3gica.<\/li>\n<li><strong>Incluye m\u00e1s de 500 adhesivos<\/strong> de pa\u00edses, poblaciones, animales, monumentos&#8230;<\/li>\n<li>El libro consta de<strong> mapas y diferentes lugares del mundo<\/strong> donde podr\u00e1n ir pegando todos esos adhesivos al mismo tiempo que descubren muchas de las curiosidades del planeta<\/li>\n<li>Tapa blanda<\/li>\n<li>Recomendado <strong>a partir de 3 a\u00f1os<\/strong><\/li>\n<li>Idioma: <strong>espa\u00f1ol<\/strong><\/li>\n<li><strong>Dimensiones:<\/strong> 24 x 0.4 x 32 cm<\/li>\n<li><strong>Peso:<\/strong> 306 gr<\/li>\n<\/ul>\n<p>&nbsp;<\/p>\n","protected":false},"excerpt":{"rendered":"<p>&nbsp;<\/p>\n<p>Con este <strong>libro de pegatinas del mundo<\/strong> los peque\u00f1os se entretendr\u00e1n un buen rato mientras aprenden sobre los diferentes continentes, pa\u00edses, oc\u00e9anos, sus poblaciones y animales.<\/p>\n<p>El libro est\u00e1 lleno de <strong>todo tipo de mapas diferentes donde podr\u00e1n ir colocando los m\u00e1s de 500 adhesivos<\/strong> que incluye!<\/p>\n<p>Sin duda, otra manera f\u00e1cil y pr\u00e1ctica para que <strong>aprendan todo sobre nuestro planeta desde casa.<\/strong><\/p>\n<p>&nbsp;<\/p>\n","protected":false},"featured_media":26801,"template":"","meta":[],"product_brand":[],"product_cat":[939,1290],"product_tag":[1950],"class_list":{"0":"post-26800","1":"product","2":"type-product","3":"status-publish","4":"has-post-thumbnail","6":"product_cat-en-familia","7":"product_cat-libros-y-juegos","8":"product_tag-pegatinas-de-viaje-por-el-mundo","10":"first","11":"instock","12":"product-type-external"},"yoast_head":"<!-- This site is optimized with the Yoast SEO plugin v27.3 - https:\/\/yoast.com\/product\/yoast-seo-wordpress\/ -->\n<title>Pegatinas del mundo - Viajandodo<\/title>\n<meta name=\"description\" content=\"Con el libro de pegatinas del mundo los peques podr\u00e1n descubrir sobre geografia y curiosidades del mismo \u00a1gracias a sus 500 adhesivos!\" \/>\n<meta name=\"robots\" content=\"index, follow, max-snippet:-1, max-image-preview:large, max-video-preview:-1\" \/>\n<link rel=\"canonical\" href=\"https:\/\/viajandodo.com\/fr\/producto\/pegatinas-del-mundo\/\" \/>\n<meta property=\"og:locale\" content=\"fr_FR\" \/>\n<meta property=\"og:type\" content=\"article\" \/>\n<meta property=\"og:title\" content=\"Pegatinas del mundo - Viajandodo\" \/>\n<meta property=\"og:description\" content=\"Con el libro de pegatinas del mundo los peques podr\u00e1n descubrir sobre geografia y curiosidades del mismo \u00a1gracias a sus 500 adhesivos!\" \/>\n<meta property=\"og:url\" content=\"https:\/\/viajandodo.com\/fr\/producto\/pegatinas-del-mundo\/\" \/>\n<meta property=\"og:site_name\" content=\"Viajandodo\" \/>\n<meta property=\"article:publisher\" content=\"https:\/\/www.facebook.com\/blogviajandodo\" \/>\n<meta property=\"article:modified_time\" content=\"2021-09-04T14:53:37+00:00\" \/>\n<meta property=\"og:image\" content=\"https:\/\/viajandodo.com\/wp-content\/uploads\/2021\/09\/Pegatinas-de-viaje-por-el-mundo.jpg\" \/>\n\t<meta property=\"og:image:width\" content=\"1927\" \/>\n\t<meta property=\"og:image:height\" content=\"2560\" \/>\n\t<meta property=\"og:image:type\" content=\"image\/jpeg\" \/>\n<script type=\"application\/ld+json\" class=\"yoast-schema-graph\">{\"@context\":\"https:\\\/\\\/schema.org\",\"@graph\":[{\"@type\":\"WebPage\",\"@id\":\"https:\\\/\\\/viajandodo.com\\\/fr\\\/producto\\\/pegatinas-del-mundo\\\/\",\"url\":\"https:\\\/\\\/viajandodo.com\\\/fr\\\/producto\\\/pegatinas-del-mundo\\\/\",\"name\":\"Pegatinas del mundo - Viajandodo\",\"isPartOf\":{\"@id\":\"https:\\\/\\\/viajandodo.com\\\/fr\\\/#website\"},\"primaryImageOfPage\":{\"@id\":\"https:\\\/\\\/viajandodo.com\\\/fr\\\/producto\\\/pegatinas-del-mundo\\\/#primaryimage\"},\"image\":{\"@id\":\"https:\\\/\\\/viajandodo.com\\\/fr\\\/producto\\\/pegatinas-del-mundo\\\/#primaryimage\"},\"thumbnailUrl\":\"https:\\\/\\\/viajandodo.com\\\/wp-content\\\/uploads\\\/2021\\\/09\\\/Pegatinas-de-viaje-por-el-mundo.jpg\",\"datePublished\":\"2021-09-04T14:53:36+00:00\",\"dateModified\":\"2021-09-04T14:53:37+00:00\",\"description\":\"Con el libro de pegatinas del mundo los peques podr\u00e1n descubrir sobre geografia y curiosidades del mismo \u00a1gracias a sus 500 adhesivos!\",\"breadcrumb\":{\"@id\":\"https:\\\/\\\/viajandodo.com\\\/fr\\\/producto\\\/pegatinas-del-mundo\\\/#breadcrumb\"},\"inLanguage\":\"fr-FR\",\"potentialAction\":[{\"@type\":\"ReadAction\",\"target\":[\"https:\\\/\\\/viajandodo.com\\\/fr\\\/producto\\\/pegatinas-del-mundo\\\/\"]}]},{\"@type\":\"ImageObject\",\"inLanguage\":\"fr-FR\",\"@id\":\"https:\\\/\\\/viajandodo.com\\\/fr\\\/producto\\\/pegatinas-del-mundo\\\/#primaryimage\",\"url\":\"https:\\\/\\\/viajandodo.com\\\/wp-content\\\/uploads\\\/2021\\\/09\\\/Pegatinas-de-viaje-por-el-mundo.jpg\",\"contentUrl\":\"https:\\\/\\\/viajandodo.com\\\/wp-content\\\/uploads\\\/2021\\\/09\\\/Pegatinas-de-viaje-por-el-mundo.jpg\",\"width\":1927,\"height\":2560},{\"@type\":\"BreadcrumbList\",\"@id\":\"https:\\\/\\\/viajandodo.com\\\/fr\\\/producto\\\/pegatinas-del-mundo\\\/#breadcrumb\",\"itemListElement\":[{\"@type\":\"ListItem\",\"position\":1,\"name\":\"Portada\",\"item\":\"https:\\\/\\\/viajandodo.com\\\/fr\\\/\"},{\"@type\":\"ListItem\",\"position\":2,\"name\":\"Boutique\",\"item\":\"https:\\\/\\\/viajandodo.com\\\/fr\\\/boutique\\\/\"},{\"@type\":\"ListItem\",\"position\":3,\"name\":\"Pegatinas del mundo\"}]},{\"@type\":\"WebSite\",\"@id\":\"https:\\\/\\\/viajandodo.com\\\/fr\\\/#website\",\"url\":\"https:\\\/\\\/viajandodo.com\\\/fr\\\/\",\"name\":\"Viajandodo\",\"description\":\"Un blog de viajes en familia\",\"publisher\":{\"@id\":\"https:\\\/\\\/viajandodo.com\\\/fr\\\/#organization\"},\"potentialAction\":[{\"@type\":\"SearchAction\",\"target\":{\"@type\":\"EntryPoint\",\"urlTemplate\":\"https:\\\/\\\/viajandodo.com\\\/fr\\\/?s={search_term_string}\"},\"query-input\":{\"@type\":\"PropertyValueSpecification\",\"valueRequired\":true,\"valueName\":\"search_term_string\"}}],\"inLanguage\":\"fr-FR\"},{\"@type\":\"Organization\",\"@id\":\"https:\\\/\\\/viajandodo.com\\\/fr\\\/#organization\",\"name\":\"Viajandodo\",\"url\":\"https:\\\/\\\/viajandodo.com\\\/fr\\\/\",\"logo\":{\"@type\":\"ImageObject\",\"inLanguage\":\"fr-FR\",\"@id\":\"https:\\\/\\\/viajandodo.com\\\/fr\\\/#\\\/schema\\\/logo\\\/image\\\/\",\"url\":\"https:\\\/\\\/viajandodo.com\\\/wp-content\\\/uploads\\\/2018\\\/11\\\/Lourdesperez920_AC05a_R2A.png\",\"contentUrl\":\"https:\\\/\\\/viajandodo.com\\\/wp-content\\\/uploads\\\/2018\\\/11\\\/Lourdesperez920_AC05a_R2A.png\",\"width\":773,\"height\":696,\"caption\":\"Viajandodo\"},\"image\":{\"@id\":\"https:\\\/\\\/viajandodo.com\\\/fr\\\/#\\\/schema\\\/logo\\\/image\\\/\"},\"sameAs\":[\"https:\\\/\\\/www.facebook.com\\\/blogviajandodo\",\"https:\\\/\\\/x.com\\\/viajandodoblog\",\"https:\\\/\\\/www.instagram.com\\\/viajandodo\\\/\",\"https:\\\/\\\/www.pinterest.fr\\\/viajandodo\\\/_saved\\\/\",\"https:\\\/\\\/www.youtube.com\\\/channel\\\/UCGPxkIYb95n4itoCtEsTnlg\"]}]}<\/script>\n<!-- \/ Yoast SEO plugin. -->","yoast_head_json":{"title":"Pegatinas del mundo - Viajandodo","description":"Con el libro de pegatinas del mundo los peques podr\u00e1n descubrir sobre geografia y curiosidades del mismo \u00a1gracias a sus 500 adhesivos!","robots":{"index":"index","follow":"follow","max-snippet":"max-snippet:-1","max-image-preview":"max-image-preview:large","max-video-preview":"max-video-preview:-1"},"canonical":"https:\/\/viajandodo.com\/fr\/producto\/pegatinas-del-mundo\/","og_locale":"fr_FR","og_type":"article","og_title":"Pegatinas del mundo - Viajandodo","og_description":"Con el libro de pegatinas del mundo los peques podr\u00e1n descubrir sobre geografia y curiosidades del mismo \u00a1gracias a sus 500 adhesivos!","og_url":"https:\/\/viajandodo.com\/fr\/producto\/pegatinas-del-mundo\/","og_site_name":"Viajandodo","article_publisher":"https:\/\/www.facebook.com\/blogviajandodo","article_modified_time":"2021-09-04T14:53:37+00:00","og_image":[{"width":1927,"height":2560,"url":"https:\/\/viajandodo.com\/wp-content\/uploads\/2021\/09\/Pegatinas-de-viaje-por-el-mundo.jpg","type":"image\/jpeg"}],"schema":{"@context":"https:\/\/schema.org","@graph":[{"@type":"WebPage","@id":"https:\/\/viajandodo.com\/fr\/producto\/pegatinas-del-mundo\/","url":"https:\/\/viajandodo.com\/fr\/producto\/pegatinas-del-mundo\/","name":"Pegatinas del mundo - Viajandodo","isPartOf":{"@id":"https:\/\/viajandodo.com\/fr\/#website"},"primaryImageOfPage":{"@id":"https:\/\/viajandodo.com\/fr\/producto\/pegatinas-del-mundo\/#primaryimage"},"image":{"@id":"https:\/\/viajandodo.com\/fr\/producto\/pegatinas-del-mundo\/#primaryimage"},"thumbnailUrl":"https:\/\/viajandodo.com\/wp-content\/uploads\/2021\/09\/Pegatinas-de-viaje-por-el-mundo.jpg","datePublished":"2021-09-04T14:53:36+00:00","dateModified":"2021-09-04T14:53:37+00:00","description":"Con el libro de pegatinas del mundo los peques podr\u00e1n descubrir sobre geografia y curiosidades del mismo \u00a1gracias a sus 500 adhesivos!","breadcrumb":{"@id":"https:\/\/viajandodo.com\/fr\/producto\/pegatinas-del-mundo\/#breadcrumb"},"inLanguage":"fr-FR","potentialAction":[{"@type":"ReadAction","target":["https:\/\/viajandodo.com\/fr\/producto\/pegatinas-del-mundo\/"]}]},{"@type":"ImageObject","inLanguage":"fr-FR","@id":"https:\/\/viajandodo.com\/fr\/producto\/pegatinas-del-mundo\/#primaryimage","url":"https:\/\/viajandodo.com\/wp-content\/uploads\/2021\/09\/Pegatinas-de-viaje-por-el-mundo.jpg","contentUrl":"https:\/\/viajandodo.com\/wp-content\/uploads\/2021\/09\/Pegatinas-de-viaje-por-el-mundo.jpg","width":1927,"height":2560},{"@type":"BreadcrumbList","@id":"https:\/\/viajandodo.com\/fr\/producto\/pegatinas-del-mundo\/#breadcrumb","itemListElement":[{"@type":"ListItem","position":1,"name":"Portada","item":"https:\/\/viajandodo.com\/fr\/"},{"@type":"ListItem","position":2,"name":"Boutique","item":"https:\/\/viajandodo.com\/fr\/boutique\/"},{"@type":"ListItem","position":3,"name":"Pegatinas del mundo"}]},{"@type":"WebSite","@id":"https:\/\/viajandodo.com\/fr\/#website","url":"https:\/\/viajandodo.com\/fr\/","name":"Viajandodo","description":"Un blog de viajes en familia","publisher":{"@id":"https:\/\/viajandodo.com\/fr\/#organization"},"potentialAction":[{"@type":"SearchAction","target":{"@type":"EntryPoint","urlTemplate":"https:\/\/viajandodo.com\/fr\/?s={search_term_string}"},"query-input":{"@type":"PropertyValueSpecification","valueRequired":true,"valueName":"search_term_string"}}],"inLanguage":"fr-FR"},{"@type":"Organization","@id":"https:\/\/viajandodo.com\/fr\/#organization","name":"Viajandodo","url":"https:\/\/viajandodo.com\/fr\/","logo":{"@type":"ImageObject","inLanguage":"fr-FR","@id":"https:\/\/viajandodo.com\/fr\/#\/schema\/logo\/image\/","url":"https:\/\/viajandodo.com\/wp-content\/uploads\/2018\/11\/Lourdesperez920_AC05a_R2A.png","contentUrl":"https:\/\/viajandodo.com\/wp-content\/uploads\/2018\/11\/Lourdesperez920_AC05a_R2A.png","width":773,"height":696,"caption":"Viajandodo"},"image":{"@id":"https:\/\/viajandodo.com\/fr\/#\/schema\/logo\/image\/"},"sameAs":["https:\/\/www.facebook.com\/blogviajandodo","https:\/\/x.com\/viajandodoblog","https:\/\/www.instagram.com\/viajandodo\/","https:\/\/www.pinterest.fr\/viajandodo\/_saved\/","https:\/\/www.youtube.com\/channel\/UCGPxkIYb95n4itoCtEsTnlg"]}]}},"meta_box":[],"_links":{"self":[{"href":"https:\/\/viajandodo.com\/fr\/wp-json\/wp\/v2\/product\/26800","targetHints":{"allow":["GET"]}}],"collection":[{"href":"https:\/\/viajandodo.com\/fr\/wp-json\/wp\/v2\/product"}],"about":[{"href":"https:\/\/viajandodo.com\/fr\/wp-json\/wp\/v2\/types\/product"}],"wp:featuredmedia":[{"embeddable":true,"href":"https:\/\/viajandodo.com\/fr\/wp-json\/wp\/v2\/media\/26801"}],"wp:attachment":[{"href":"https:\/\/viajandodo.com\/fr\/wp-json\/wp\/v2\/media?parent=26800"}],"wp:term":[{"taxonomy":"product_brand","embeddable":true,"href":"https:\/\/viajandodo.com\/fr\/wp-json\/wp\/v2\/product_brand?post=26800"},{"taxonomy":"product_cat","embeddable":true,"href":"https:\/\/viajandodo.com\/fr\/wp-json\/wp\/v2\/product_cat?post=26800"},{"taxonomy":"product_tag","embeddable":true,"href":"https:\/\/viajandodo.com\/fr\/wp-json\/wp\/v2\/product_tag?post=26800"}],"curies":[{"name":"wp","href":"https:\/\/api.w.org\/{rel}","templated":true}]}}