{"id":26802,"date":"2021-09-04T17:03:09","date_gmt":"2021-09-04T15:03:09","guid":{"rendered":"https:\/\/viajandodo.com\/?post_type=product&#038;p=26802"},"modified":"2021-09-04T17:42:45","modified_gmt":"2021-09-04T15:42:45","slug":"puzzle-magnetico-mundo","status":"publish","type":"product","link":"https:\/\/viajandodo.com\/fr\/producto\/puzzle-magnetico-mundo\/","title":{"rendered":"Puzzle magn\u00e9tico del Mundo"},"content":{"rendered":"<p>&nbsp;<\/p>\n<ul>\n<li><strong>El Puzzle magn\u00e9tico del Mundo de Janod<\/strong> es una manera de que los ni\u00f1os descubran la geograf\u00eda del planeta de manera divertida y original.<\/li>\n<li>Cada im\u00e1n, representa <strong>un un pa\u00eds o regi\u00f3n del mundo con su nombre, la respectiva capital y una ilustraci\u00f3n t\u00edpica de cada lugar.<\/strong><\/li>\n<li>En total, <strong>92 imanes<\/strong> para conformar un mapa del mundo de lo mas animado y <strong>de manera l\u00fadica y pedag\u00f3gica<\/strong><\/li>\n<li>Los textos est\u00e1n <strong>disponibles en espa\u00f1ol y otros idiomas<\/strong><\/li>\n<li>El Puzzle magn\u00e9tico del Mundo est\u00e1 <strong>hecho de madera<\/strong><\/li>\n<li>Los ni\u00f1os podr\u00e1n descubrir los cinco continentes, su mares y oc\u00e9anos, regiones, su cultura, poblaci\u00f3n, monumentos importantes&#8230;<\/li>\n<li>Recomendado por el fabricante de 7 a 12 a\u00f1os. <strong>Desde Viajandodo lo recomendamos a partir de 3 a\u00f1os con nuestra ayuda<\/strong><\/li>\n<li>Incluye <strong>cordon de algod\u00f3n para colgar el puzzle en la pared<\/strong><\/li>\n<li><strong>Dise\u00f1o franc\u00e9s y fabricado en Francia<\/strong><\/li>\n<li><strong>Dimensiones:<\/strong> 76.99 x 0.99 x 46 cm<\/li>\n<\/ul>\n<p>&nbsp;<\/p>\n<p>&nbsp;<\/p>\n","protected":false},"excerpt":{"rendered":"<p>&nbsp;<\/p>\n<p>El <strong>Puzzle magn\u00e9tico del Mundo<\/strong> de Janod es la manera m\u00e1s divertida para que vuestros peques descubran la geograf\u00eda del planeta.<\/p>\n<p>Sobre el mapa del mundo de base, <strong>cada im\u00e1n representa un pa\u00eds o regi\u00f3n del mundo con su nombre, la capital y una ilustraci\u00f3n que t\u00edpica<\/strong> para caracterizar cada lugar.<\/p>\n<p>Hecho de <strong>madera y con un dise\u00f1os franc\u00e9s, <\/strong>no puede ser m\u00e1s animado y colorido. Y lo mejor de todo, <strong>est\u00e1 disponible en espa\u00f1ol y en varios idiomas.<\/strong><\/p>\n<p>&nbsp;<\/p>\n","protected":false},"featured_media":26803,"template":"","meta":[],"product_brand":[],"product_cat":[939,1290],"product_tag":[1951],"class_list":{"0":"post-26802","1":"product","2":"type-product","3":"status-publish","4":"has-post-thumbnail","6":"product_cat-en-familia","7":"product_cat-libros-y-juegos","8":"product_tag-mapa-magnetico-del-mundo","10":"first","11":"instock","12":"product-type-external"},"yoast_head":"<!-- This site is optimized with the Yoast SEO plugin v27.4 - https:\/\/yoast.com\/product\/yoast-seo-wordpress\/ -->\n<title>Puzzle magn\u00e9tico del Mundo - Viajandodo<\/title>\n<meta name=\"description\" content=\"Este Puzzle magn\u00e9tico del Mundo es ideal para que los peques descubran la geograf\u00eda del planeta \u00a1de la manera m\u00e1s f\u00e1cil y divertida!\" \/>\n<meta name=\"robots\" content=\"index, follow, max-snippet:-1, max-image-preview:large, max-video-preview:-1\" \/>\n<link rel=\"canonical\" href=\"https:\/\/viajandodo.com\/fr\/producto\/puzzle-magnetico-mundo\/\" \/>\n<meta property=\"og:locale\" content=\"fr_FR\" \/>\n<meta property=\"og:type\" content=\"article\" \/>\n<meta property=\"og:title\" content=\"Puzzle magn\u00e9tico del Mundo - Viajandodo\" \/>\n<meta property=\"og:description\" content=\"Este Puzzle magn\u00e9tico del Mundo es ideal para que los peques descubran la geograf\u00eda del planeta \u00a1de la manera m\u00e1s f\u00e1cil y divertida!\" \/>\n<meta property=\"og:url\" content=\"https:\/\/viajandodo.com\/fr\/producto\/puzzle-magnetico-mundo\/\" \/>\n<meta property=\"og:site_name\" content=\"Viajandodo\" \/>\n<meta property=\"article:publisher\" content=\"https:\/\/www.facebook.com\/blogviajandodo\" \/>\n<meta property=\"article:modified_time\" content=\"2021-09-04T15:42:45+00:00\" \/>\n<meta property=\"og:image\" content=\"https:\/\/viajandodo.com\/wp-content\/uploads\/2021\/09\/Mapa-magnetico-del-mundo.jpg\" \/>\n\t<meta property=\"og:image:width\" content=\"1504\" \/>\n\t<meta property=\"og:image:height\" content=\"1098\" \/>\n\t<meta property=\"og:image:type\" content=\"image\/jpeg\" \/>\n<meta name=\"twitter:label1\" content=\"Dur\u00e9e de lecture estim\u00e9e\" \/>\n\t<meta name=\"twitter:data1\" content=\"1 minute\" \/>\n<script type=\"application\/ld+json\" class=\"yoast-schema-graph\">{\"@context\":\"https:\\\/\\\/schema.org\",\"@graph\":[{\"@type\":\"WebPage\",\"@id\":\"https:\\\/\\\/viajandodo.com\\\/fr\\\/producto\\\/puzzle-magnetico-mundo\\\/\",\"url\":\"https:\\\/\\\/viajandodo.com\\\/fr\\\/producto\\\/puzzle-magnetico-mundo\\\/\",\"name\":\"Puzzle magn\u00e9tico del Mundo - Viajandodo\",\"isPartOf\":{\"@id\":\"https:\\\/\\\/viajandodo.com\\\/fr\\\/#website\"},\"primaryImageOfPage\":{\"@id\":\"https:\\\/\\\/viajandodo.com\\\/fr\\\/producto\\\/puzzle-magnetico-mundo\\\/#primaryimage\"},\"image\":{\"@id\":\"https:\\\/\\\/viajandodo.com\\\/fr\\\/producto\\\/puzzle-magnetico-mundo\\\/#primaryimage\"},\"thumbnailUrl\":\"https:\\\/\\\/viajandodo.com\\\/wp-content\\\/uploads\\\/2021\\\/09\\\/Mapa-magnetico-del-mundo.jpg\",\"datePublished\":\"2021-09-04T15:03:09+00:00\",\"dateModified\":\"2021-09-04T15:42:45+00:00\",\"description\":\"Este Puzzle magn\u00e9tico del Mundo es ideal para que los peques descubran la geograf\u00eda del planeta \u00a1de la manera m\u00e1s f\u00e1cil y divertida!\",\"breadcrumb\":{\"@id\":\"https:\\\/\\\/viajandodo.com\\\/fr\\\/producto\\\/puzzle-magnetico-mundo\\\/#breadcrumb\"},\"inLanguage\":\"fr-FR\",\"potentialAction\":[{\"@type\":\"ReadAction\",\"target\":[\"https:\\\/\\\/viajandodo.com\\\/fr\\\/producto\\\/puzzle-magnetico-mundo\\\/\"]}]},{\"@type\":\"ImageObject\",\"inLanguage\":\"fr-FR\",\"@id\":\"https:\\\/\\\/viajandodo.com\\\/fr\\\/producto\\\/puzzle-magnetico-mundo\\\/#primaryimage\",\"url\":\"https:\\\/\\\/viajandodo.com\\\/wp-content\\\/uploads\\\/2021\\\/09\\\/Mapa-magnetico-del-mundo.jpg\",\"contentUrl\":\"https:\\\/\\\/viajandodo.com\\\/wp-content\\\/uploads\\\/2021\\\/09\\\/Mapa-magnetico-del-mundo.jpg\",\"width\":1504,\"height\":1098},{\"@type\":\"BreadcrumbList\",\"@id\":\"https:\\\/\\\/viajandodo.com\\\/fr\\\/producto\\\/puzzle-magnetico-mundo\\\/#breadcrumb\",\"itemListElement\":[{\"@type\":\"ListItem\",\"position\":1,\"name\":\"Portada\",\"item\":\"https:\\\/\\\/viajandodo.com\\\/fr\\\/\"},{\"@type\":\"ListItem\",\"position\":2,\"name\":\"Boutique\",\"item\":\"https:\\\/\\\/viajandodo.com\\\/fr\\\/boutique\\\/\"},{\"@type\":\"ListItem\",\"position\":3,\"name\":\"Puzzle magn\u00e9tico del Mundo\"}]},{\"@type\":\"WebSite\",\"@id\":\"https:\\\/\\\/viajandodo.com\\\/fr\\\/#website\",\"url\":\"https:\\\/\\\/viajandodo.com\\\/fr\\\/\",\"name\":\"Viajandodo\",\"description\":\"Un blog de viajes en familia\",\"publisher\":{\"@id\":\"https:\\\/\\\/viajandodo.com\\\/fr\\\/#organization\"},\"potentialAction\":[{\"@type\":\"SearchAction\",\"target\":{\"@type\":\"EntryPoint\",\"urlTemplate\":\"https:\\\/\\\/viajandodo.com\\\/fr\\\/?s={search_term_string}\"},\"query-input\":{\"@type\":\"PropertyValueSpecification\",\"valueRequired\":true,\"valueName\":\"search_term_string\"}}],\"inLanguage\":\"fr-FR\"},{\"@type\":\"Organization\",\"@id\":\"https:\\\/\\\/viajandodo.com\\\/fr\\\/#organization\",\"name\":\"Viajandodo\",\"url\":\"https:\\\/\\\/viajandodo.com\\\/fr\\\/\",\"logo\":{\"@type\":\"ImageObject\",\"inLanguage\":\"fr-FR\",\"@id\":\"https:\\\/\\\/viajandodo.com\\\/fr\\\/#\\\/schema\\\/logo\\\/image\\\/\",\"url\":\"https:\\\/\\\/viajandodo.com\\\/wp-content\\\/uploads\\\/2018\\\/11\\\/Lourdesperez920_AC05a_R2A.png\",\"contentUrl\":\"https:\\\/\\\/viajandodo.com\\\/wp-content\\\/uploads\\\/2018\\\/11\\\/Lourdesperez920_AC05a_R2A.png\",\"width\":773,\"height\":696,\"caption\":\"Viajandodo\"},\"image\":{\"@id\":\"https:\\\/\\\/viajandodo.com\\\/fr\\\/#\\\/schema\\\/logo\\\/image\\\/\"},\"sameAs\":[\"https:\\\/\\\/www.facebook.com\\\/blogviajandodo\",\"https:\\\/\\\/x.com\\\/viajandodoblog\",\"https:\\\/\\\/www.instagram.com\\\/viajandodo\\\/\",\"https:\\\/\\\/www.pinterest.fr\\\/viajandodo\\\/_saved\\\/\",\"https:\\\/\\\/www.youtube.com\\\/channel\\\/UCGPxkIYb95n4itoCtEsTnlg\"]}]}<\/script>\n<!-- \/ Yoast SEO plugin. -->","yoast_head_json":{"title":"Puzzle magn\u00e9tico del Mundo - Viajandodo","description":"Este Puzzle magn\u00e9tico del Mundo es ideal para que los peques descubran la geograf\u00eda del planeta \u00a1de la manera m\u00e1s f\u00e1cil y divertida!","robots":{"index":"index","follow":"follow","max-snippet":"max-snippet:-1","max-image-preview":"max-image-preview:large","max-video-preview":"max-video-preview:-1"},"canonical":"https:\/\/viajandodo.com\/fr\/producto\/puzzle-magnetico-mundo\/","og_locale":"fr_FR","og_type":"article","og_title":"Puzzle magn\u00e9tico del Mundo - Viajandodo","og_description":"Este Puzzle magn\u00e9tico del Mundo es ideal para que los peques descubran la geograf\u00eda del planeta \u00a1de la manera m\u00e1s f\u00e1cil y divertida!","og_url":"https:\/\/viajandodo.com\/fr\/producto\/puzzle-magnetico-mundo\/","og_site_name":"Viajandodo","article_publisher":"https:\/\/www.facebook.com\/blogviajandodo","article_modified_time":"2021-09-04T15:42:45+00:00","og_image":[{"width":1504,"height":1098,"url":"https:\/\/viajandodo.com\/wp-content\/uploads\/2021\/09\/Mapa-magnetico-del-mundo.jpg","type":"image\/jpeg"}],"twitter_misc":{"Dur\u00e9e de lecture estim\u00e9e":"1 minute"},"schema":{"@context":"https:\/\/schema.org","@graph":[{"@type":"WebPage","@id":"https:\/\/viajandodo.com\/fr\/producto\/puzzle-magnetico-mundo\/","url":"https:\/\/viajandodo.com\/fr\/producto\/puzzle-magnetico-mundo\/","name":"Puzzle magn\u00e9tico del Mundo - Viajandodo","isPartOf":{"@id":"https:\/\/viajandodo.com\/fr\/#website"},"primaryImageOfPage":{"@id":"https:\/\/viajandodo.com\/fr\/producto\/puzzle-magnetico-mundo\/#primaryimage"},"image":{"@id":"https:\/\/viajandodo.com\/fr\/producto\/puzzle-magnetico-mundo\/#primaryimage"},"thumbnailUrl":"https:\/\/viajandodo.com\/wp-content\/uploads\/2021\/09\/Mapa-magnetico-del-mundo.jpg","datePublished":"2021-09-04T15:03:09+00:00","dateModified":"2021-09-04T15:42:45+00:00","description":"Este Puzzle magn\u00e9tico del Mundo es ideal para que los peques descubran la geograf\u00eda del planeta \u00a1de la manera m\u00e1s f\u00e1cil y divertida!","breadcrumb":{"@id":"https:\/\/viajandodo.com\/fr\/producto\/puzzle-magnetico-mundo\/#breadcrumb"},"inLanguage":"fr-FR","potentialAction":[{"@type":"ReadAction","target":["https:\/\/viajandodo.com\/fr\/producto\/puzzle-magnetico-mundo\/"]}]},{"@type":"ImageObject","inLanguage":"fr-FR","@id":"https:\/\/viajandodo.com\/fr\/producto\/puzzle-magnetico-mundo\/#primaryimage","url":"https:\/\/viajandodo.com\/wp-content\/uploads\/2021\/09\/Mapa-magnetico-del-mundo.jpg","contentUrl":"https:\/\/viajandodo.com\/wp-content\/uploads\/2021\/09\/Mapa-magnetico-del-mundo.jpg","width":1504,"height":1098},{"@type":"BreadcrumbList","@id":"https:\/\/viajandodo.com\/fr\/producto\/puzzle-magnetico-mundo\/#breadcrumb","itemListElement":[{"@type":"ListItem","position":1,"name":"Portada","item":"https:\/\/viajandodo.com\/fr\/"},{"@type":"ListItem","position":2,"name":"Boutique","item":"https:\/\/viajandodo.com\/fr\/boutique\/"},{"@type":"ListItem","position":3,"name":"Puzzle magn\u00e9tico del Mundo"}]},{"@type":"WebSite","@id":"https:\/\/viajandodo.com\/fr\/#website","url":"https:\/\/viajandodo.com\/fr\/","name":"Viajandodo","description":"Un blog de viajes en familia","publisher":{"@id":"https:\/\/viajandodo.com\/fr\/#organization"},"potentialAction":[{"@type":"SearchAction","target":{"@type":"EntryPoint","urlTemplate":"https:\/\/viajandodo.com\/fr\/?s={search_term_string}"},"query-input":{"@type":"PropertyValueSpecification","valueRequired":true,"valueName":"search_term_string"}}],"inLanguage":"fr-FR"},{"@type":"Organization","@id":"https:\/\/viajandodo.com\/fr\/#organization","name":"Viajandodo","url":"https:\/\/viajandodo.com\/fr\/","logo":{"@type":"ImageObject","inLanguage":"fr-FR","@id":"https:\/\/viajandodo.com\/fr\/#\/schema\/logo\/image\/","url":"https:\/\/viajandodo.com\/wp-content\/uploads\/2018\/11\/Lourdesperez920_AC05a_R2A.png","contentUrl":"https:\/\/viajandodo.com\/wp-content\/uploads\/2018\/11\/Lourdesperez920_AC05a_R2A.png","width":773,"height":696,"caption":"Viajandodo"},"image":{"@id":"https:\/\/viajandodo.com\/fr\/#\/schema\/logo\/image\/"},"sameAs":["https:\/\/www.facebook.com\/blogviajandodo","https:\/\/x.com\/viajandodoblog","https:\/\/www.instagram.com\/viajandodo\/","https:\/\/www.pinterest.fr\/viajandodo\/_saved\/","https:\/\/www.youtube.com\/channel\/UCGPxkIYb95n4itoCtEsTnlg"]}]}},"meta_box":[],"_links":{"self":[{"href":"https:\/\/viajandodo.com\/fr\/wp-json\/wp\/v2\/product\/26802","targetHints":{"allow":["GET"]}}],"collection":[{"href":"https:\/\/viajandodo.com\/fr\/wp-json\/wp\/v2\/product"}],"about":[{"href":"https:\/\/viajandodo.com\/fr\/wp-json\/wp\/v2\/types\/product"}],"wp:featuredmedia":[{"embeddable":true,"href":"https:\/\/viajandodo.com\/fr\/wp-json\/wp\/v2\/media\/26803"}],"wp:attachment":[{"href":"https:\/\/viajandodo.com\/fr\/wp-json\/wp\/v2\/media?parent=26802"}],"wp:term":[{"taxonomy":"product_brand","embeddable":true,"href":"https:\/\/viajandodo.com\/fr\/wp-json\/wp\/v2\/product_brand?post=26802"},{"taxonomy":"product_cat","embeddable":true,"href":"https:\/\/viajandodo.com\/fr\/wp-json\/wp\/v2\/product_cat?post=26802"},{"taxonomy":"product_tag","embeddable":true,"href":"https:\/\/viajandodo.com\/fr\/wp-json\/wp\/v2\/product_tag?post=26802"}],"curies":[{"name":"wp","href":"https:\/\/api.w.org\/{rel}","templated":true}]}}