{"id":30132,"date":"2023-05-30T12:28:54","date_gmt":"2023-05-30T10:28:54","guid":{"rendered":"https:\/\/viajandodo.com\/?post_type=product&#038;p=30132"},"modified":"2023-05-30T12:28:55","modified_gmt":"2023-05-30T10:28:55","slug":"diario-de-viaje-infantil","status":"publish","type":"product","link":"https:\/\/viajandodo.com\/fr\/producto\/diario-de-viaje-infantil\/","title":{"rendered":"Diario de Viaje Infantil"},"content":{"rendered":"<p>&nbsp;<\/p>\n<p>&nbsp;<\/p>\n<ul>\n<li><strong>Mi Diario de Viaje<\/strong> es un diario infantil para que los ni\u00f1os puedan preparar de manera aut\u00f3noma o con ayuda de sus padres la pr\u00f3xima aventura de viaje<\/li>\n<li><strong>Contiene todas las etapas:<\/strong> <strong>el antes, el durante y el despu\u00e9s del viaje<\/strong><\/li>\n<li><strong>Recomendado a partir de 7 a\u00f1os<\/strong><\/li>\n<li><strong>Complemento de aprendizaje<\/strong> para ni\u00f1os a la hora de viajar<\/li>\n<li><strong>Fomenta la motivaci\u00f3n, la memoria y la creatividad<\/strong><\/li>\n<li>Se puede elegir entre <strong>tapa blanda o tapa dura<\/strong><\/li>\n<li><strong>82 p\u00e1ginas<\/strong><\/li>\n<\/ul>\n<p>&nbsp;<\/p>\n<p>OTRAS OPCIONES DE MI DIARIO DE VIAJES<\/p>\n<p>&nbsp;<\/p>\n<ul>\n<li><strong>Mi Diario de Viajes para 3 viajes <a href=\"https:\/\/www.amazon.es\/Mi-diario-viajes-Organizar-actividades\/dp\/B0B2HZKW9W?__mk_es_ES=%C3%85M%C3%85%C5%BD%C3%95%C3%91&amp;crid=9J46ABMYJCH6&amp;keywords=cuadernitos+viajeros&amp;qid=1685441475&amp;sprefix=cuadernitos+viajeros%2Caps%2C70&amp;sr=8-4&amp;linkCode=ll1&amp;tag=viajandodo-21&amp;linkId=02207aa85ae53f07a81927d52104092d&amp;language=es_ES&amp;ref_=as_li_ss_tl\" target=\"_blank\" rel=\"noopener\">AQUI<\/a><\/strong><\/li>\n<\/ul>\n<p>&nbsp;<\/p>\n<ul>\n<li><strong>Mi Diario de Viajes para 3 viajes de distinta duraci\u00f3n (4, 8 y 15 d\u00edas) <a href=\"https:\/\/www.amazon.es\/Mi-diario-viajes-Cuaderno-actividades\/dp\/B0BMDCCT37?__mk_es_ES=%C3%85M%C3%85%C5%BD%C3%95%C3%91&amp;crid=9J46ABMYJCH6&amp;keywords=cuadernitos+viajeros&amp;qid=1685441475&amp;sprefix=cuadernitos+viajeros%2Caps%2C70&amp;sr=8-6&amp;linkCode=ll1&amp;tag=viajandodo-21&amp;linkId=dc4b7c5a0426c31d81410c27f6efb360&amp;language=es_ES&amp;ref_=as_li_ss_tl\" target=\"_blank\" rel=\"noopener\">AQUI<\/a><\/strong><\/li>\n<\/ul>\n<h1 id=\"title\" class=\"a-spacing-none a-text-normal\"><\/h1>\n<p>&nbsp;<\/p>\n<p>&nbsp;<\/p>\n","protected":false},"excerpt":{"rendered":"<p>&nbsp;<\/p>\n<p>&nbsp;<\/p>\n<p><strong>Mi Diario de Viaje<\/strong> es un diario infantil para que vuestros peques puedan <strong>escribir, dibujar, colorear, pegar<\/strong> y por supuesto <strong>coleccionar<\/strong> los mejores recuerdos de un <strong>viaje de 15 d\u00edas.<\/strong><\/p>\n<p>Este diario es muy completo ya que les permitir\u00e1 preparar y recordar <strong>todas las fases del viaje<\/strong>: tanto el antes, el durante y el despu\u00e9s.<\/p>\n<p>Se recomienda a partir de <strong>7 a\u00f1os<\/strong> y en el mismo encontrar\u00e9is informaci\u00f3n \u00fatil para vuestros &lsquo;peque\u00f1os&rsquo; grandes exploradores.<\/p>\n<p>Si estabas buscando un diario de viaje para tus hijos, \u00e9ste seguro ser\u00e1 todo un acierto.<\/p>\n<p>Os dejamos otros modelos de <strong>Mi Diario de Viaje <\/strong>con distinta duraci\u00f3n en la descripci\u00f3n.<\/p>\n<p>&nbsp;<\/p>\n<p>&nbsp;<\/p>\n","protected":false},"featured_media":30133,"template":"","meta":[],"product_brand":[],"product_cat":[939,1290],"product_tag":[2062,2061],"class_list":{"0":"post-30132","1":"product","2":"type-product","3":"status-publish","4":"has-post-thumbnail","6":"product_cat-en-familia","7":"product_cat-libros-y-juegos","8":"product_tag-diario-de-viaje-infantil","9":"product_tag-diario-de-viaje-para-ninos","11":"first","12":"instock","13":"product-type-external"},"yoast_head":"<!-- This site is optimized with the Yoast SEO plugin v27.5 - https:\/\/yoast.com\/product\/yoast-seo-wordpress\/ -->\n<title>Diario de Viaje Infantil - Viajandodo<\/title>\n<meta name=\"description\" content=\"Si andas buscando un diario de viaje infantil para tu hijo, como familia viajera te compartimos el que nosotros hemos elegido para nuestras peques viajeras.\" \/>\n<meta name=\"robots\" content=\"index, follow, max-snippet:-1, max-image-preview:large, max-video-preview:-1\" \/>\n<link rel=\"canonical\" href=\"https:\/\/viajandodo.com\/fr\/producto\/diario-de-viaje-infantil\/\" \/>\n<meta property=\"og:locale\" content=\"fr_FR\" \/>\n<meta property=\"og:type\" content=\"article\" \/>\n<meta property=\"og:title\" content=\"Diario de Viaje Infantil - Viajandodo\" \/>\n<meta property=\"og:description\" content=\"Si andas buscando un diario de viaje infantil para tu hijo, como familia viajera te compartimos el que nosotros hemos elegido para nuestras peques viajeras.\" \/>\n<meta property=\"og:url\" content=\"https:\/\/viajandodo.com\/fr\/producto\/diario-de-viaje-infantil\/\" \/>\n<meta property=\"og:site_name\" content=\"Viajandodo\" \/>\n<meta property=\"article:publisher\" content=\"https:\/\/www.facebook.com\/blogviajandodo\" \/>\n<meta property=\"article:modified_time\" content=\"2023-05-30T10:28:55+00:00\" \/>\n<meta property=\"og:image\" content=\"https:\/\/viajandodo.com\/wp-content\/uploads\/2023\/05\/Diario-de-viaje-para-ninos-VD.jpg\" \/>\n\t<meta property=\"og:image:width\" content=\"1000\" \/>\n\t<meta property=\"og:image:height\" content=\"1500\" \/>\n\t<meta property=\"og:image:type\" content=\"image\/jpeg\" \/>\n<meta name=\"twitter:label1\" content=\"Dur\u00e9e de lecture estim\u00e9e\" \/>\n\t<meta name=\"twitter:data1\" content=\"1 minute\" \/>\n<script type=\"application\/ld+json\" class=\"yoast-schema-graph\">{\"@context\":\"https:\\\/\\\/schema.org\",\"@graph\":[{\"@type\":\"WebPage\",\"@id\":\"https:\\\/\\\/viajandodo.com\\\/fr\\\/producto\\\/diario-de-viaje-infantil\\\/\",\"url\":\"https:\\\/\\\/viajandodo.com\\\/fr\\\/producto\\\/diario-de-viaje-infantil\\\/\",\"name\":\"Diario de Viaje Infantil - Viajandodo\",\"isPartOf\":{\"@id\":\"https:\\\/\\\/viajandodo.com\\\/fr\\\/#website\"},\"primaryImageOfPage\":{\"@id\":\"https:\\\/\\\/viajandodo.com\\\/fr\\\/producto\\\/diario-de-viaje-infantil\\\/#primaryimage\"},\"image\":{\"@id\":\"https:\\\/\\\/viajandodo.com\\\/fr\\\/producto\\\/diario-de-viaje-infantil\\\/#primaryimage\"},\"thumbnailUrl\":\"https:\\\/\\\/viajandodo.com\\\/wp-content\\\/uploads\\\/2023\\\/05\\\/Diario-de-viaje-para-ninos-VD.jpg\",\"datePublished\":\"2023-05-30T10:28:54+00:00\",\"dateModified\":\"2023-05-30T10:28:55+00:00\",\"description\":\"Si andas buscando un diario de viaje infantil para tu hijo, como familia viajera te compartimos el que nosotros hemos elegido para nuestras peques viajeras.\",\"breadcrumb\":{\"@id\":\"https:\\\/\\\/viajandodo.com\\\/fr\\\/producto\\\/diario-de-viaje-infantil\\\/#breadcrumb\"},\"inLanguage\":\"fr-FR\",\"potentialAction\":[{\"@type\":\"ReadAction\",\"target\":[\"https:\\\/\\\/viajandodo.com\\\/fr\\\/producto\\\/diario-de-viaje-infantil\\\/\"]}]},{\"@type\":\"ImageObject\",\"inLanguage\":\"fr-FR\",\"@id\":\"https:\\\/\\\/viajandodo.com\\\/fr\\\/producto\\\/diario-de-viaje-infantil\\\/#primaryimage\",\"url\":\"https:\\\/\\\/viajandodo.com\\\/wp-content\\\/uploads\\\/2023\\\/05\\\/Diario-de-viaje-para-ninos-VD.jpg\",\"contentUrl\":\"https:\\\/\\\/viajandodo.com\\\/wp-content\\\/uploads\\\/2023\\\/05\\\/Diario-de-viaje-para-ninos-VD.jpg\",\"width\":1000,\"height\":1500},{\"@type\":\"BreadcrumbList\",\"@id\":\"https:\\\/\\\/viajandodo.com\\\/fr\\\/producto\\\/diario-de-viaje-infantil\\\/#breadcrumb\",\"itemListElement\":[{\"@type\":\"ListItem\",\"position\":1,\"name\":\"Portada\",\"item\":\"https:\\\/\\\/viajandodo.com\\\/fr\\\/\"},{\"@type\":\"ListItem\",\"position\":2,\"name\":\"Boutique\",\"item\":\"https:\\\/\\\/viajandodo.com\\\/fr\\\/boutique\\\/\"},{\"@type\":\"ListItem\",\"position\":3,\"name\":\"Diario de Viaje Infantil\"}]},{\"@type\":\"WebSite\",\"@id\":\"https:\\\/\\\/viajandodo.com\\\/fr\\\/#website\",\"url\":\"https:\\\/\\\/viajandodo.com\\\/fr\\\/\",\"name\":\"Viajandodo\",\"description\":\"Un blog de viajes en familia\",\"publisher\":{\"@id\":\"https:\\\/\\\/viajandodo.com\\\/fr\\\/#organization\"},\"potentialAction\":[{\"@type\":\"SearchAction\",\"target\":{\"@type\":\"EntryPoint\",\"urlTemplate\":\"https:\\\/\\\/viajandodo.com\\\/fr\\\/?s={search_term_string}\"},\"query-input\":{\"@type\":\"PropertyValueSpecification\",\"valueRequired\":true,\"valueName\":\"search_term_string\"}}],\"inLanguage\":\"fr-FR\"},{\"@type\":\"Organization\",\"@id\":\"https:\\\/\\\/viajandodo.com\\\/fr\\\/#organization\",\"name\":\"Viajandodo\",\"url\":\"https:\\\/\\\/viajandodo.com\\\/fr\\\/\",\"logo\":{\"@type\":\"ImageObject\",\"inLanguage\":\"fr-FR\",\"@id\":\"https:\\\/\\\/viajandodo.com\\\/fr\\\/#\\\/schema\\\/logo\\\/image\\\/\",\"url\":\"https:\\\/\\\/viajandodo.com\\\/wp-content\\\/uploads\\\/2018\\\/11\\\/Lourdesperez920_AC05a_R2A.png\",\"contentUrl\":\"https:\\\/\\\/viajandodo.com\\\/wp-content\\\/uploads\\\/2018\\\/11\\\/Lourdesperez920_AC05a_R2A.png\",\"width\":773,\"height\":696,\"caption\":\"Viajandodo\"},\"image\":{\"@id\":\"https:\\\/\\\/viajandodo.com\\\/fr\\\/#\\\/schema\\\/logo\\\/image\\\/\"},\"sameAs\":[\"https:\\\/\\\/www.facebook.com\\\/blogviajandodo\",\"https:\\\/\\\/x.com\\\/viajandodoblog\",\"https:\\\/\\\/www.instagram.com\\\/viajandodo\\\/\",\"https:\\\/\\\/www.pinterest.fr\\\/viajandodo\\\/_saved\\\/\",\"https:\\\/\\\/www.youtube.com\\\/channel\\\/UCGPxkIYb95n4itoCtEsTnlg\"]}]}<\/script>\n<!-- \/ Yoast SEO plugin. -->","yoast_head_json":{"title":"Diario de Viaje Infantil - Viajandodo","description":"Si andas buscando un diario de viaje infantil para tu hijo, como familia viajera te compartimos el que nosotros hemos elegido para nuestras peques viajeras.","robots":{"index":"index","follow":"follow","max-snippet":"max-snippet:-1","max-image-preview":"max-image-preview:large","max-video-preview":"max-video-preview:-1"},"canonical":"https:\/\/viajandodo.com\/fr\/producto\/diario-de-viaje-infantil\/","og_locale":"fr_FR","og_type":"article","og_title":"Diario de Viaje Infantil - Viajandodo","og_description":"Si andas buscando un diario de viaje infantil para tu hijo, como familia viajera te compartimos el que nosotros hemos elegido para nuestras peques viajeras.","og_url":"https:\/\/viajandodo.com\/fr\/producto\/diario-de-viaje-infantil\/","og_site_name":"Viajandodo","article_publisher":"https:\/\/www.facebook.com\/blogviajandodo","article_modified_time":"2023-05-30T10:28:55+00:00","og_image":[{"width":1000,"height":1500,"url":"https:\/\/viajandodo.com\/wp-content\/uploads\/2023\/05\/Diario-de-viaje-para-ninos-VD.jpg","type":"image\/jpeg"}],"twitter_misc":{"Dur\u00e9e de lecture estim\u00e9e":"1 minute"},"schema":{"@context":"https:\/\/schema.org","@graph":[{"@type":"WebPage","@id":"https:\/\/viajandodo.com\/fr\/producto\/diario-de-viaje-infantil\/","url":"https:\/\/viajandodo.com\/fr\/producto\/diario-de-viaje-infantil\/","name":"Diario de Viaje Infantil - Viajandodo","isPartOf":{"@id":"https:\/\/viajandodo.com\/fr\/#website"},"primaryImageOfPage":{"@id":"https:\/\/viajandodo.com\/fr\/producto\/diario-de-viaje-infantil\/#primaryimage"},"image":{"@id":"https:\/\/viajandodo.com\/fr\/producto\/diario-de-viaje-infantil\/#primaryimage"},"thumbnailUrl":"https:\/\/viajandodo.com\/wp-content\/uploads\/2023\/05\/Diario-de-viaje-para-ninos-VD.jpg","datePublished":"2023-05-30T10:28:54+00:00","dateModified":"2023-05-30T10:28:55+00:00","description":"Si andas buscando un diario de viaje infantil para tu hijo, como familia viajera te compartimos el que nosotros hemos elegido para nuestras peques viajeras.","breadcrumb":{"@id":"https:\/\/viajandodo.com\/fr\/producto\/diario-de-viaje-infantil\/#breadcrumb"},"inLanguage":"fr-FR","potentialAction":[{"@type":"ReadAction","target":["https:\/\/viajandodo.com\/fr\/producto\/diario-de-viaje-infantil\/"]}]},{"@type":"ImageObject","inLanguage":"fr-FR","@id":"https:\/\/viajandodo.com\/fr\/producto\/diario-de-viaje-infantil\/#primaryimage","url":"https:\/\/viajandodo.com\/wp-content\/uploads\/2023\/05\/Diario-de-viaje-para-ninos-VD.jpg","contentUrl":"https:\/\/viajandodo.com\/wp-content\/uploads\/2023\/05\/Diario-de-viaje-para-ninos-VD.jpg","width":1000,"height":1500},{"@type":"BreadcrumbList","@id":"https:\/\/viajandodo.com\/fr\/producto\/diario-de-viaje-infantil\/#breadcrumb","itemListElement":[{"@type":"ListItem","position":1,"name":"Portada","item":"https:\/\/viajandodo.com\/fr\/"},{"@type":"ListItem","position":2,"name":"Boutique","item":"https:\/\/viajandodo.com\/fr\/boutique\/"},{"@type":"ListItem","position":3,"name":"Diario de Viaje Infantil"}]},{"@type":"WebSite","@id":"https:\/\/viajandodo.com\/fr\/#website","url":"https:\/\/viajandodo.com\/fr\/","name":"Viajandodo","description":"Un blog de viajes en familia","publisher":{"@id":"https:\/\/viajandodo.com\/fr\/#organization"},"potentialAction":[{"@type":"SearchAction","target":{"@type":"EntryPoint","urlTemplate":"https:\/\/viajandodo.com\/fr\/?s={search_term_string}"},"query-input":{"@type":"PropertyValueSpecification","valueRequired":true,"valueName":"search_term_string"}}],"inLanguage":"fr-FR"},{"@type":"Organization","@id":"https:\/\/viajandodo.com\/fr\/#organization","name":"Viajandodo","url":"https:\/\/viajandodo.com\/fr\/","logo":{"@type":"ImageObject","inLanguage":"fr-FR","@id":"https:\/\/viajandodo.com\/fr\/#\/schema\/logo\/image\/","url":"https:\/\/viajandodo.com\/wp-content\/uploads\/2018\/11\/Lourdesperez920_AC05a_R2A.png","contentUrl":"https:\/\/viajandodo.com\/wp-content\/uploads\/2018\/11\/Lourdesperez920_AC05a_R2A.png","width":773,"height":696,"caption":"Viajandodo"},"image":{"@id":"https:\/\/viajandodo.com\/fr\/#\/schema\/logo\/image\/"},"sameAs":["https:\/\/www.facebook.com\/blogviajandodo","https:\/\/x.com\/viajandodoblog","https:\/\/www.instagram.com\/viajandodo\/","https:\/\/www.pinterest.fr\/viajandodo\/_saved\/","https:\/\/www.youtube.com\/channel\/UCGPxkIYb95n4itoCtEsTnlg"]}]}},"meta_box":[],"_links":{"self":[{"href":"https:\/\/viajandodo.com\/fr\/wp-json\/wp\/v2\/product\/30132","targetHints":{"allow":["GET"]}}],"collection":[{"href":"https:\/\/viajandodo.com\/fr\/wp-json\/wp\/v2\/product"}],"about":[{"href":"https:\/\/viajandodo.com\/fr\/wp-json\/wp\/v2\/types\/product"}],"wp:featuredmedia":[{"embeddable":true,"href":"https:\/\/viajandodo.com\/fr\/wp-json\/wp\/v2\/media\/30133"}],"wp:attachment":[{"href":"https:\/\/viajandodo.com\/fr\/wp-json\/wp\/v2\/media?parent=30132"}],"wp:term":[{"taxonomy":"product_brand","embeddable":true,"href":"https:\/\/viajandodo.com\/fr\/wp-json\/wp\/v2\/product_brand?post=30132"},{"taxonomy":"product_cat","embeddable":true,"href":"https:\/\/viajandodo.com\/fr\/wp-json\/wp\/v2\/product_cat?post=30132"},{"taxonomy":"product_tag","embeddable":true,"href":"https:\/\/viajandodo.com\/fr\/wp-json\/wp\/v2\/product_tag?post=30132"}],"curies":[{"name":"wp","href":"https:\/\/api.w.org\/{rel}","templated":true}]}}