{"id":30292,"date":"2023-08-03T18:00:07","date_gmt":"2023-08-03T16:00:07","guid":{"rendered":"https:\/\/viajandodo.com\/?post_type=product&#038;p=30292"},"modified":"2023-08-03T18:00:08","modified_gmt":"2023-08-03T16:00:08","slug":"cuentos-salvar-planeta","status":"publish","type":"product","link":"https:\/\/viajandodo.com\/fr\/producto\/cuentos-salvar-planeta\/","title":{"rendered":"Cuentos Salvar Planeta"},"content":{"rendered":"<p>\u00a0<\/p>\n<ul>\n<li><strong>Cuentos para Salvar el Planeta<\/strong><\/li>\n<li><strong>6 cuentos con preciosas ilustraciones<\/strong> e historias para preservar el mundo en el que vivimos<\/li>\n<li><strong>Recomendado de 5-12 a\u00f1os<\/strong><\/li>\n<li><strong>Aborda problemas medioambientales<\/strong> donde ni\u00f1os y animales son los protagonistas para salvar el planeta<\/li>\n<li><strong>Tem\u00e1ticas:<\/strong> los pl\u00e1sticos, la deforestaci\u00f3n, la extinci\u00f3n de los animales, el cambio clim\u00e1tico \u2026<\/li>\n<li><strong>Tambi\u00e9n incluye mensajes llenos de esperanza<\/strong><\/li>\n<li><strong>Peque\u00f1os gestos generan grandes cambios<\/strong><\/li>\n<li><strong>Tapa dura<\/strong><\/li>\n<li><strong>112 p\u00e1ginas<\/strong><\/li>\n<\/ul>\n<p>\u00a0<\/p>\n","protected":false},"excerpt":{"rendered":"<p>&nbsp;<\/p>\n<p>El planeta tierra y toda su riqueza es la mejor herencia que le podremos dejar a nuestros hijos. No obstante, el ser humano lo ha ido destruyendo a lo largo de los a\u00f1os y hoy en d\u00eda es necesario tomar consciencia de ello.<\/p>\n<p>Buscando una manera de hacer comprender a nuestras ni\u00f1as la importancia de preservar el planeta encontramos los <strong>Cuentos para Salvar el Planeta.<\/strong><\/p>\n<p>A trav\u00e9s de estos <strong>6 cuentos<\/strong> donde los ni\u00f1os y los animales son los principales protagonistas, lo m\u00e1s peque\u00f1os comprender\u00e1n el impacto de la contaminaci\u00f3n en el entorno e integrar\u00e1n las principales acciones que podemos realizar para preservar el mundo de ma\u00f1ana de una manera respetuosa.<\/p>\n<p>Siempre decimos que <strong>el planeta est\u00e1 en mano de las futuras generaciones<\/strong> y una buena educaci\u00f3n es la base de ello. Para nosotros, ha sido un gran descubrimiento que recomendamos \u00a1si tienes ni\u00f1os peque\u00f1os en casa y adem\u00e1s os gusta <strong>viajar en familia<\/strong>!<\/p>\n<p>&nbsp;<\/p>\n","protected":false},"featured_media":30293,"template":"","meta":[],"product_brand":[],"product_cat":[939,1290],"product_tag":[2068],"class_list":{"0":"post-30292","1":"product","2":"type-product","3":"status-publish","4":"has-post-thumbnail","6":"product_cat-en-familia","7":"product_cat-libros-y-juegos","8":"product_tag-cuentos-salvar-planeta","10":"first","11":"instock","12":"product-type-external"},"yoast_head":"<!-- This site is optimized with the Yoast SEO plugin v27.5 - https:\/\/yoast.com\/product\/yoast-seo-wordpress\/ -->\n<title>Cuentos Salvar Planeta - Viajandodo<\/title>\n<meta name=\"description\" content=\"Con los Cuentos para Salvar el Planeta los ni\u00f1os entender\u00e1n la importancia de los problemas medioambientales y como pueden contribuir a cambiarlos.\" \/>\n<meta name=\"robots\" content=\"index, follow, max-snippet:-1, max-image-preview:large, max-video-preview:-1\" \/>\n<link rel=\"canonical\" href=\"https:\/\/viajandodo.com\/fr\/producto\/cuentos-salvar-planeta\/\" \/>\n<meta property=\"og:locale\" content=\"fr_FR\" \/>\n<meta property=\"og:type\" content=\"article\" \/>\n<meta property=\"og:title\" content=\"Cuentos Salvar Planeta - Viajandodo\" \/>\n<meta property=\"og:description\" content=\"Con los Cuentos para Salvar el Planeta los ni\u00f1os entender\u00e1n la importancia de los problemas medioambientales y como pueden contribuir a cambiarlos.\" \/>\n<meta property=\"og:url\" content=\"https:\/\/viajandodo.com\/fr\/producto\/cuentos-salvar-planeta\/\" \/>\n<meta property=\"og:site_name\" content=\"Viajandodo\" \/>\n<meta property=\"article:publisher\" content=\"https:\/\/www.facebook.com\/blogviajandodo\" \/>\n<meta property=\"article:modified_time\" content=\"2023-08-03T16:00:08+00:00\" \/>\n<meta property=\"og:image\" content=\"https:\/\/viajandodo.com\/wp-content\/uploads\/2023\/08\/Cuentos-para-salvar-el-Planeta-Viajandodo.jpg\" \/>\n\t<meta property=\"og:image:width\" content=\"2560\" \/>\n\t<meta property=\"og:image:height\" content=\"2407\" \/>\n\t<meta property=\"og:image:type\" content=\"image\/jpeg\" \/>\n<script type=\"application\/ld+json\" class=\"yoast-schema-graph\">{\"@context\":\"https:\\\/\\\/schema.org\",\"@graph\":[{\"@type\":\"WebPage\",\"@id\":\"https:\\\/\\\/viajandodo.com\\\/fr\\\/producto\\\/cuentos-salvar-planeta\\\/\",\"url\":\"https:\\\/\\\/viajandodo.com\\\/fr\\\/producto\\\/cuentos-salvar-planeta\\\/\",\"name\":\"Cuentos Salvar Planeta - Viajandodo\",\"isPartOf\":{\"@id\":\"https:\\\/\\\/viajandodo.com\\\/fr\\\/#website\"},\"primaryImageOfPage\":{\"@id\":\"https:\\\/\\\/viajandodo.com\\\/fr\\\/producto\\\/cuentos-salvar-planeta\\\/#primaryimage\"},\"image\":{\"@id\":\"https:\\\/\\\/viajandodo.com\\\/fr\\\/producto\\\/cuentos-salvar-planeta\\\/#primaryimage\"},\"thumbnailUrl\":\"https:\\\/\\\/viajandodo.com\\\/wp-content\\\/uploads\\\/2023\\\/08\\\/Cuentos-para-salvar-el-Planeta-Viajandodo.jpg\",\"datePublished\":\"2023-08-03T16:00:07+00:00\",\"dateModified\":\"2023-08-03T16:00:08+00:00\",\"description\":\"Con los Cuentos para Salvar el Planeta los ni\u00f1os entender\u00e1n la importancia de los problemas medioambientales y como pueden contribuir a cambiarlos.\",\"breadcrumb\":{\"@id\":\"https:\\\/\\\/viajandodo.com\\\/fr\\\/producto\\\/cuentos-salvar-planeta\\\/#breadcrumb\"},\"inLanguage\":\"fr-FR\",\"potentialAction\":[{\"@type\":\"ReadAction\",\"target\":[\"https:\\\/\\\/viajandodo.com\\\/fr\\\/producto\\\/cuentos-salvar-planeta\\\/\"]}]},{\"@type\":\"ImageObject\",\"inLanguage\":\"fr-FR\",\"@id\":\"https:\\\/\\\/viajandodo.com\\\/fr\\\/producto\\\/cuentos-salvar-planeta\\\/#primaryimage\",\"url\":\"https:\\\/\\\/viajandodo.com\\\/wp-content\\\/uploads\\\/2023\\\/08\\\/Cuentos-para-salvar-el-Planeta-Viajandodo.jpg\",\"contentUrl\":\"https:\\\/\\\/viajandodo.com\\\/wp-content\\\/uploads\\\/2023\\\/08\\\/Cuentos-para-salvar-el-Planeta-Viajandodo.jpg\",\"width\":2560,\"height\":2407},{\"@type\":\"BreadcrumbList\",\"@id\":\"https:\\\/\\\/viajandodo.com\\\/fr\\\/producto\\\/cuentos-salvar-planeta\\\/#breadcrumb\",\"itemListElement\":[{\"@type\":\"ListItem\",\"position\":1,\"name\":\"Portada\",\"item\":\"https:\\\/\\\/viajandodo.com\\\/fr\\\/\"},{\"@type\":\"ListItem\",\"position\":2,\"name\":\"Boutique\",\"item\":\"https:\\\/\\\/viajandodo.com\\\/fr\\\/boutique\\\/\"},{\"@type\":\"ListItem\",\"position\":3,\"name\":\"Cuentos Salvar Planeta\"}]},{\"@type\":\"WebSite\",\"@id\":\"https:\\\/\\\/viajandodo.com\\\/fr\\\/#website\",\"url\":\"https:\\\/\\\/viajandodo.com\\\/fr\\\/\",\"name\":\"Viajandodo\",\"description\":\"Un blog de viajes en familia\",\"publisher\":{\"@id\":\"https:\\\/\\\/viajandodo.com\\\/fr\\\/#organization\"},\"potentialAction\":[{\"@type\":\"SearchAction\",\"target\":{\"@type\":\"EntryPoint\",\"urlTemplate\":\"https:\\\/\\\/viajandodo.com\\\/fr\\\/?s={search_term_string}\"},\"query-input\":{\"@type\":\"PropertyValueSpecification\",\"valueRequired\":true,\"valueName\":\"search_term_string\"}}],\"inLanguage\":\"fr-FR\"},{\"@type\":\"Organization\",\"@id\":\"https:\\\/\\\/viajandodo.com\\\/fr\\\/#organization\",\"name\":\"Viajandodo\",\"url\":\"https:\\\/\\\/viajandodo.com\\\/fr\\\/\",\"logo\":{\"@type\":\"ImageObject\",\"inLanguage\":\"fr-FR\",\"@id\":\"https:\\\/\\\/viajandodo.com\\\/fr\\\/#\\\/schema\\\/logo\\\/image\\\/\",\"url\":\"https:\\\/\\\/viajandodo.com\\\/wp-content\\\/uploads\\\/2018\\\/11\\\/Lourdesperez920_AC05a_R2A.png\",\"contentUrl\":\"https:\\\/\\\/viajandodo.com\\\/wp-content\\\/uploads\\\/2018\\\/11\\\/Lourdesperez920_AC05a_R2A.png\",\"width\":773,\"height\":696,\"caption\":\"Viajandodo\"},\"image\":{\"@id\":\"https:\\\/\\\/viajandodo.com\\\/fr\\\/#\\\/schema\\\/logo\\\/image\\\/\"},\"sameAs\":[\"https:\\\/\\\/www.facebook.com\\\/blogviajandodo\",\"https:\\\/\\\/x.com\\\/viajandodoblog\",\"https:\\\/\\\/www.instagram.com\\\/viajandodo\\\/\",\"https:\\\/\\\/www.pinterest.fr\\\/viajandodo\\\/_saved\\\/\",\"https:\\\/\\\/www.youtube.com\\\/channel\\\/UCGPxkIYb95n4itoCtEsTnlg\"]}]}<\/script>\n<!-- \/ Yoast SEO plugin. -->","yoast_head_json":{"title":"Cuentos Salvar Planeta - Viajandodo","description":"Con los Cuentos para Salvar el Planeta los ni\u00f1os entender\u00e1n la importancia de los problemas medioambientales y como pueden contribuir a cambiarlos.","robots":{"index":"index","follow":"follow","max-snippet":"max-snippet:-1","max-image-preview":"max-image-preview:large","max-video-preview":"max-video-preview:-1"},"canonical":"https:\/\/viajandodo.com\/fr\/producto\/cuentos-salvar-planeta\/","og_locale":"fr_FR","og_type":"article","og_title":"Cuentos Salvar Planeta - Viajandodo","og_description":"Con los Cuentos para Salvar el Planeta los ni\u00f1os entender\u00e1n la importancia de los problemas medioambientales y como pueden contribuir a cambiarlos.","og_url":"https:\/\/viajandodo.com\/fr\/producto\/cuentos-salvar-planeta\/","og_site_name":"Viajandodo","article_publisher":"https:\/\/www.facebook.com\/blogviajandodo","article_modified_time":"2023-08-03T16:00:08+00:00","og_image":[{"width":2560,"height":2407,"url":"https:\/\/viajandodo.com\/wp-content\/uploads\/2023\/08\/Cuentos-para-salvar-el-Planeta-Viajandodo.jpg","type":"image\/jpeg"}],"schema":{"@context":"https:\/\/schema.org","@graph":[{"@type":"WebPage","@id":"https:\/\/viajandodo.com\/fr\/producto\/cuentos-salvar-planeta\/","url":"https:\/\/viajandodo.com\/fr\/producto\/cuentos-salvar-planeta\/","name":"Cuentos Salvar Planeta - Viajandodo","isPartOf":{"@id":"https:\/\/viajandodo.com\/fr\/#website"},"primaryImageOfPage":{"@id":"https:\/\/viajandodo.com\/fr\/producto\/cuentos-salvar-planeta\/#primaryimage"},"image":{"@id":"https:\/\/viajandodo.com\/fr\/producto\/cuentos-salvar-planeta\/#primaryimage"},"thumbnailUrl":"https:\/\/viajandodo.com\/wp-content\/uploads\/2023\/08\/Cuentos-para-salvar-el-Planeta-Viajandodo.jpg","datePublished":"2023-08-03T16:00:07+00:00","dateModified":"2023-08-03T16:00:08+00:00","description":"Con los Cuentos para Salvar el Planeta los ni\u00f1os entender\u00e1n la importancia de los problemas medioambientales y como pueden contribuir a cambiarlos.","breadcrumb":{"@id":"https:\/\/viajandodo.com\/fr\/producto\/cuentos-salvar-planeta\/#breadcrumb"},"inLanguage":"fr-FR","potentialAction":[{"@type":"ReadAction","target":["https:\/\/viajandodo.com\/fr\/producto\/cuentos-salvar-planeta\/"]}]},{"@type":"ImageObject","inLanguage":"fr-FR","@id":"https:\/\/viajandodo.com\/fr\/producto\/cuentos-salvar-planeta\/#primaryimage","url":"https:\/\/viajandodo.com\/wp-content\/uploads\/2023\/08\/Cuentos-para-salvar-el-Planeta-Viajandodo.jpg","contentUrl":"https:\/\/viajandodo.com\/wp-content\/uploads\/2023\/08\/Cuentos-para-salvar-el-Planeta-Viajandodo.jpg","width":2560,"height":2407},{"@type":"BreadcrumbList","@id":"https:\/\/viajandodo.com\/fr\/producto\/cuentos-salvar-planeta\/#breadcrumb","itemListElement":[{"@type":"ListItem","position":1,"name":"Portada","item":"https:\/\/viajandodo.com\/fr\/"},{"@type":"ListItem","position":2,"name":"Boutique","item":"https:\/\/viajandodo.com\/fr\/boutique\/"},{"@type":"ListItem","position":3,"name":"Cuentos Salvar Planeta"}]},{"@type":"WebSite","@id":"https:\/\/viajandodo.com\/fr\/#website","url":"https:\/\/viajandodo.com\/fr\/","name":"Viajandodo","description":"Un blog de viajes en familia","publisher":{"@id":"https:\/\/viajandodo.com\/fr\/#organization"},"potentialAction":[{"@type":"SearchAction","target":{"@type":"EntryPoint","urlTemplate":"https:\/\/viajandodo.com\/fr\/?s={search_term_string}"},"query-input":{"@type":"PropertyValueSpecification","valueRequired":true,"valueName":"search_term_string"}}],"inLanguage":"fr-FR"},{"@type":"Organization","@id":"https:\/\/viajandodo.com\/fr\/#organization","name":"Viajandodo","url":"https:\/\/viajandodo.com\/fr\/","logo":{"@type":"ImageObject","inLanguage":"fr-FR","@id":"https:\/\/viajandodo.com\/fr\/#\/schema\/logo\/image\/","url":"https:\/\/viajandodo.com\/wp-content\/uploads\/2018\/11\/Lourdesperez920_AC05a_R2A.png","contentUrl":"https:\/\/viajandodo.com\/wp-content\/uploads\/2018\/11\/Lourdesperez920_AC05a_R2A.png","width":773,"height":696,"caption":"Viajandodo"},"image":{"@id":"https:\/\/viajandodo.com\/fr\/#\/schema\/logo\/image\/"},"sameAs":["https:\/\/www.facebook.com\/blogviajandodo","https:\/\/x.com\/viajandodoblog","https:\/\/www.instagram.com\/viajandodo\/","https:\/\/www.pinterest.fr\/viajandodo\/_saved\/","https:\/\/www.youtube.com\/channel\/UCGPxkIYb95n4itoCtEsTnlg"]}]}},"meta_box":[],"_links":{"self":[{"href":"https:\/\/viajandodo.com\/fr\/wp-json\/wp\/v2\/product\/30292","targetHints":{"allow":["GET"]}}],"collection":[{"href":"https:\/\/viajandodo.com\/fr\/wp-json\/wp\/v2\/product"}],"about":[{"href":"https:\/\/viajandodo.com\/fr\/wp-json\/wp\/v2\/types\/product"}],"wp:featuredmedia":[{"embeddable":true,"href":"https:\/\/viajandodo.com\/fr\/wp-json\/wp\/v2\/media\/30293"}],"wp:attachment":[{"href":"https:\/\/viajandodo.com\/fr\/wp-json\/wp\/v2\/media?parent=30292"}],"wp:term":[{"taxonomy":"product_brand","embeddable":true,"href":"https:\/\/viajandodo.com\/fr\/wp-json\/wp\/v2\/product_brand?post=30292"},{"taxonomy":"product_cat","embeddable":true,"href":"https:\/\/viajandodo.com\/fr\/wp-json\/wp\/v2\/product_cat?post=30292"},{"taxonomy":"product_tag","embeddable":true,"href":"https:\/\/viajandodo.com\/fr\/wp-json\/wp\/v2\/product_tag?post=30292"}],"curies":[{"name":"wp","href":"https:\/\/api.w.org\/{rel}","templated":true}]}}