{"id":37696,"date":"2025-12-16T16:22:28","date_gmt":"2025-12-16T14:22:28","guid":{"rendered":"https:\/\/viajandodo.com\/?post_type=product&#038;p=37696"},"modified":"2026-02-03T14:02:44","modified_gmt":"2026-02-03T12:02:44","slug":"smartrike-traveler","status":"publish","type":"product","link":"https:\/\/viajandodo.com\/fr\/producto\/smartrike-traveler\/","title":{"rendered":"Smartrike Traveler"},"content":{"rendered":"<p>&nbsp;<\/p>\n<ul>\n<li>El carrito <strong>Traveler de SmarTrike<\/strong> cuenta con un <strong>asiento reclinable a 160\u00b0<\/strong>, ideal para la m\u00e1xima comodidad a la hora de dormir la siesta.<\/li>\n<li>El Traveler se transforma <strong>de cochecito a triciclo en 4 etapas en un solo clic.<\/strong><\/li>\n<li><strong>F\u00e1cil y c\u00f3mo plegado<\/strong>, que permite almacenarlo y transportarlo de forma r\u00e1pida y ligera.<\/li>\n<li>Modelo compatible con la <strong>cabina de aviones<\/strong> (aunque por seguridad verificad dimensiones admitidas a cada vuelo).<\/li>\n<li><strong>Direcci\u00f3n ergon\u00f3mica<\/strong>.<\/li>\n<li><strong>Sistema de control<\/strong> padre\/hijo.<\/li>\n<li><strong>Capota<\/strong> con protecci\u00f3n solar <strong>50 UPF.<\/strong><\/li>\n<li>\n<div class=\"wd-image-with-icons__icon-title\">M\u00e1s de 100 premios internacionales<\/div>\n<div class=\"wd-image-with-icons__icon-text\"><\/div>\n<\/li>\n<\/ul>\n<p>&nbsp;<\/p>\n<p>&nbsp;<\/p>\n","protected":false},"excerpt":{"rendered":"<p>El carrito Traveler est\u00e1 aqu\u00ed para todo. Se transforma a la perfecci\u00f3n de un acogedor cochecito a un triciclo independiente. As\u00ed, cuando tu peque\u00f1o est\u00e9 preparado, podr\u00e1 pedalear a su propio ritmo y como \u00e9l, este carrito tambi\u00e9n es evolutivo e ideal para peque\u00f1os exploradores.<\/p>\n<p>&nbsp;<\/p>\n","protected":false},"featured_media":37697,"template":"","meta":[],"product_brand":[],"product_cat":[336,429],"product_tag":[],"class_list":{"0":"post-37696","1":"product","2":"type-product","3":"status-publish","4":"has-post-thumbnail","6":"product_cat-bebe","7":"product_cat-carritos-de-viaje","9":"first","10":"instock","11":"product-type-external"},"yoast_head":"<!-- This site is optimized with the Yoast SEO plugin v27.4 - https:\/\/yoast.com\/product\/yoast-seo-wordpress\/ -->\n<title>Smartrike Traveler - Viajandodo<\/title>\n<meta name=\"robots\" content=\"index, follow, max-snippet:-1, max-image-preview:large, max-video-preview:-1\" \/>\n<link rel=\"canonical\" href=\"https:\/\/viajandodo.com\/fr\/producto\/smartrike-traveler\/\" \/>\n<meta property=\"og:locale\" content=\"fr_FR\" \/>\n<meta property=\"og:type\" content=\"article\" \/>\n<meta property=\"og:title\" content=\"Smartrike Traveler - Viajandodo\" \/>\n<meta property=\"og:description\" content=\"El carrito Traveler est\u00e1 aqu\u00ed para todo. Se transforma a la perfecci\u00f3n de un acogedor cochecito a un triciclo independiente. As\u00ed, cuando tu peque\u00f1o est\u00e9 preparado, podr\u00e1 pedalear a su propio ritmo y como \u00e9l, este carrito tambi\u00e9n es evolutivo e ideal para peque\u00f1os exploradores.  &nbsp;\" \/>\n<meta property=\"og:url\" content=\"https:\/\/viajandodo.com\/fr\/producto\/smartrike-traveler\/\" \/>\n<meta property=\"og:site_name\" content=\"Viajandodo\" \/>\n<meta property=\"article:publisher\" content=\"https:\/\/www.facebook.com\/blogviajandodo\" \/>\n<meta property=\"article:modified_time\" content=\"2026-02-03T12:02:44+00:00\" \/>\n<meta property=\"og:image\" content=\"https:\/\/viajandodo.com\/wp-content\/uploads\/2025\/12\/Carrito-Traveler-Smartrike.jpg\" \/>\n\t<meta property=\"og:image:width\" content=\"1500\" \/>\n\t<meta property=\"og:image:height\" content=\"1500\" \/>\n\t<meta property=\"og:image:type\" content=\"image\/jpeg\" \/>\n<script type=\"application\/ld+json\" class=\"yoast-schema-graph\">{\"@context\":\"https:\\\/\\\/schema.org\",\"@graph\":[{\"@type\":\"WebPage\",\"@id\":\"https:\\\/\\\/viajandodo.com\\\/fr\\\/producto\\\/smartrike-traveler\\\/\",\"url\":\"https:\\\/\\\/viajandodo.com\\\/fr\\\/producto\\\/smartrike-traveler\\\/\",\"name\":\"Smartrike Traveler - Viajandodo\",\"isPartOf\":{\"@id\":\"https:\\\/\\\/viajandodo.com\\\/fr\\\/#website\"},\"primaryImageOfPage\":{\"@id\":\"https:\\\/\\\/viajandodo.com\\\/fr\\\/producto\\\/smartrike-traveler\\\/#primaryimage\"},\"image\":{\"@id\":\"https:\\\/\\\/viajandodo.com\\\/fr\\\/producto\\\/smartrike-traveler\\\/#primaryimage\"},\"thumbnailUrl\":\"https:\\\/\\\/viajandodo.com\\\/wp-content\\\/uploads\\\/2025\\\/12\\\/Carrito-Traveler-Smartrike.jpg\",\"datePublished\":\"2025-12-16T14:22:28+00:00\",\"dateModified\":\"2026-02-03T12:02:44+00:00\",\"breadcrumb\":{\"@id\":\"https:\\\/\\\/viajandodo.com\\\/fr\\\/producto\\\/smartrike-traveler\\\/#breadcrumb\"},\"inLanguage\":\"fr-FR\",\"potentialAction\":[{\"@type\":\"ReadAction\",\"target\":[\"https:\\\/\\\/viajandodo.com\\\/fr\\\/producto\\\/smartrike-traveler\\\/\"]}]},{\"@type\":\"ImageObject\",\"inLanguage\":\"fr-FR\",\"@id\":\"https:\\\/\\\/viajandodo.com\\\/fr\\\/producto\\\/smartrike-traveler\\\/#primaryimage\",\"url\":\"https:\\\/\\\/viajandodo.com\\\/wp-content\\\/uploads\\\/2025\\\/12\\\/Carrito-Traveler-Smartrike.jpg\",\"contentUrl\":\"https:\\\/\\\/viajandodo.com\\\/wp-content\\\/uploads\\\/2025\\\/12\\\/Carrito-Traveler-Smartrike.jpg\",\"width\":1500,\"height\":1500},{\"@type\":\"BreadcrumbList\",\"@id\":\"https:\\\/\\\/viajandodo.com\\\/fr\\\/producto\\\/smartrike-traveler\\\/#breadcrumb\",\"itemListElement\":[{\"@type\":\"ListItem\",\"position\":1,\"name\":\"Portada\",\"item\":\"https:\\\/\\\/viajandodo.com\\\/fr\\\/\"},{\"@type\":\"ListItem\",\"position\":2,\"name\":\"Boutique\",\"item\":\"https:\\\/\\\/viajandodo.com\\\/fr\\\/boutique\\\/\"},{\"@type\":\"ListItem\",\"position\":3,\"name\":\"Smartrike Traveler\"}]},{\"@type\":\"WebSite\",\"@id\":\"https:\\\/\\\/viajandodo.com\\\/fr\\\/#website\",\"url\":\"https:\\\/\\\/viajandodo.com\\\/fr\\\/\",\"name\":\"Viajandodo\",\"description\":\"Un blog de viajes en familia\",\"publisher\":{\"@id\":\"https:\\\/\\\/viajandodo.com\\\/fr\\\/#organization\"},\"potentialAction\":[{\"@type\":\"SearchAction\",\"target\":{\"@type\":\"EntryPoint\",\"urlTemplate\":\"https:\\\/\\\/viajandodo.com\\\/fr\\\/?s={search_term_string}\"},\"query-input\":{\"@type\":\"PropertyValueSpecification\",\"valueRequired\":true,\"valueName\":\"search_term_string\"}}],\"inLanguage\":\"fr-FR\"},{\"@type\":\"Organization\",\"@id\":\"https:\\\/\\\/viajandodo.com\\\/fr\\\/#organization\",\"name\":\"Viajandodo\",\"url\":\"https:\\\/\\\/viajandodo.com\\\/fr\\\/\",\"logo\":{\"@type\":\"ImageObject\",\"inLanguage\":\"fr-FR\",\"@id\":\"https:\\\/\\\/viajandodo.com\\\/fr\\\/#\\\/schema\\\/logo\\\/image\\\/\",\"url\":\"https:\\\/\\\/viajandodo.com\\\/wp-content\\\/uploads\\\/2018\\\/11\\\/Lourdesperez920_AC05a_R2A.png\",\"contentUrl\":\"https:\\\/\\\/viajandodo.com\\\/wp-content\\\/uploads\\\/2018\\\/11\\\/Lourdesperez920_AC05a_R2A.png\",\"width\":773,\"height\":696,\"caption\":\"Viajandodo\"},\"image\":{\"@id\":\"https:\\\/\\\/viajandodo.com\\\/fr\\\/#\\\/schema\\\/logo\\\/image\\\/\"},\"sameAs\":[\"https:\\\/\\\/www.facebook.com\\\/blogviajandodo\",\"https:\\\/\\\/x.com\\\/viajandodoblog\",\"https:\\\/\\\/www.instagram.com\\\/viajandodo\\\/\",\"https:\\\/\\\/www.pinterest.fr\\\/viajandodo\\\/_saved\\\/\",\"https:\\\/\\\/www.youtube.com\\\/channel\\\/UCGPxkIYb95n4itoCtEsTnlg\"]}]}<\/script>\n<!-- \/ Yoast SEO plugin. -->","yoast_head_json":{"title":"Smartrike Traveler - Viajandodo","robots":{"index":"index","follow":"follow","max-snippet":"max-snippet:-1","max-image-preview":"max-image-preview:large","max-video-preview":"max-video-preview:-1"},"canonical":"https:\/\/viajandodo.com\/fr\/producto\/smartrike-traveler\/","og_locale":"fr_FR","og_type":"article","og_title":"Smartrike Traveler - Viajandodo","og_description":"El carrito Traveler est\u00e1 aqu\u00ed para todo. Se transforma a la perfecci\u00f3n de un acogedor cochecito a un triciclo independiente. As\u00ed, cuando tu peque\u00f1o est\u00e9 preparado, podr\u00e1 pedalear a su propio ritmo y como \u00e9l, este carrito tambi\u00e9n es evolutivo e ideal para peque\u00f1os exploradores.  &nbsp;","og_url":"https:\/\/viajandodo.com\/fr\/producto\/smartrike-traveler\/","og_site_name":"Viajandodo","article_publisher":"https:\/\/www.facebook.com\/blogviajandodo","article_modified_time":"2026-02-03T12:02:44+00:00","og_image":[{"width":1500,"height":1500,"url":"https:\/\/viajandodo.com\/wp-content\/uploads\/2025\/12\/Carrito-Traveler-Smartrike.jpg","type":"image\/jpeg"}],"schema":{"@context":"https:\/\/schema.org","@graph":[{"@type":"WebPage","@id":"https:\/\/viajandodo.com\/fr\/producto\/smartrike-traveler\/","url":"https:\/\/viajandodo.com\/fr\/producto\/smartrike-traveler\/","name":"Smartrike Traveler - Viajandodo","isPartOf":{"@id":"https:\/\/viajandodo.com\/fr\/#website"},"primaryImageOfPage":{"@id":"https:\/\/viajandodo.com\/fr\/producto\/smartrike-traveler\/#primaryimage"},"image":{"@id":"https:\/\/viajandodo.com\/fr\/producto\/smartrike-traveler\/#primaryimage"},"thumbnailUrl":"https:\/\/viajandodo.com\/wp-content\/uploads\/2025\/12\/Carrito-Traveler-Smartrike.jpg","datePublished":"2025-12-16T14:22:28+00:00","dateModified":"2026-02-03T12:02:44+00:00","breadcrumb":{"@id":"https:\/\/viajandodo.com\/fr\/producto\/smartrike-traveler\/#breadcrumb"},"inLanguage":"fr-FR","potentialAction":[{"@type":"ReadAction","target":["https:\/\/viajandodo.com\/fr\/producto\/smartrike-traveler\/"]}]},{"@type":"ImageObject","inLanguage":"fr-FR","@id":"https:\/\/viajandodo.com\/fr\/producto\/smartrike-traveler\/#primaryimage","url":"https:\/\/viajandodo.com\/wp-content\/uploads\/2025\/12\/Carrito-Traveler-Smartrike.jpg","contentUrl":"https:\/\/viajandodo.com\/wp-content\/uploads\/2025\/12\/Carrito-Traveler-Smartrike.jpg","width":1500,"height":1500},{"@type":"BreadcrumbList","@id":"https:\/\/viajandodo.com\/fr\/producto\/smartrike-traveler\/#breadcrumb","itemListElement":[{"@type":"ListItem","position":1,"name":"Portada","item":"https:\/\/viajandodo.com\/fr\/"},{"@type":"ListItem","position":2,"name":"Boutique","item":"https:\/\/viajandodo.com\/fr\/boutique\/"},{"@type":"ListItem","position":3,"name":"Smartrike Traveler"}]},{"@type":"WebSite","@id":"https:\/\/viajandodo.com\/fr\/#website","url":"https:\/\/viajandodo.com\/fr\/","name":"Viajandodo","description":"Un blog de viajes en familia","publisher":{"@id":"https:\/\/viajandodo.com\/fr\/#organization"},"potentialAction":[{"@type":"SearchAction","target":{"@type":"EntryPoint","urlTemplate":"https:\/\/viajandodo.com\/fr\/?s={search_term_string}"},"query-input":{"@type":"PropertyValueSpecification","valueRequired":true,"valueName":"search_term_string"}}],"inLanguage":"fr-FR"},{"@type":"Organization","@id":"https:\/\/viajandodo.com\/fr\/#organization","name":"Viajandodo","url":"https:\/\/viajandodo.com\/fr\/","logo":{"@type":"ImageObject","inLanguage":"fr-FR","@id":"https:\/\/viajandodo.com\/fr\/#\/schema\/logo\/image\/","url":"https:\/\/viajandodo.com\/wp-content\/uploads\/2018\/11\/Lourdesperez920_AC05a_R2A.png","contentUrl":"https:\/\/viajandodo.com\/wp-content\/uploads\/2018\/11\/Lourdesperez920_AC05a_R2A.png","width":773,"height":696,"caption":"Viajandodo"},"image":{"@id":"https:\/\/viajandodo.com\/fr\/#\/schema\/logo\/image\/"},"sameAs":["https:\/\/www.facebook.com\/blogviajandodo","https:\/\/x.com\/viajandodoblog","https:\/\/www.instagram.com\/viajandodo\/","https:\/\/www.pinterest.fr\/viajandodo\/_saved\/","https:\/\/www.youtube.com\/channel\/UCGPxkIYb95n4itoCtEsTnlg"]}]}},"meta_box":[],"_links":{"self":[{"href":"https:\/\/viajandodo.com\/fr\/wp-json\/wp\/v2\/product\/37696","targetHints":{"allow":["GET"]}}],"collection":[{"href":"https:\/\/viajandodo.com\/fr\/wp-json\/wp\/v2\/product"}],"about":[{"href":"https:\/\/viajandodo.com\/fr\/wp-json\/wp\/v2\/types\/product"}],"wp:featuredmedia":[{"embeddable":true,"href":"https:\/\/viajandodo.com\/fr\/wp-json\/wp\/v2\/media\/37697"}],"wp:attachment":[{"href":"https:\/\/viajandodo.com\/fr\/wp-json\/wp\/v2\/media?parent=37696"}],"wp:term":[{"taxonomy":"product_brand","embeddable":true,"href":"https:\/\/viajandodo.com\/fr\/wp-json\/wp\/v2\/product_brand?post=37696"},{"taxonomy":"product_cat","embeddable":true,"href":"https:\/\/viajandodo.com\/fr\/wp-json\/wp\/v2\/product_cat?post=37696"},{"taxonomy":"product_tag","embeddable":true,"href":"https:\/\/viajandodo.com\/fr\/wp-json\/wp\/v2\/product_tag?post=37696"}],"curies":[{"name":"wp","href":"https:\/\/api.w.org\/{rel}","templated":true}]}}