{"id":37857,"date":"2026-02-03T14:23:37","date_gmt":"2026-02-03T12:23:37","guid":{"rendered":"https:\/\/viajandodo.com\/?post_type=product&#038;p=37857"},"modified":"2026-02-03T14:25:38","modified_gmt":"2026-02-03T12:25:38","slug":"silla-coche-plegable-maxi-cosi","status":"publish","type":"product","link":"https:\/\/viajandodo.com\/fr\/producto\/silla-coche-plegable-maxi-cosi\/","title":{"rendered":"Silla Coche Plegable Maxi-Cosi"},"content":{"rendered":"<p>&nbsp;<\/p>\n<ul class=\"a-unordered-list a-vertical a-spacing-mini\">\n<li><span class=\"a-list-item\"><strong>SILLA DE COCHE PLEGABLE:<\/strong> La silla de coche port\u00e1til (5,32 kg) ofrece un dise\u00f1o de plegado f\u00e1cil y compacto (59,5 x 28 x 45 cm) que te permite llevarla contigo de viaje, trasladarla de un coche a otro o guardarla en cualquier lugar que necesites.<\/span><\/li>\n<\/ul>\n<p>&nbsp;<\/p>\n<ul class=\"a-unordered-list a-vertical a-spacing-mini\">\n<li class=\"a-spacing-mini\"><span class=\"a-list-item\"><strong>SILLA COCHE GRUPO 2\/3:<\/strong> La silla de coche apta para varias edades a medida que tu hijo crece, orientada hacia delante combina sin esfuerzo confort, seguridad y comodidad durante toda la infancia a partir de los 100-150 cm (aprox. 15-36 kg)<\/span><\/li>\n<\/ul>\n<p>&nbsp;<\/p>\n<ul class=\"a-unordered-list a-vertical a-spacing-mini\">\n<li class=\"a-spacing-mini\"><span class=\"a-list-item\"><strong>SEGURIDAD I-SIZE:<\/strong> La silla coche ISOFIX est\u00e1 dise\u00f1ada conforme a las normas de seguridad UE m\u00e1s exigentes (i-size ECE R129), mientras que las fijaciones ISOFIX son las mas seguras.<\/span><\/li>\n<\/ul>\n<p>&nbsp;<\/p>\n<ul class=\"a-unordered-list a-vertical a-spacing-mini\">\n<li class=\"a-spacing-mini\"><span class=\"a-list-item\"><strong>PROTECCI\u00d3N CONTRA IMPACTOS LATERALES G-CELL:<\/strong> El sistema integrado proporciona protecci\u00f3n frente a impactos laterales ya que distrubuye las fuerzas lejos del ni\u00f1o reduciendo lesiones en cabeza, cuello y hombros. Algo esencial a la hora de elegir este tipo de dispositivos.<\/span><\/li>\n<\/ul>\n<p>&nbsp;<\/p>\n<ul class=\"a-unordered-list a-vertical a-spacing-mini\">\n<li class=\"a-spacing-mini\"><span class=\"a-list-item\"><strong>10 POSICIONES DE REPOSACABEZAS:<\/strong> este modelo de silla de coche de viaje port\u00e1til i-Size de Maxi-Cosi ofrece 10 posiciones de reposacabezas, lo que da a tu peque\u00f1o una mayor comodidad, ya que se puede ajustar en altura a medida que crece.<\/span><\/li>\n<\/ul>\n<p>&nbsp;<\/p>\n<ul class=\"a-unordered-list a-vertical a-spacing-mini\">\n<li class=\"a-spacing-mini\"><span class=\"a-list-item\"><strong>PRODUCCI\u00d3N RESPETUOSA CON EL MEDIO AMBIENTE:<\/strong> Los tejidos Eco-Care est\u00e1n fabriados a partir de 13 botellas recicladas y sin utilizar qu\u00edmicos peligrosos, lo que significa que la piel de tu hijo no est\u00e1 expuesta a ning\u00fan riesgo potencial. <\/span>\u00a0La funda sostenible est\u00e1 dise\u00f1ada con Eco-Care, tejidos 100 % reciclados, por lo que se puede quitar f\u00e1cilmente y es lavable en la lavadora.<\/li>\n<\/ul>\n<p>&nbsp;<\/p>\n<p>&nbsp;<\/p>\n<p>&nbsp;<\/p>\n","protected":false},"excerpt":{"rendered":"<h1><\/h1>\n<p class=\"aplus-h1 aplus-module-2-heading a-text-bold\"><strong>Maxi-Cosi Tanza i-Size<\/strong> es la silla de coche evolutiva con c\u00f3modo plegado compacto para un f\u00e1cil transporte y protecci\u00f3n contra impactos laterales G-CELL que garantiza seguridad duradera para tu criatura.<\/p>\n<p>Su <strong>dise\u00f1o plegable<\/strong> te permite llevarla de un coche a otro o guardarla cuando no la utilices.<\/p>\n<p>El <strong>asiento elevador multiedad<\/strong> que crece con tu peque\u00f1o y que ofrece la comodidad de un plegado compacto que facilita su almacenamiento y transporte. La protecci\u00f3n <strong>contra impactos laterales G-CELL<\/strong> integrada de Tanza i-Size brinda tranquilidad, mientras que las fijaciones ISOFIX seguras permiten tener confianza durante a\u00f1os de uso. Con Tanza i-Size, la comodidad y la seguridad de tu peque est\u00e1n garantizadas, desde los 3,5 a\u00f1os (100 cm) hasta los 12 a\u00f1os (150 cm).<\/p>\n<p>&nbsp;<\/p>\n","protected":false},"featured_media":37858,"template":"","meta":[],"product_brand":[],"product_cat":[1651,939,1231],"product_tag":[],"class_list":{"0":"post-37857","1":"product","2":"type-product","3":"status-publish","4":"has-post-thumbnail","6":"product_cat-eco-friendly","7":"product_cat-en-familia","8":"product_cat-sillas-auto-y-elevadores","10":"first","11":"instock","12":"product-type-external"},"yoast_head":"<!-- This site is optimized with the Yoast SEO plugin v27.4 - https:\/\/yoast.com\/product\/yoast-seo-wordpress\/ -->\n<title>Silla Coche Plegable Maxi-Cosi - Viajandodo<\/title>\n<meta name=\"description\" content=\"Silla Coche Plegable\" \/>\n<meta name=\"robots\" content=\"index, follow, max-snippet:-1, max-image-preview:large, max-video-preview:-1\" \/>\n<link rel=\"canonical\" href=\"https:\/\/viajandodo.com\/fr\/producto\/silla-coche-plegable-maxi-cosi\/\" \/>\n<meta property=\"og:locale\" content=\"fr_FR\" \/>\n<meta property=\"og:type\" content=\"article\" \/>\n<meta property=\"og:title\" content=\"Silla Coche Plegable Maxi-Cosi - Viajandodo\" \/>\n<meta property=\"og:description\" content=\"Silla Coche Plegable\" \/>\n<meta property=\"og:url\" content=\"https:\/\/viajandodo.com\/fr\/producto\/silla-coche-plegable-maxi-cosi\/\" \/>\n<meta property=\"og:site_name\" content=\"Viajandodo\" \/>\n<meta property=\"article:publisher\" content=\"https:\/\/www.facebook.com\/blogviajandodo\" \/>\n<meta property=\"article:modified_time\" content=\"2026-02-03T12:25:38+00:00\" \/>\n<meta property=\"og:image\" content=\"https:\/\/viajandodo.com\/wp-content\/uploads\/2026\/02\/Silla-auto-viaje-bebe.jpg\" \/>\n\t<meta property=\"og:image:width\" content=\"938\" \/>\n\t<meta property=\"og:image:height\" content=\"1500\" \/>\n\t<meta property=\"og:image:type\" content=\"image\/jpeg\" \/>\n<meta name=\"twitter:label1\" content=\"Dur\u00e9e de lecture estim\u00e9e\" \/>\n\t<meta name=\"twitter:data1\" content=\"1 minute\" \/>\n<script type=\"application\/ld+json\" class=\"yoast-schema-graph\">{\"@context\":\"https:\\\/\\\/schema.org\",\"@graph\":[{\"@type\":\"WebPage\",\"@id\":\"https:\\\/\\\/viajandodo.com\\\/fr\\\/producto\\\/silla-coche-plegable-maxi-cosi\\\/\",\"url\":\"https:\\\/\\\/viajandodo.com\\\/fr\\\/producto\\\/silla-coche-plegable-maxi-cosi\\\/\",\"name\":\"Silla Coche Plegable Maxi-Cosi - Viajandodo\",\"isPartOf\":{\"@id\":\"https:\\\/\\\/viajandodo.com\\\/fr\\\/#website\"},\"primaryImageOfPage\":{\"@id\":\"https:\\\/\\\/viajandodo.com\\\/fr\\\/producto\\\/silla-coche-plegable-maxi-cosi\\\/#primaryimage\"},\"image\":{\"@id\":\"https:\\\/\\\/viajandodo.com\\\/fr\\\/producto\\\/silla-coche-plegable-maxi-cosi\\\/#primaryimage\"},\"thumbnailUrl\":\"https:\\\/\\\/viajandodo.com\\\/wp-content\\\/uploads\\\/2026\\\/02\\\/Silla-auto-viaje-bebe.jpg\",\"datePublished\":\"2026-02-03T12:23:37+00:00\",\"dateModified\":\"2026-02-03T12:25:38+00:00\",\"description\":\"Silla Coche Plegable\",\"breadcrumb\":{\"@id\":\"https:\\\/\\\/viajandodo.com\\\/fr\\\/producto\\\/silla-coche-plegable-maxi-cosi\\\/#breadcrumb\"},\"inLanguage\":\"fr-FR\",\"potentialAction\":[{\"@type\":\"ReadAction\",\"target\":[\"https:\\\/\\\/viajandodo.com\\\/fr\\\/producto\\\/silla-coche-plegable-maxi-cosi\\\/\"]}]},{\"@type\":\"ImageObject\",\"inLanguage\":\"fr-FR\",\"@id\":\"https:\\\/\\\/viajandodo.com\\\/fr\\\/producto\\\/silla-coche-plegable-maxi-cosi\\\/#primaryimage\",\"url\":\"https:\\\/\\\/viajandodo.com\\\/wp-content\\\/uploads\\\/2026\\\/02\\\/Silla-auto-viaje-bebe.jpg\",\"contentUrl\":\"https:\\\/\\\/viajandodo.com\\\/wp-content\\\/uploads\\\/2026\\\/02\\\/Silla-auto-viaje-bebe.jpg\",\"width\":938,\"height\":1500},{\"@type\":\"BreadcrumbList\",\"@id\":\"https:\\\/\\\/viajandodo.com\\\/fr\\\/producto\\\/silla-coche-plegable-maxi-cosi\\\/#breadcrumb\",\"itemListElement\":[{\"@type\":\"ListItem\",\"position\":1,\"name\":\"Portada\",\"item\":\"https:\\\/\\\/viajandodo.com\\\/fr\\\/\"},{\"@type\":\"ListItem\",\"position\":2,\"name\":\"Boutique\",\"item\":\"https:\\\/\\\/viajandodo.com\\\/fr\\\/boutique\\\/\"},{\"@type\":\"ListItem\",\"position\":3,\"name\":\"Silla Coche Plegable Maxi-Cosi\"}]},{\"@type\":\"WebSite\",\"@id\":\"https:\\\/\\\/viajandodo.com\\\/fr\\\/#website\",\"url\":\"https:\\\/\\\/viajandodo.com\\\/fr\\\/\",\"name\":\"Viajandodo\",\"description\":\"Un blog de viajes en familia\",\"publisher\":{\"@id\":\"https:\\\/\\\/viajandodo.com\\\/fr\\\/#organization\"},\"potentialAction\":[{\"@type\":\"SearchAction\",\"target\":{\"@type\":\"EntryPoint\",\"urlTemplate\":\"https:\\\/\\\/viajandodo.com\\\/fr\\\/?s={search_term_string}\"},\"query-input\":{\"@type\":\"PropertyValueSpecification\",\"valueRequired\":true,\"valueName\":\"search_term_string\"}}],\"inLanguage\":\"fr-FR\"},{\"@type\":\"Organization\",\"@id\":\"https:\\\/\\\/viajandodo.com\\\/fr\\\/#organization\",\"name\":\"Viajandodo\",\"url\":\"https:\\\/\\\/viajandodo.com\\\/fr\\\/\",\"logo\":{\"@type\":\"ImageObject\",\"inLanguage\":\"fr-FR\",\"@id\":\"https:\\\/\\\/viajandodo.com\\\/fr\\\/#\\\/schema\\\/logo\\\/image\\\/\",\"url\":\"https:\\\/\\\/viajandodo.com\\\/wp-content\\\/uploads\\\/2018\\\/11\\\/Lourdesperez920_AC05a_R2A.png\",\"contentUrl\":\"https:\\\/\\\/viajandodo.com\\\/wp-content\\\/uploads\\\/2018\\\/11\\\/Lourdesperez920_AC05a_R2A.png\",\"width\":773,\"height\":696,\"caption\":\"Viajandodo\"},\"image\":{\"@id\":\"https:\\\/\\\/viajandodo.com\\\/fr\\\/#\\\/schema\\\/logo\\\/image\\\/\"},\"sameAs\":[\"https:\\\/\\\/www.facebook.com\\\/blogviajandodo\",\"https:\\\/\\\/x.com\\\/viajandodoblog\",\"https:\\\/\\\/www.instagram.com\\\/viajandodo\\\/\",\"https:\\\/\\\/www.pinterest.fr\\\/viajandodo\\\/_saved\\\/\",\"https:\\\/\\\/www.youtube.com\\\/channel\\\/UCGPxkIYb95n4itoCtEsTnlg\"]}]}<\/script>\n<!-- \/ Yoast SEO plugin. -->","yoast_head_json":{"title":"Silla Coche Plegable Maxi-Cosi - Viajandodo","description":"Silla Coche Plegable","robots":{"index":"index","follow":"follow","max-snippet":"max-snippet:-1","max-image-preview":"max-image-preview:large","max-video-preview":"max-video-preview:-1"},"canonical":"https:\/\/viajandodo.com\/fr\/producto\/silla-coche-plegable-maxi-cosi\/","og_locale":"fr_FR","og_type":"article","og_title":"Silla Coche Plegable Maxi-Cosi - Viajandodo","og_description":"Silla Coche Plegable","og_url":"https:\/\/viajandodo.com\/fr\/producto\/silla-coche-plegable-maxi-cosi\/","og_site_name":"Viajandodo","article_publisher":"https:\/\/www.facebook.com\/blogviajandodo","article_modified_time":"2026-02-03T12:25:38+00:00","og_image":[{"width":938,"height":1500,"url":"https:\/\/viajandodo.com\/wp-content\/uploads\/2026\/02\/Silla-auto-viaje-bebe.jpg","type":"image\/jpeg"}],"twitter_misc":{"Dur\u00e9e de lecture estim\u00e9e":"1 minute"},"schema":{"@context":"https:\/\/schema.org","@graph":[{"@type":"WebPage","@id":"https:\/\/viajandodo.com\/fr\/producto\/silla-coche-plegable-maxi-cosi\/","url":"https:\/\/viajandodo.com\/fr\/producto\/silla-coche-plegable-maxi-cosi\/","name":"Silla Coche Plegable Maxi-Cosi - Viajandodo","isPartOf":{"@id":"https:\/\/viajandodo.com\/fr\/#website"},"primaryImageOfPage":{"@id":"https:\/\/viajandodo.com\/fr\/producto\/silla-coche-plegable-maxi-cosi\/#primaryimage"},"image":{"@id":"https:\/\/viajandodo.com\/fr\/producto\/silla-coche-plegable-maxi-cosi\/#primaryimage"},"thumbnailUrl":"https:\/\/viajandodo.com\/wp-content\/uploads\/2026\/02\/Silla-auto-viaje-bebe.jpg","datePublished":"2026-02-03T12:23:37+00:00","dateModified":"2026-02-03T12:25:38+00:00","description":"Silla Coche Plegable","breadcrumb":{"@id":"https:\/\/viajandodo.com\/fr\/producto\/silla-coche-plegable-maxi-cosi\/#breadcrumb"},"inLanguage":"fr-FR","potentialAction":[{"@type":"ReadAction","target":["https:\/\/viajandodo.com\/fr\/producto\/silla-coche-plegable-maxi-cosi\/"]}]},{"@type":"ImageObject","inLanguage":"fr-FR","@id":"https:\/\/viajandodo.com\/fr\/producto\/silla-coche-plegable-maxi-cosi\/#primaryimage","url":"https:\/\/viajandodo.com\/wp-content\/uploads\/2026\/02\/Silla-auto-viaje-bebe.jpg","contentUrl":"https:\/\/viajandodo.com\/wp-content\/uploads\/2026\/02\/Silla-auto-viaje-bebe.jpg","width":938,"height":1500},{"@type":"BreadcrumbList","@id":"https:\/\/viajandodo.com\/fr\/producto\/silla-coche-plegable-maxi-cosi\/#breadcrumb","itemListElement":[{"@type":"ListItem","position":1,"name":"Portada","item":"https:\/\/viajandodo.com\/fr\/"},{"@type":"ListItem","position":2,"name":"Boutique","item":"https:\/\/viajandodo.com\/fr\/boutique\/"},{"@type":"ListItem","position":3,"name":"Silla Coche Plegable Maxi-Cosi"}]},{"@type":"WebSite","@id":"https:\/\/viajandodo.com\/fr\/#website","url":"https:\/\/viajandodo.com\/fr\/","name":"Viajandodo","description":"Un blog de viajes en familia","publisher":{"@id":"https:\/\/viajandodo.com\/fr\/#organization"},"potentialAction":[{"@type":"SearchAction","target":{"@type":"EntryPoint","urlTemplate":"https:\/\/viajandodo.com\/fr\/?s={search_term_string}"},"query-input":{"@type":"PropertyValueSpecification","valueRequired":true,"valueName":"search_term_string"}}],"inLanguage":"fr-FR"},{"@type":"Organization","@id":"https:\/\/viajandodo.com\/fr\/#organization","name":"Viajandodo","url":"https:\/\/viajandodo.com\/fr\/","logo":{"@type":"ImageObject","inLanguage":"fr-FR","@id":"https:\/\/viajandodo.com\/fr\/#\/schema\/logo\/image\/","url":"https:\/\/viajandodo.com\/wp-content\/uploads\/2018\/11\/Lourdesperez920_AC05a_R2A.png","contentUrl":"https:\/\/viajandodo.com\/wp-content\/uploads\/2018\/11\/Lourdesperez920_AC05a_R2A.png","width":773,"height":696,"caption":"Viajandodo"},"image":{"@id":"https:\/\/viajandodo.com\/fr\/#\/schema\/logo\/image\/"},"sameAs":["https:\/\/www.facebook.com\/blogviajandodo","https:\/\/x.com\/viajandodoblog","https:\/\/www.instagram.com\/viajandodo\/","https:\/\/www.pinterest.fr\/viajandodo\/_saved\/","https:\/\/www.youtube.com\/channel\/UCGPxkIYb95n4itoCtEsTnlg"]}]}},"meta_box":[],"_links":{"self":[{"href":"https:\/\/viajandodo.com\/fr\/wp-json\/wp\/v2\/product\/37857","targetHints":{"allow":["GET"]}}],"collection":[{"href":"https:\/\/viajandodo.com\/fr\/wp-json\/wp\/v2\/product"}],"about":[{"href":"https:\/\/viajandodo.com\/fr\/wp-json\/wp\/v2\/types\/product"}],"wp:featuredmedia":[{"embeddable":true,"href":"https:\/\/viajandodo.com\/fr\/wp-json\/wp\/v2\/media\/37858"}],"wp:attachment":[{"href":"https:\/\/viajandodo.com\/fr\/wp-json\/wp\/v2\/media?parent=37857"}],"wp:term":[{"taxonomy":"product_brand","embeddable":true,"href":"https:\/\/viajandodo.com\/fr\/wp-json\/wp\/v2\/product_brand?post=37857"},{"taxonomy":"product_cat","embeddable":true,"href":"https:\/\/viajandodo.com\/fr\/wp-json\/wp\/v2\/product_cat?post=37857"},{"taxonomy":"product_tag","embeddable":true,"href":"https:\/\/viajandodo.com\/fr\/wp-json\/wp\/v2\/product_tag?post=37857"}],"curies":[{"name":"wp","href":"https:\/\/api.w.org\/{rel}","templated":true}]}}